{"id":53540,"date":"2023-11-20T12:39:05","date_gmt":"2023-11-20T11:39:05","guid":{"rendered":"https:\/\/eriacomponentes.es\/comprar\/emissor-termico-wifi-incorporado-975w-13-elementos-lpd13-farho\/"},"modified":"2023-11-20T12:39:05","modified_gmt":"2023-11-20T11:39:05","slug":"emissor-termico-wifi-incorporado-975w-13-elementos-lpd13-farho","status":"publish","type":"product","link":"https:\/\/eriacomponentes.es\/pt-pt\/comprar\/emissor-termico-wifi-incorporado-975w-13-elementos-lpd13-farho\/","title":{"rendered":"EMISSOR T\u00c9RMICO WIFI INCORPORADO 975W 13 ELEMENTOS LPD13 FARHO"},"content":{"rendered":"<h2>DESCRI\u00c7\u00c3O EMISSOR T\u00c9RMICO WIFI INCORPORADO 975W 13 ELEMENTOS LPD13 FARHO.<\/h2>\n<p><strong>Radiador<\/strong> el\u00e9trico <strong>Farho LPD13<\/strong> s\u00e9rie <strong>LPD13<\/strong> branco 13 m\u00f3dulos 975W.<\/p>\n<p>Emissores de baixo perfil com 350 mm de altura, perfeitos para instala\u00e7\u00e3o sob grandes janelas ou tectos inclinados.<\/p>\n<p>O <strong>emissor de fluido<\/strong> <strong>Farho<\/strong> <strong>LPD<\/strong> permite uma programa\u00e7\u00e3o di\u00e1ria e semanal. Este modelo \u00e9 capaz de combinar um elevado desempenho com a facilidade de utiliza\u00e7\u00e3o atrav\u00e9s de um menu intuitivo. Este modelo permite regular a temperatura em at\u00e9 seis fases para cada dia da semana, de modo a que o emissor funcione e aque\u00e7a a divis\u00e3o quando o utilizador desejar. Al\u00e9m disso, a tecnologia de sonda dupla, desenvolvida para este modelo, permite uma leitura precisa da temperatura ambiente, garantindo assim um consumo \u00f3timo de energia.<\/p>\n<p>Os utilizadores avan\u00e7ados que procuram otimizar o desempenho do seu sistema de aquecimento poder\u00e3o controlar o modelo <strong>LPD Low Profile<\/strong> gra\u00e7as aos m\u00f3dulos de dom\u00f3tica <strong>Farho<\/strong> equipados com controlo de radiofrequ\u00eancia de \u00faltima gera\u00e7\u00e3o e \u00e0 aplica\u00e7\u00e3o gratuita <strong>Farho<\/strong> Control.<\/p>\n<p>Term\u00f3stato digital que permite a programa\u00e7\u00e3o di\u00e1ria e semanal da temperatura at\u00e9 6 sec\u00e7\u00f5es para cada dia de forma independente.<\/p>\n<p>Os emissores <strong>Digital Low Profile<\/strong> s\u00e3o ideais para instala\u00e7\u00e3o sob janelas ou em \u00e1reas de s\u00f3t\u00e3o, uma vez que t\u00eam uma altura de 350 mm. Este modelo permite o controlo digital da temperatura, bem como a possibilidade de ativar hor\u00e1rios para ajustar a temperatura dos quartos \u00e0s necessidades dos clientes.<\/p>\n<p>Com uma garantia de 10 anos.<\/p>\n<h5><span style=\"font-size: 16px;\">Fabricante : <\/span><a style=\"font-size: 16px;\" href=\"https:\/\/www.farho.com\/\" target=\"_blank\" rel=\"noopener\">Farho.<\/a><\/h5>\n<h2><strong>CARACTER\u00cdSTICAS T\u00c9CNICAS<\/strong><\/h2>\n<ul>\n<li>Ideal para espa\u00e7os com pouca altura, uma vez que mede apenas 350 mm.<\/li>\n<li>Term\u00f3stato digital e dom\u00f3tica que permite a programa\u00e7\u00e3o di\u00e1ria e semanal da temperatura at\u00e9 6 sec\u00e7\u00f5es para cada dia de forma independente.<\/li>\n<li>Program\u00e1vel gra\u00e7as \u00e0s solu\u00e7\u00f5es de dom\u00f3tica e \u00e0 nossa <a href=\"https:\/\/www.farho.com\/farho-app\/\" target=\"_blank\" rel=\"noopener\">aplica\u00e7\u00e3o<\/a> gratuita.<\/li>\n<li>Bateria \u00fanica de 5 anos para manter a hora e a programa\u00e7\u00e3o.<\/li>\n<li>Pot\u00eancia de 675 W &#8211; 75W por elemento .<\/li>\n<li>Elementos \u00edmpares: 9 elementos.<\/li>\n<li>Interruptor de corte geral n\u00e3o luminoso.<\/li>\n<li>Limitador t\u00e9rmico de seguran\u00e7a.<\/li>\n<li>Carenagem lateral dupla.<\/li>\n<li>Sonda dupla, eletr\u00f3nica e NTC.<\/li>\n<li>Instala\u00e7\u00e3o f\u00e1cil.<\/li>\n<li>Cabo de alimenta\u00e7\u00e3o de 1,50 m com ficha<\/li>\n<li>Computador port\u00e1til com<a href=\"https:\/\/www.farho.com\/producto\/juego-de-ruedas-de-acero-negras-4-ruedas-para-radiadores-electricos-farho\/\" target=\"_blank\" rel=\"noopener\"> rodas<\/a> (opcional, vendido separadamente)<\/li>\n<li>Kit de suporte met\u00e1lico inclu\u00eddo, para pendurar o transmissor na parede.<\/li>\n<li>Controlado atrav\u00e9s da APP Farho apenas com WIFI<\/li>\n<li>Chassis em alum\u00ednio fundido sob press\u00e3o com acabamento em ep\u00f3xi branco, resistente \u00e0s intemp\u00e9ries e \u00e0 corros\u00e3o.<\/li>\n<li>Resist\u00eancia el\u00e9ctrica blindada de 1&#8243;, constru\u00edda em tubo de a\u00e7o inoxid\u00e1vel AISI-304 com baixo consumo e m\u00e1ximo desempenho t\u00e9rmico.<\/li>\n<li>Fluido de transfer\u00eancia de calor a alta temperatura FARHOIL. Resist\u00eancia de -40\u00baC a 330\u00baC. com elevada condutividade t\u00e9rmica e baixa press\u00e3o de vapor. Especialmente desenvolvido para obter o m\u00e1ximo rendimento dos emissores t\u00e9rmicos FARHO.<\/li>\n<li>Geolocaliza\u00e7\u00e3o.<\/li>\n<li>Compat\u00edvel com Alexa.<\/li>\n<li>Fun\u00e7\u00e3o BOOST. Permite activ\u00e1-lo na pot\u00eancia m\u00e1xima durante 2 horas.<\/li>\n<li>Liga\u00e7\u00e3o MESH.<\/li>\n<li>Bloqueio do modo de hotel.<\/li>\n<li>Historial de consumo.<\/li>\n<\/ul>\n<p>&nbsp;<\/p>\n<table class=\"woocommerce-product-attributes shop_attributes\">\n<tbody>\n<tr class=\"woocommerce-product-attributes-item woocommerce-product-attributes-item--weight\">\n<th class=\"woocommerce-product-attributes-item__label\">Peso<\/th>\n<td class=\"woocommerce-product-attributes-item__value\">18,12 kg<\/td>\n<\/tr>\n<tr class=\"woocommerce-product-attributes-item woocommerce-product-attributes-item--attribute_tama%c3%b1o\">\n<th class=\"woocommerce-product-attributes-item__label\">Tamanho<\/th>\n<td class=\"woocommerce-product-attributes-item__value\">1.117 x 350 x 95 (mm)<\/td>\n<\/tr>\n<tr class=\"woocommerce-product-attributes-item woocommerce-product-attributes-item--attribute_material\">\n<th class=\"woocommerce-product-attributes-item__label\">Material<\/th>\n<td class=\"woocommerce-product-attributes-item__value\">Alum\u00ednio<\/td>\n<\/tr>\n<tr class=\"woocommerce-product-attributes-item woocommerce-product-attributes-item--attribute_color\">\n<th class=\"woocommerce-product-attributes-item__label\">Cor<\/th>\n<td class=\"woocommerce-product-attributes-item__value\">Branco<\/td>\n<\/tr>\n<tr class=\"woocommerce-product-attributes-item woocommerce-product-attributes-item--attribute_tipo-de-termostato\">\n<th class=\"woocommerce-product-attributes-item__label\">Tipo de term\u00f3stato<\/th>\n<td class=\"woocommerce-product-attributes-item__value\">Term\u00f3stato digital temporizado program\u00e1vel com Wi-Fi integrado.<\/td>\n<\/tr>\n<tr class=\"woocommerce-product-attributes-item woocommerce-product-attributes-item--attribute_n%c3%bam-de-elementos\">\n<th class=\"woocommerce-product-attributes-item__label\">N.\u00ba de elementos<\/th>\n<td class=\"woocommerce-product-attributes-item__value\">13<\/td>\n<\/tr>\n<tr class=\"woocommerce-product-attributes-item woocommerce-product-attributes-item--attribute_componentes-incluidos\">\n<th class=\"woocommerce-product-attributes-item__label\">Pot\u00eancia<\/th>\n<td class=\"woocommerce-product-attributes-item__value\">975W<\/td>\n<\/tr>\n<\/tbody>\n<\/table>\n<p>&nbsp;<\/p>\n<p><a href=\"https:\/\/www.farho.com\/calculo-de-calefaccion\/\" target=\"_blank\" rel=\"noopener\">C\u00e1lculo do aquecimento.<\/a><\/p>\n<p>Se precisar de <a href=\"https:\/\/eriacomponentes.es\/comprar-online\/climatizacion\/emisor-termico\/\">emissores t\u00e9rmicos<\/a> diferentes, visite a nossa sec\u00e7\u00e3o.<\/p>\n","protected":false},"excerpt":{"rendered":"<p><strong>Emissor t\u00e9rmico com Wifi incorporado LPD13 Farho.<\/strong><\/p>\n<h4><em><strong>Especifica\u00e7\u00f5es t\u00e9cnicas<\/strong><\/em><\/h4>\n<table style=\"width: 165px; height: 62px;\">\n<tbody>\n<tr>\n<th style=\"text-align: center;\"><a href=\"https:\/\/eriacomponentes.es\/wp-content\/uploads\/2023\/11\/LPD_-ficha-tecnica.pdf\" target=\"_blank\" rel=\"noopener\">[icon color=\"Extra-Color-1\" size=\"regular\" icon_size=\"\" image=\"fa-file-pdf-o\"]  F.T.<\/a><\/th>\n<\/tr>\n<\/tbody>\n<\/table>\n<p>&nbsp;<\/p>\n","protected":false},"featured_media":53541,"comment_status":"open","ping_status":"closed","template":"","meta":[],"product_brand":[],"product_cat":[4831,4257],"product_tag":[4832],"class_list":{"0":"post-53540","1":"product","2":"type-product","3":"status-publish","4":"has-post-thumbnail","6":"product_cat-emissor-termico","7":"product_cat-ar-condicionado","8":"product_tag-farho-pt-pt","9":"product_shipping_class-gratis-pt-pt","10":"pa_fabricante-farho-pt-pt","12":"first","13":"instock","14":"taxable","15":"shipping-taxable","16":"purchasable","17":"product-type-simple"},"_links":{"self":[{"href":"https:\/\/eriacomponentes.es\/pt-pt\/wp-json\/wp\/v2\/product\/53540","targetHints":{"allow":["GET"]}}],"collection":[{"href":"https:\/\/eriacomponentes.es\/pt-pt\/wp-json\/wp\/v2\/product"}],"about":[{"href":"https:\/\/eriacomponentes.es\/pt-pt\/wp-json\/wp\/v2\/types\/product"}],"replies":[{"embeddable":true,"href":"https:\/\/eriacomponentes.es\/pt-pt\/wp-json\/wp\/v2\/comments?post=53540"}],"wp:featuredmedia":[{"embeddable":true,"href":"https:\/\/eriacomponentes.es\/pt-pt\/wp-json\/wp\/v2\/media\/53541"}],"wp:attachment":[{"href":"https:\/\/eriacomponentes.es\/pt-pt\/wp-json\/wp\/v2\/media?parent=53540"}],"wp:term":[{"taxonomy":"product_brand","embeddable":true,"href":"https:\/\/eriacomponentes.es\/pt-pt\/wp-json\/wp\/v2\/product_brand?post=53540"},{"taxonomy":"product_cat","embeddable":true,"href":"https:\/\/eriacomponentes.es\/pt-pt\/wp-json\/wp\/v2\/product_cat?post=53540"},{"taxonomy":"product_tag","embeddable":true,"href":"https:\/\/eriacomponentes.es\/pt-pt\/wp-json\/wp\/v2\/product_tag?post=53540"}],"curies":[{"name":"wp","href":"https:\/\/api.w.org\/{rel}","templated":true}]}}