{"id":49061,"date":"2023-03-29T11:31:18","date_gmt":"2023-03-29T09:31:18","guid":{"rendered":"https:\/\/eriacomponentes.es\/?post_type=product&#038;p=49061"},"modified":"2023-05-04T14:11:04","modified_gmt":"2023-05-04T12:11:04","slug":"diferencial-magnetotermico-a9de2620","status":"publish","type":"product","link":"https:\/\/eriacomponentes.es\/pt-pt\/comprar\/diferencial-magnetotermico-a9de2620\/","title":{"rendered":"DIFERENCIAL MAGNETOTERMICO1P+N 20A 30mA AC A9DE2620 SCHNEIDER"},"content":{"rendered":"<h2><strong>DESCRIPCI\u00d3N DIFERENCIAL MAGNETOTERMICO1P+N 20A 30mA AC A9DE2620 SCHNEIDER.<\/strong><\/h2>\n<p>Interruptor Diferencial Magnetot\u00e9rmico con protecci\u00f3n contra sobre corriente de la gama Acti 9 iCV40. De 20 Amperios y 30 miliamperios AC.<\/p>\n<p>Excelente\u00a0protecci\u00f3n combinada de Schneider Electric de la nueva gama iCV40, de 1 polo m\u00e1s neutro y 30 mA\u00a0de sensibilidad de clase AC.<\/p>\n<p>La gama\u00a0empieza en 10 amperios y termina en 40, por lo que tenemos cubierta todas las necesidades posibles.<\/p>\n<p>Este tipo de protecci\u00f3n combinada,\u00a0se suele montar en sitios donde no tenemos mucho espacio, o en l\u00edneas en las que queremos tener protecci\u00f3n magnetot\u00e9rmica y diferencial independiente, como puede ser el caso de l\u00edneas a puestos inform\u00e1ticos, o elementos sensibles.<\/p>\n<p>En caso de alimentar varios iCV40, se pueden alimentar por la parte superior con un peine del tipo DPN sin problemas.<\/p>\n<p>La secci\u00f3n m\u00e1xima de cable en sus bornas es de\u00a010 mm2 en flexible y 16 en r\u00edgido, recomendando una longitud de pelado m\u00e1ximo de 14 mm y par de apriete de 2 N.m.<\/p>\n<p>El iCV40, tiene dos manetas independientes, una para los defectos magnetot\u00e9rmicos y la otra para defectos diferenciales, los cuales quedan reflejados por el VisiTrip.<\/p>\n<p>Al igual que el resto de protecciones de Schneider, recalcamos que el neutro se monta a la izquierda de la protecci\u00f3n, recomendando que la alimentaci\u00f3n se realice por la parte superior, y la salida por la inferior.<\/p>\n<p>Pese a la extraordinaria calidad del iCV40, tiene una relaci\u00f3n calidad precio muy buena, evitando de esta forma un sobrecoste alto con respecto a las protecciones tradicionales.<\/p>\n<p>Por otro lado, siempre que manipulemos una protecci\u00f3n el\u00e9ctrica, es necesario asegurarnos que no existe tensi\u00f3n en el cuadro, evitando de esa forma posibles accidentes, los cuales pueden tener unas consecuencias desastrosas tanto en lo material, o lo que es peor, en lo personal.<\/p>\n<p><strong>Marca:<\/strong> <a href=\"https:\/\/www.se.com\/es\/es\/\" target=\"_blank\" rel=\"noopener noreferrer\">Schneider<\/a>.<\/p>\n<h2><strong>CARACTER\u00cdSTICAS T\u00c9CNICAS<\/strong><\/h2>\n<table class=\"table table-striped\" style=\"height: 321px;\" width=\"486\">\n<thead>\n<tr>\n<th colspan=\"2\">\n<h3>A9DE2620<\/h3>\n<\/th>\n<\/tr>\n<\/thead>\n<tbody>\n<tr>\n<td>Ancho por polo<\/td>\n<td class=\"text-right\">18 mm.<\/td>\n<\/tr>\n<tr>\n<td>Clase<\/td>\n<td class=\"text-right\">Clase AC<\/td>\n<\/tr>\n<tr>\n<td>Curva de disparo<\/td>\n<td class=\"text-right\">Curva C<\/td>\n<\/tr>\n<tr>\n<td>Intensidad<\/td>\n<td class=\"text-right\">20 A<\/td>\n<\/tr>\n<tr>\n<td>N\u00famero de elementos<\/td>\n<td class=\"text-right\">2<\/td>\n<\/tr>\n<tr>\n<td>Poder de corte<\/td>\n<td class=\"text-right\">6 KA<\/td>\n<\/tr>\n<tr>\n<td>Polos<\/td>\n<td class=\"text-right\">1P+N<\/td>\n<\/tr>\n<tr>\n<td>Sensibilidad<\/td>\n<td class=\"text-right\">30 mA<\/td>\n<\/tr>\n<tr>\n<td>Cumple Normativa Marcado\u00a0<img decoding=\"async\" src=\"https:\/\/www.ilumitec.es\/images\/ce.gif\" alt=\"\">:<\/td>\n<td class=\"text-right\">S\u00ed<\/td>\n<\/tr>\n<\/tbody>\n<\/table>\n<p>&nbsp;<\/p>\n<p><iframe title=\"Discover Acti9 iC40 System | Schneider Electric\" width=\"1080\" height=\"608\" src=\"https:\/\/www.youtube.com\/embed\/NgJLxZVDc94?feature=oembed\" frameborder=\"0\" allow=\"accelerometer; autoplay; clipboard-write; encrypted-media; gyroscope; picture-in-picture; web-share\" allowfullscreen><\/iframe><\/p>\n<p>Si necesitas diferentes <a style=\"font-size: 16px;\" href=\"https:\/\/eriacomponentes.es\/comprar-online\/automaticos-diferenciales\/\">autom\u00e1ticos<\/a><span style=\"font-size: 16px;\">\u00a0visita nuestra secci\u00f3n de autom\u00e1ticos y diferenciales.<\/span><\/p>\n","protected":false},"excerpt":{"rendered":"<p><strong>Diferencial Magnetot\u00e9rmico 1P+N 20A 30mA AC A9DE2620 SCHNEIDER.<\/strong><\/p>\n<p><em><strong>Ficha T\u00e9cnica<\/strong><\/em><\/p>\n<table style=\"width: 165px; height: 62px;\">\n<tbody>\n<tr>\n<th style=\"text-align: center;\"><a href=\"https:\/\/eriacomponentes.es\/wp-content\/uploads\/2023\/03\/F.T.A9DE2620.pdf\" target=\"_blank\" rel=\"noopener\">[icon color=\"Extra-Color-1\" size=\"regular\" icon_size=\"\" image=\"fa-file-pdf-o\"] F.T.<\/a><\/th>\n<\/tr>\n<\/tbody>\n<\/table>\n","protected":false},"featured_media":49070,"comment_status":"open","ping_status":"closed","template":"","meta":[],"product_brand":[],"product_cat":[4131,4138],"product_tag":[4149],"class_list":{"0":"post-49061","1":"product","2":"type-product","3":"status-publish","4":"has-post-thumbnail","6":"product_cat-automatismos-e-diferenciais-pt-pt","7":"product_cat-residencial","8":"product_tag-schneider-pt-pt-2","9":"product_shipping_class-0-5-kg-pt-pt","10":"pa_fabricante-schneider-pt-pt","12":"first","13":"instock","14":"taxable","15":"shipping-taxable","16":"purchasable","17":"product-type-simple"},"_links":{"self":[{"href":"https:\/\/eriacomponentes.es\/pt-pt\/wp-json\/wp\/v2\/product\/49061","targetHints":{"allow":["GET"]}}],"collection":[{"href":"https:\/\/eriacomponentes.es\/pt-pt\/wp-json\/wp\/v2\/product"}],"about":[{"href":"https:\/\/eriacomponentes.es\/pt-pt\/wp-json\/wp\/v2\/types\/product"}],"replies":[{"embeddable":true,"href":"https:\/\/eriacomponentes.es\/pt-pt\/wp-json\/wp\/v2\/comments?post=49061"}],"wp:featuredmedia":[{"embeddable":true,"href":"https:\/\/eriacomponentes.es\/pt-pt\/wp-json\/wp\/v2\/media\/49070"}],"wp:attachment":[{"href":"https:\/\/eriacomponentes.es\/pt-pt\/wp-json\/wp\/v2\/media?parent=49061"}],"wp:term":[{"taxonomy":"product_brand","embeddable":true,"href":"https:\/\/eriacomponentes.es\/pt-pt\/wp-json\/wp\/v2\/product_brand?post=49061"},{"taxonomy":"product_cat","embeddable":true,"href":"https:\/\/eriacomponentes.es\/pt-pt\/wp-json\/wp\/v2\/product_cat?post=49061"},{"taxonomy":"product_tag","embeddable":true,"href":"https:\/\/eriacomponentes.es\/pt-pt\/wp-json\/wp\/v2\/product_tag?post=49061"}],"curies":[{"name":"wp","href":"https:\/\/api.w.org\/{rel}","templated":true}]}}