{"id":48891,"date":"2020-04-30T12:15:41","date_gmt":"2020-04-30T10:15:41","guid":{"rendered":"https:\/\/eriacomponentes.es\/comprar\/ar-condicionado-split-ar-condicionado-parede-inversor-asy71ui-kl-3ngf87035-fujitsu\/"},"modified":"2020-04-30T12:15:41","modified_gmt":"2020-04-30T10:15:41","slug":"ar-condicionado-3ngf87035-fujitsu","status":"publish","type":"product","link":"https:\/\/eriacomponentes.es\/pt-pt\/comprar\/ar-condicionado-3ngf87035-fujitsu\/","title":{"rendered":"AR CONDICIONADO SPLIT AR CONDICIONADO PAREDE INVERSOR ASY71UI KL 3NGF87035 FUJITSU"},"content":{"rendered":"<h2><strong>DESCRI\u00c7\u00c3O AR CONDICIONADO INVERSOR DE PAREDE DIVIDIDA ASY71UI KL 3NGF87035 FUJITSU .<\/strong><\/h2>\n<p>FUJITSU UI KL Ar Condicionado.<strong><br \/>\n<\/strong><\/p>\n<p>Sem d\u00favida, este equipamento \u00e9 o herdeiro da refer\u00eancia em termos da melhor rela\u00e7\u00e3o qualidade\/pre\u00e7o para a compra de um ar condicionado. A s\u00e9rie ASY UI KL \u00e9 a evolu\u00e7\u00e3o da s\u00e9rie UI LF, que foi equipada com o novo g\u00e1s refrigerante R-32.<\/p>\n<p>Os novos aparelhos de ar condicionado Fujitsu s\u00e9rie UI LF combinam tecnologia de ponta com est\u00e9tica e baixo consumo de energia, juntamente com o funcionamento com g\u00e1s refrigerante R32, tornando este aparelho de ar condicionado com bomba de calor uma escolha perfeita que combina economia de energia e efici\u00eancia.<\/p>\n<p><strong>Principais caracter\u00edsticas do aparelho de ar condicionado ASY 50 UI KL<\/strong><\/p>\n<p><strong>Modo de economia:<\/strong><\/p>\n<p>Ao limitar o consumo m\u00e1ximo de corrente, este modo consegue poupan\u00e7as de energia significativas.<\/p>\n<p><strong>Fun\u00e7\u00e3o PowerFull:<\/strong><\/p>\n<p>Precisa de arrefecer ou aquecer o seu quarto rapidamente? Com a fun\u00e7\u00e3o PowerFull incorporada neste aparelho de ar condicionado ASY 35 UI KP, este funcionar\u00e1 durante 20 minutos \u00e0 velocidade m\u00e1xima do compressor e com o m\u00e1ximo fluxo de ar, regressando ao funcionamento normal ap\u00f3s este tempo ter decorrido.<\/p>\n<p><strong>Ajuste autom\u00e1tico do caudal de ar:<\/strong><\/p>\n<p>No caso de qualquer varia\u00e7\u00e3o na temperatura da sala, por exemplo devido a um aumento do n\u00famero de pessoas, a entrada do sol, o ar condicionado Fujitsu ASY35UIKP ir\u00e1 detect\u00e1-lo, variando automaticamente o fluxo de ar para restaurar a sensa\u00e7\u00e3o de conforto.<\/p>\n<p><strong>Desligamento autom\u00e1tico:<\/strong><\/p>\n<p>Com esta fun\u00e7\u00e3o pode desligar automaticamente o seu ar condicionado Fujitsu ASY 35 UIKP ap\u00f3s um determinado per\u00edodo de funcionamento.<\/p>\n<p><strong>Calend\u00e1rio:<\/strong><\/p>\n<p>A partir do controlo remoto, \u00e9 poss\u00edvel programar o funcionamento di\u00e1rio do ar condicionado.<\/p>\n<p><strong>Envio do produto:<\/strong><\/p>\n<p>Refer\u00eancia <strong>ASY 50 UI KP<\/strong> \u00e9 o nome comercial que a Fujitsu d\u00e1 \u00e0 unidade interior e \u00e0 unidade exterior do aparelho de ar condicionado. Por conseguinte, quando receber a sua encomenda receber\u00e1 dois pacotes<\/p>\n<p>Fabricante: <a href=\"https:\/\/www.disfrutaelfujitsu.com\/\" target=\"_blank\" rel=\"noopener noreferrer\">Fujitsu<\/a>.<\/p>\n<h2><strong>CARACTER\u00cdSTICAS T\u00c9CNICAS<\/strong><\/h2>\n<ul>\n<li>Energia (Frig\/H): 6106.<\/li>\n<li>Energia em modo de aquecimento (Kcal\/H): 6880.<\/li>\n<li>Efici\u00eancia energ\u00e9tica: A+++.<\/li>\n<li>G\u00e1s refrigerante: R-32.<\/li>\n<li>Tens\u00e3o de alimenta\u00e7\u00e3o: 220 V.<\/li>\n<\/ul>\n<p>Se precisar de diferentes <a href=\"https:\/\/eriacomponentes.es\/comprar-online\/climatizacion\/aire-acondicionado\/\">aparelhos de ar condicionado<\/a>, visite a nossa sec\u00e7\u00e3o.<\/p>\n","protected":false},"excerpt":{"rendered":"<p><strong>  Fujitsu Inverter Split Wall Air Conditioner.<\/strong><\/p>\n<p><em><strong>Especifica\u00e7\u00f5es t\u00e9cnicas<\/strong><\/em><\/p>\n<table style=\"width: 165px; height: 62px;\">\n<tbody>\n<tr>\n<th style=\"text-align: center;\"><a href=\"https:\/\/eriacomponentes.es\/wp-content\/uploads\/2020\/04\/Ficha-Tecnica-ASY-UI-KL.pdf\" target=\"_blank\" rel=\"noopener noreferrer\">[icon color=\"Extra-Color-1\" size=\"regular\" icon_size=\"\" image=\"fa-file-pdf-o\"]  F.T.<\/a><\/th>\n<\/tr>\n<\/tbody>\n<\/table>\n<p>&nbsp;<\/p>\n","protected":false},"featured_media":39087,"comment_status":"open","ping_status":"closed","template":"","meta":[],"product_brand":[],"product_cat":[4257,4260],"product_tag":[],"class_list":{"0":"post-48891","1":"product","2":"type-product","3":"status-publish","4":"has-post-thumbnail","6":"product_cat-ar-condicionado","7":"product_cat-ar-condicionado-split-inverter","8":"product_shipping_class-gratis-pt-pt","10":"first","11":"instock","12":"taxable","13":"shipping-taxable","14":"purchasable","15":"product-type-simple"},"_links":{"self":[{"href":"https:\/\/eriacomponentes.es\/pt-pt\/wp-json\/wp\/v2\/product\/48891","targetHints":{"allow":["GET"]}}],"collection":[{"href":"https:\/\/eriacomponentes.es\/pt-pt\/wp-json\/wp\/v2\/product"}],"about":[{"href":"https:\/\/eriacomponentes.es\/pt-pt\/wp-json\/wp\/v2\/types\/product"}],"replies":[{"embeddable":true,"href":"https:\/\/eriacomponentes.es\/pt-pt\/wp-json\/wp\/v2\/comments?post=48891"}],"wp:featuredmedia":[{"embeddable":true,"href":"https:\/\/eriacomponentes.es\/pt-pt\/wp-json\/wp\/v2\/media\/39087"}],"wp:attachment":[{"href":"https:\/\/eriacomponentes.es\/pt-pt\/wp-json\/wp\/v2\/media?parent=48891"}],"wp:term":[{"taxonomy":"product_brand","embeddable":true,"href":"https:\/\/eriacomponentes.es\/pt-pt\/wp-json\/wp\/v2\/product_brand?post=48891"},{"taxonomy":"product_cat","embeddable":true,"href":"https:\/\/eriacomponentes.es\/pt-pt\/wp-json\/wp\/v2\/product_cat?post=48891"},{"taxonomy":"product_tag","embeddable":true,"href":"https:\/\/eriacomponentes.es\/pt-pt\/wp-json\/wp\/v2\/product_tag?post=48891"}],"curies":[{"name":"wp","href":"https:\/\/api.w.org\/{rel}","templated":true}]}}