{"id":48887,"date":"2023-03-06T11:51:24","date_gmt":"2023-03-06T10:51:24","guid":{"rendered":"https:\/\/eriacomponentes.es\/comprar\/diferencial-switch-id-k-4p-40a-30ma-a9z05440-schneider\/"},"modified":"2023-03-06T11:51:24","modified_gmt":"2023-03-06T10:51:24","slug":"diferencial-switch-a9z05440","status":"publish","type":"product","link":"https:\/\/eriacomponentes.es\/pt-pt\/comprar\/diferencial-switch-a9z05440\/","title":{"rendered":"DIFERENCIAL SWITCH ID-K 4P 40A 30mA A9Z05440 SCHNEIDER"},"content":{"rendered":"<h2><strong>DESCRI\u00c7\u00c3O DIFERENCIAL DIFERENCIAL SWITCH ID-K 4P 40A 30mA A9Z05440 SCHNEIDER.<\/strong><\/h2>\n<p>Interruptor diferencial RCCB RCCB da gama Acti 9 IK D constitu\u00eddo por 4 p\u00f3los. 40 Amps e 30 miliamperes. Classe de protec\u00e7\u00e3o contra fugas de terra AC.<\/p>\n<p>Disjuntor diferencial ID K, 4P, 40A, 30mA, classe AC. Protec\u00e7\u00e3o de fuga \u00e0 terra, posi\u00e7\u00e3o neutra \u00e0 esquerda, corrente nominal (In) 40 A, corrente alternada, sensibilidade de fuga \u00e0 terra 30 mA, atraso de protec\u00e7\u00e3o de fuga \u00e0 terra Instantaneamente. Capacidade nominal de quebra e fabrica\u00e7\u00e3o Im 500 A\/ Idm 500 A. Corrente condicional de curto-circuito Com gL63 : Inc 4,5 kA, com K60: Inc 6 kA. Normas EN 61008-1. R\u00f3tulos de qualidade VDE.<\/p>\n<p>Este disjuntor de terra \u00e9 utilizado para proteger as pessoas que se encontram no interior da instala\u00e7\u00e3o. S\u00e3o desencadeadas quando h\u00e1 uma falha. Grau de protec\u00e7\u00e3o IP20 e IP40. R\u00f3tulos de qualidade VDE e OVE. Produto verde Premium e sem merc\u00fario. Declara\u00e7\u00e3o RoHS da UE e Declara\u00e7\u00e3o REACh.<\/p>\n<p><strong>Marca:<\/strong> <a href=\"https:\/\/www.se.com\/es\/es\/\" target=\"_blank\" rel=\"noopener noreferrer\">Schneider<\/a>.<\/p>\n<h2><strong>CARACTER\u00cdSTICAS T\u00c9CNICAS<\/strong><\/h2>\n<table class=\"table table-bordered table-condensed\">\n<tbody>\n<tr class=\"\">\n<th class=\"name\">Sensibilidade do gatilho<\/th>\n<td class=\"value\">30 mA<\/td>\n<\/tr>\n<tr class=\"\">\n<th class=\"name\">Gama<\/th>\n<td class=\"value\">Acti 9<\/td>\n<\/tr>\n<tr class=\"\">\n<th class=\"name\">Degraus de 9mm (meio m\u00f3dulo)<\/th>\n<td class=\"value\">8<\/td>\n<\/tr>\n<tr class=\"\">\n<th class=\"name\">Tipo de produto ou componente<\/th>\n<td class=\"value\">Disjuntor de Corrente Residual (RCCB)<\/td>\n<\/tr>\n<tr class=\"\">\n<th class=\"name\">Corrente nominal<\/th>\n<td class=\"value\">40 A<\/td>\n<\/tr>\n<tr class=\"\">\n<th class=\"name\">Classe de protec\u00e7\u00e3o diferencial<\/th>\n<td class=\"value\">Classe AC<\/td>\n<\/tr>\n<\/tbody>\n<\/table>\n<p>Se precisar de <a style=\"font-size: 16px;\" href=\"https:\/\/eriacomponentes.es\/comprar-online\/automaticos-diferenciales\/\">automatismos<\/a>,<span style=\"font-size: 16px;\"> visite a nossa sec\u00e7\u00e3o de automatismos e diferenciais<\/span>.<\/p>\n","protected":false},"excerpt":{"rendered":"<p><strong>Interruptor Diferencial ID-K 4P 40A 30mA A9Z05440 SCHNEIDER.<\/strong><\/p>\n<p><strong> <\/strong><em><strong>Especifica\u00e7\u00f5es t\u00e9cnicas<\/strong><\/em><\/p>\n<table style=\"width: 165px; height: 62px;\">\n<tbody>\n<tr>\n<th style=\"text-align: center;\"><a href=\"https:\/\/eriacomponentes.es\/wp-content\/uploads\/2023\/03\/F.T.A9Z05440.pdf\" target=\"_blank\" rel=\"noopener\">[icon color=\"Extra-Color-1\" size=\"regular\" icon_size=\"\" image=\"fa-file-pdf-o\"]  F.T.<\/a><\/th>\n<\/tr>\n<\/tbody>\n<\/table>\n","protected":false},"featured_media":48171,"comment_status":"open","ping_status":"closed","template":"","meta":[],"product_brand":[],"product_cat":[4131,4138],"product_tag":[4149],"class_list":{"0":"post-48887","1":"product","2":"type-product","3":"status-publish","4":"has-post-thumbnail","6":"product_cat-automatismos-e-diferenciais-pt-pt","7":"product_cat-residencial","8":"product_tag-schneider-pt-pt-2","9":"product_shipping_class-0-5-kg-pt-pt","10":"pa_fabricante-schneider-pt-pt","12":"first","13":"instock","14":"taxable","15":"shipping-taxable","16":"purchasable","17":"product-type-simple"},"_links":{"self":[{"href":"https:\/\/eriacomponentes.es\/pt-pt\/wp-json\/wp\/v2\/product\/48887","targetHints":{"allow":["GET"]}}],"collection":[{"href":"https:\/\/eriacomponentes.es\/pt-pt\/wp-json\/wp\/v2\/product"}],"about":[{"href":"https:\/\/eriacomponentes.es\/pt-pt\/wp-json\/wp\/v2\/types\/product"}],"replies":[{"embeddable":true,"href":"https:\/\/eriacomponentes.es\/pt-pt\/wp-json\/wp\/v2\/comments?post=48887"}],"wp:featuredmedia":[{"embeddable":true,"href":"https:\/\/eriacomponentes.es\/pt-pt\/wp-json\/wp\/v2\/media\/48171"}],"wp:attachment":[{"href":"https:\/\/eriacomponentes.es\/pt-pt\/wp-json\/wp\/v2\/media?parent=48887"}],"wp:term":[{"taxonomy":"product_brand","embeddable":true,"href":"https:\/\/eriacomponentes.es\/pt-pt\/wp-json\/wp\/v2\/product_brand?post=48887"},{"taxonomy":"product_cat","embeddable":true,"href":"https:\/\/eriacomponentes.es\/pt-pt\/wp-json\/wp\/v2\/product_cat?post=48887"},{"taxonomy":"product_tag","embeddable":true,"href":"https:\/\/eriacomponentes.es\/pt-pt\/wp-json\/wp\/v2\/product_tag?post=48887"}],"curies":[{"name":"wp","href":"https:\/\/api.w.org\/{rel}","templated":true}]}}