{"id":48877,"date":"2023-02-27T11:10:41","date_gmt":"2023-02-27T10:10:41","guid":{"rendered":"https:\/\/eriacomponentes.es\/comprar\/rccb-iid-2-pole-40a-30ma-classe-a-is-diferencial-switch-a9r61240-schneider\/"},"modified":"2023-02-27T11:10:41","modified_gmt":"2023-02-27T10:10:41","slug":"interruptor-diferencial-a9r61240","status":"publish","type":"product","link":"https:\/\/eriacomponentes.es\/pt-pt\/comprar\/interruptor-diferencial-a9r61240\/","title":{"rendered":"RCCB-IID 2-POLE 40A 30mA CLASSE A-IS DIFERENCIAL SWITCH A9R61240 SCHNEIDER"},"content":{"rendered":"<h2><strong>DIFERENCIAL DESCRI\u00c7\u00c3O SWITCH RCCB-IID 2 POLES 40A 30mA CLASS-A-SI A9R61240 SCHNEIDER.<\/strong><\/h2>\n<p><strong>Schneider A9R61240<\/strong> 2-p\u00f3los 40A tipo A-SI <strong>diferencial super-imunizado<\/strong>.<\/p>\n<p>Disjuntor de corrente residual iID, 2P, 40A, 30mA, classe A SI, IP20, 50\/60 Hz, posi\u00e7\u00e3o de neutro esquerdo, atraso de tempo instant\u00e2neo de protec\u00e7\u00e3o contra fugas de terra, controlo do punho, indicador de disparo, montagem de pente remov\u00edvel instalado, montagem em trilho DIN, 14mm de comprimento de cabo nu (superior ou inferior), 91x36x73,5mm, 0,21kg, Branco. Normas: PT 61008-1, IEC 61008-1.<\/p>\n<p>\u00c9 actualmente um dos melhores spreads Super Imunizados do mercado.<br \/>\nModelo do dispositivo: IID.<br \/>\nN\u00famero de p\u00f3los: 2.<br \/>\nPosi\u00e7\u00e3o neutra do p\u00f3lo: esquerda.<br \/>\nCorrente nominal: 40 A.<br \/>\nRede do tipo AC.<br \/>\nSensibilidade: 30mA.<br \/>\nAtraso no tempo de protec\u00e7\u00e3o contra fugas de terra: instant\u00e2neo.<br \/>\nClasse ASI.<br \/>\nCapacidade de fecho e de corte avaliada em: Im 1500 A. Idm 1500 A.<br \/>\nCorrente condicional de curto-circuito: 10 kA<\/p>\n<p>Os <strong>dispositivos de corrente residual superimunizada<\/strong> asseguram um funcionamento correcto e adequado em caso de problemas que estejam presentes em sistemas de distribui\u00e7\u00e3o de baixa tens\u00e3o, tais como: redes perturbadas por sobretens\u00f5es atmosf\u00e9ricas (raios), arranque de motores, picos de pot\u00eancia elevados, n\u00edveis elevados de componentes harm\u00f3nicos, entre outros.<\/p>\n<p>As <strong>protec\u00e7\u00f5es diferenciais<\/strong> s\u00e3o agora reconhecidas em todo o mundo como um m\u00e9todo eficiente e seguro de assegurar a protec\u00e7\u00e3o das pessoas contra os <em>riscos de corrente el\u00e9ctrica<\/em> resultantes do contacto directo ou indirecto.<\/p>\n<p>No caso de desejarmos instalar uma protec\u00e7\u00e3o contra fugas de terra, devemos ter em conta os problemas que est\u00e3o presentes nas instala\u00e7\u00f5es el\u00e9ctricas, uma vez que n\u00e3o considerar o tipo de carga pode influenciar e afectar directamente o funcionamento da fuga de terra que instalamos.<\/p>\n<p>Com eles, podemos evitar perdas nas empresas devido a <strong>trope\u00e7os prematuros<\/strong> por falta de continuidade de servi\u00e7o; e mais importante ainda, pode desactivar o diferencial e, portanto, p\u00f4r em perigo a vida de um ser humano.<\/p>\n<p>Os interruptores diferenciais, para instala\u00e7\u00e3o em quadros el\u00e9ctricos montados em trilhos DIN, s\u00e3o <strong>especialmente concebidos para a protec\u00e7\u00e3o de pessoas<\/strong> e receptores el\u00e9ctricos em caso de falhas de isolamento.<\/p>\n<p>S\u00e3o dispositivos aut\u00f3nomos que n\u00e3o est\u00e3o mecanicamente associados a qualquer dispositivo de corte, pois s\u00e3o capazes de interromper a alimenta\u00e7\u00e3o de corrente que circula no circuito por meio do seu pr\u00f3prio sistema de corte.<\/p>\n<p><strong>Marca:<\/strong> <a href=\"https:\/\/www.se.com\/es\/es\/\" target=\"_blank\" rel=\"noopener noreferrer\">Schneider<\/a>.<\/p>\n<div>\n<div class=\"ProductCardContent__all-attributes-wrapper ProductCardContent__all-attributes-wrapper--columns\">\n<h2><strong>CARACTER\u00cdSTICAS T\u00c9CNICAS<\/strong><\/h2>\n<table class=\"table table-bordered table-condensed\">\n<tbody>\n<tr class=\"\">\n<th class=\"name\">Sensibilidade do gatilho<\/th>\n<td class=\"value\">30 mA<\/td>\n<\/tr>\n<tr class=\"\">\n<th class=\"name\">Gama<\/th>\n<td class=\"value\">Acti 9<\/td>\n<\/tr>\n<tr class=\"\">\n<th class=\"name\">Degraus de 9mm (meio m\u00f3dulo)<\/th>\n<td class=\"value\">4<\/td>\n<\/tr>\n<tr class=\"\">\n<th class=\"name\">Tipo de produto ou componente<\/th>\n<td class=\"value\">Disjuntor de Corrente Residual (RCCB)<\/td>\n<\/tr>\n<tr class=\"\">\n<th class=\"name\">Corrente nominal<\/th>\n<td class=\"value\">40 A<\/td>\n<\/tr>\n<tr class=\"\">\n<th class=\"name\">Classe de protec\u00e7\u00e3o diferencial<\/th>\n<td class=\"value\">Classe A-SI<\/td>\n<\/tr>\n<\/tbody>\n<\/table>\n<p>Se precisar de <a href=\"https:\/\/eriacomponentes.es\/comprar-online\/automaticos-diferenciales\/\">automatismos<\/a>, visite a nossa sec\u00e7\u00e3o de automatismos e diferenciais.<\/p>\n<\/div>\n<\/div>\n","protected":false},"excerpt":{"rendered":"<p><strong>RCCB-IID 2-POLE 40A 30mA CLASS-A-SI A9R61240 SCHNEIDER Interruptor Diferencial Superimunizado RCCB-IID 2-POLE 40A 30mA CLASS-A-SI A9R61240 SCHNEIDER.<\/strong><\/p>\n<p><strong> <\/strong><em><strong>Especifica\u00e7\u00f5es t\u00e9cnicas<\/strong><\/em><\/p>\n<table style=\"width: 165px; height: 62px;\">\n<tbody>\n<tr>\n<th style=\"text-align: center;\"><a href=\"https:\/\/eriacomponentes.es\/wp-content\/uploads\/2023\/02\/F.T.A9R61240.pdf\" target=\"_blank\" rel=\"noopener\">[icon color=\"Extra-Color-1\" size=\"regular\" icon_size=\"\" image=\"fa-file-pdf-o\"]  F.T.<\/a><\/th>\n<\/tr>\n<\/tbody>\n<\/table>\n","protected":false},"featured_media":48078,"comment_status":"open","ping_status":"closed","template":"","meta":[],"product_brand":[],"product_cat":[4131,4138],"product_tag":[4149],"class_list":{"0":"post-48877","1":"product","2":"type-product","3":"status-publish","4":"has-post-thumbnail","6":"product_cat-automatismos-e-diferenciais-pt-pt","7":"product_cat-residencial","8":"product_tag-schneider-pt-pt-2","9":"product_shipping_class-0-5-kg-pt-pt","10":"pa_fabricante-schneider-pt-pt","12":"first","13":"instock","14":"taxable","15":"shipping-taxable","16":"purchasable","17":"product-type-simple"},"_links":{"self":[{"href":"https:\/\/eriacomponentes.es\/pt-pt\/wp-json\/wp\/v2\/product\/48877","targetHints":{"allow":["GET"]}}],"collection":[{"href":"https:\/\/eriacomponentes.es\/pt-pt\/wp-json\/wp\/v2\/product"}],"about":[{"href":"https:\/\/eriacomponentes.es\/pt-pt\/wp-json\/wp\/v2\/types\/product"}],"replies":[{"embeddable":true,"href":"https:\/\/eriacomponentes.es\/pt-pt\/wp-json\/wp\/v2\/comments?post=48877"}],"wp:featuredmedia":[{"embeddable":true,"href":"https:\/\/eriacomponentes.es\/pt-pt\/wp-json\/wp\/v2\/media\/48078"}],"wp:attachment":[{"href":"https:\/\/eriacomponentes.es\/pt-pt\/wp-json\/wp\/v2\/media?parent=48877"}],"wp:term":[{"taxonomy":"product_brand","embeddable":true,"href":"https:\/\/eriacomponentes.es\/pt-pt\/wp-json\/wp\/v2\/product_brand?post=48877"},{"taxonomy":"product_cat","embeddable":true,"href":"https:\/\/eriacomponentes.es\/pt-pt\/wp-json\/wp\/v2\/product_cat?post=48877"},{"taxonomy":"product_tag","embeddable":true,"href":"https:\/\/eriacomponentes.es\/pt-pt\/wp-json\/wp\/v2\/product_tag?post=48877"}],"curies":[{"name":"wp","href":"https:\/\/api.w.org\/{rel}","templated":true}]}}