{"id":48872,"date":"2023-02-27T10:45:44","date_gmt":"2023-02-27T09:45:44","guid":{"rendered":"https:\/\/eriacomponentes.es\/comprar\/diferencial-switch-40a-30ma-residencial-a9r60240-schneider-diferencial-2-poles\/"},"modified":"2023-02-27T10:45:44","modified_gmt":"2023-02-27T09:45:44","slug":"interruptor-diferencial-a9r60240","status":"publish","type":"product","link":"https:\/\/eriacomponentes.es\/pt-pt\/comprar\/interruptor-diferencial-a9r60240\/","title":{"rendered":"DIFERENCIAL SWITCH 40A 30mA RESIDENCIAL A9R60240 SCHNEIDER DIFERENCIAL 2-POLES"},"content":{"rendered":"<h2><strong>DESCRI\u00c7\u00c3O DIFERENCIAL DO DIFERENCIAL DIFERENCIAL DE 2 POLES SWITCH 40A 30mA CLASS-AC RESIDENCIAL A9R60240 SCHNEIDER .<\/strong><\/h2>\n<p>Novo <strong>diferencial<\/strong> Schneider Electric <strong>40a<\/strong> A9R60240 2P 30ma velho merlin gerin.<\/p>\n<p>Disjuntor de corrente residual iID K, 2P, 40A, 30mA, classe AC, IP20, 50\/60 Hz, posi\u00e7\u00e3o neutra \u00e0 esquerda, atraso instant\u00e2neo de protec\u00e7\u00e3o contra fugas de terra, controlo do man\u00edpulo, indicador de disparo, montagem de barramento remov\u00edvel tipo pente, montagem em calha DIN, 16mm de comprimento de cabo nu (superior ou inferior), mede 85x36x69mm, pesa 0,21kg e \u00e9 de cor branca.<\/p>\n<p>Produto certificado AENOR em conformidade com a norma UNE-EN 61008-1.<\/p>\n<p>Este disjuntor de terra \u00e9 utilizado para proteger as pessoas que se encontram no interior da instala\u00e7\u00e3o.<\/p>\n<p>S\u00e3o desencadeadas quando h\u00e1 uma falha.<\/p>\n<p>Grau de protec\u00e7\u00e3o IP20 e IP40.<\/p>\n<p>Produto verde Premium e sem merc\u00fario.<\/p>\n<p>Declara\u00e7\u00e3o RoHS da UE e Declara\u00e7\u00e3o REACh.<\/p>\n<p>Substitui a refer\u00eancia anterior do modelo bipolar merlin gerin 15261<\/p>\n<p>Classe AC e protegida contra trope\u00e7\u00f5es intempestivas at\u00e9 250 A, de acordo com a onda 8\/20 ms<\/p>\n<p>ID Sensibilidade do ID Residencial 30mA.<\/p>\n<p>Bot\u00e3o de teste para o teste mensal.<\/p>\n<p>Indicador vermelho de falha mec\u00e2nica.<\/p>\n<p>Tens\u00e3o de funcionamento 230 V AC.<\/p>\n<p>Liga\u00e7\u00e3o atrav\u00e9s de terminais de caixa para cabos de cobre: Flex\u00edvel at\u00e9 35mm2 e r\u00edgido at\u00e9 50mm2<\/p>\n<p>Largura por poste : 2 passos de 9mm.<\/p>\n<p>N\u00famero de p\u00f3los: 2.<\/p>\n<p>N\u00e3o admite auxiliares.<\/p>\n<p>Tamb\u00e9m recomendado para uso dom\u00e9stico em casas.<\/p>\n<p>Para a <strong>protec\u00e7\u00e3o das pessoas contra contactos directos e indirectos<\/strong> causados por partes vivas das instala\u00e7\u00f5es ou shunts devido \u00e0 falta de isolamento.<\/p>\n<div>\n<div class=\"ProductCardContent__all-attributes-wrapper ProductCardContent__all-attributes-wrapper--columns\">\n<p><strong>Marca:<\/strong> <a href=\"https:\/\/www.se.com\/es\/es\/\" target=\"_blank\" rel=\"noopener noreferrer\">Schneider<\/a>.<\/p>\n<h2><strong>CARACTER\u00cdSTICAS T\u00c9CNICAS<\/strong><\/h2>\n<table class=\"table table-bordered table-condensed\">\n<tbody>\n<tr class=\"\">\n<th class=\"name\">Sensibilidade do gatilho<\/th>\n<td class=\"value\">30 mA<\/td>\n<\/tr>\n<tr class=\"\">\n<th class=\"name\">Gama<\/th>\n<td class=\"value\">Acti 9<\/td>\n<\/tr>\n<tr class=\"\">\n<th class=\"name\">Degraus de 9mm (meio m\u00f3dulo)<\/th>\n<td class=\"value\">4<\/td>\n<\/tr>\n<tr class=\"\">\n<th class=\"name\">Tipo de produto ou componente<\/th>\n<td class=\"value\">Disjuntor de Corrente Residual (RCCB)<\/td>\n<\/tr>\n<tr class=\"\">\n<th class=\"name\">Corrente nominal<\/th>\n<td class=\"value\">40 A<\/td>\n<\/tr>\n<tr class=\"\">\n<th class=\"name\">Classe de protec\u00e7\u00e3o diferencial<\/th>\n<td class=\"value\">Classe AC<\/td>\n<\/tr>\n<\/tbody>\n<\/table>\n<p>Se precisar de <a href=\"https:\/\/eriacomponentes.es\/comprar-online\/automaticos-diferenciales\/\">automatismos<\/a>, visite a nossa sec\u00e7\u00e3o de automatismos e diferenciais.<\/p>\n<\/div>\n<\/div>\n","protected":false},"excerpt":{"rendered":"<p><strong>Interruptor Diferencial 2P 40A 30MA 220V A9R60240 SCHNEIDER.<\/strong><\/p>\n<p><strong> <\/strong><em><strong>Especifica\u00e7\u00f5es t\u00e9cnicas<\/strong><\/em><\/p>\n<table style=\"width: 165px; height: 62px;\">\n<tbody>\n<tr>\n<th style=\"text-align: center;\"><a href=\"https:\/\/eriacomponentes.es\/wp-content\/uploads\/2023\/02\/F.T.A9R60240.pdf\" target=\"_blank\" rel=\"noopener\">[icon color=\"Extra-Color-1\" size=\"regular\" icon_size=\"\" image=\"fa-file-pdf-o\"]  F.T.<\/a><\/th>\n<\/tr>\n<\/tbody>\n<\/table>\n","protected":false},"featured_media":48072,"comment_status":"open","ping_status":"closed","template":"","meta":[],"product_brand":[],"product_cat":[4131,4138],"product_tag":[4149],"class_list":{"0":"post-48872","1":"product","2":"type-product","3":"status-publish","4":"has-post-thumbnail","6":"product_cat-automatismos-e-diferenciais-pt-pt","7":"product_cat-residencial","8":"product_tag-schneider-pt-pt-2","9":"product_shipping_class-0-5-kg-pt-pt","10":"pa_fabricante-schneider-pt-pt","12":"first","13":"instock","14":"taxable","15":"shipping-taxable","16":"purchasable","17":"product-type-simple"},"_links":{"self":[{"href":"https:\/\/eriacomponentes.es\/pt-pt\/wp-json\/wp\/v2\/product\/48872","targetHints":{"allow":["GET"]}}],"collection":[{"href":"https:\/\/eriacomponentes.es\/pt-pt\/wp-json\/wp\/v2\/product"}],"about":[{"href":"https:\/\/eriacomponentes.es\/pt-pt\/wp-json\/wp\/v2\/types\/product"}],"replies":[{"embeddable":true,"href":"https:\/\/eriacomponentes.es\/pt-pt\/wp-json\/wp\/v2\/comments?post=48872"}],"wp:featuredmedia":[{"embeddable":true,"href":"https:\/\/eriacomponentes.es\/pt-pt\/wp-json\/wp\/v2\/media\/48072"}],"wp:attachment":[{"href":"https:\/\/eriacomponentes.es\/pt-pt\/wp-json\/wp\/v2\/media?parent=48872"}],"wp:term":[{"taxonomy":"product_brand","embeddable":true,"href":"https:\/\/eriacomponentes.es\/pt-pt\/wp-json\/wp\/v2\/product_brand?post=48872"},{"taxonomy":"product_cat","embeddable":true,"href":"https:\/\/eriacomponentes.es\/pt-pt\/wp-json\/wp\/v2\/product_cat?post=48872"},{"taxonomy":"product_tag","embeddable":true,"href":"https:\/\/eriacomponentes.es\/pt-pt\/wp-json\/wp\/v2\/product_tag?post=48872"}],"curies":[{"name":"wp","href":"https:\/\/api.w.org\/{rel}","templated":true}]}}