{"id":48870,"date":"2023-02-28T13:00:45","date_gmt":"2023-02-28T12:00:45","guid":{"rendered":"https:\/\/eriacomponentes.es\/comprar\/campainha-musical-electromecanica-bisontes-2000-ti-bi2-000-dinuy\/"},"modified":"2023-02-28T13:00:45","modified_gmt":"2023-02-28T12:00:45","slug":"campainha-electromecanica-ti-bi2-000","status":"publish","type":"product","link":"https:\/\/eriacomponentes.es\/pt-pt\/comprar\/campainha-electromecanica-ti-bi2-000\/","title":{"rendered":"CAMPAINHA MUSICAL ELECTROMEC\u00c2NICA BISONTES 2000 TI BI2 000 DINUY"},"content":{"rendered":"<h2><strong>DESCRI\u00c7\u00c3O CAMPAINHA MUSICAL ELECTROMEC\u00c2NICA BISONTES 2000 TI BI2 000 DINUY.<\/strong><\/h2>\n<p><strong>Dinuy Bison 2000 TI BI2 000 Musical Buzzer.<\/strong><\/p>\n<p>Sino electromec\u00e2nico.<br \/>\nMontagem r\u00e1pida sem parafusos.<br \/>\nDuas notas com uma sonoridade de 85dB.<br \/>\nDois tipos de instala\u00e7\u00e3o: em caixa de mecanismo universal ou montado \u00e0 superf\u00edcie.<br \/>\nTampo branco e base preta.<br \/>\nDimens\u00f5es: 148 x 88 x 50mm.<br \/>\nTens\u00e3o de alimenta\u00e7\u00e3o: 110-230V.<\/p>\n<p>Fabricante: <a href=\"https:\/\/dinuy.com\/es\/productos\/timbres-musicales\/timbres-para-instalacion\/timbre-bison-2000-ti-bi2-000\/\" target=\"_blank\" rel=\"noopener\">Dinuy<\/a>.<\/p>\n<h2><strong>CARACTER\u00cdSTICAS T\u00c9CNICAS<\/strong><\/h2>\n<table>\n<tbody>\n<tr>\n<td>Refer\u00eancia do produto<\/td>\n<td>TI BI2 000<\/td>\n<\/tr>\n<tr>\n<td>Tens\u00e3o de alimenta\u00e7\u00e3o (V)<\/td>\n<td>125VAC &#8211; 230VAC<\/td>\n<\/tr>\n<tr>\n<td>Frequ\u00eancia (Hz)<\/td>\n<td>50\/60<\/td>\n<\/tr>\n<tr>\n<td>Tecnologia<\/td>\n<td>Electromec\u00e2nico<\/td>\n<\/tr>\n<tr>\n<td>Assembleia<\/td>\n<td>\u00c0 superf\u00edcie ou sobre uma caixa de m\u00e1quinas universal<\/td>\n<\/tr>\n<tr>\n<td>Instala\u00e7\u00e3o<\/td>\n<td>Bot\u00e3o de press\u00e3o<\/td>\n<\/tr>\n<tr>\n<td>Loucura (dB)<\/td>\n<td>85<\/td>\n<\/tr>\n<tr>\n<td>Melodias<\/td>\n<td>2 notas<\/td>\n<\/tr>\n<tr>\n<td>Desenho<\/td>\n<td>Capa branca e base preta<\/td>\n<\/tr>\n<tr>\n<td>Protec\u00e7\u00e3o ambiental<\/td>\n<td>IP20<\/td>\n<\/tr>\n<\/tbody>\n<\/table>\n<p>Se precisar de <a href=\"https:\/\/eriacomponentes.es\/comprar-online\/control-accesos\/\" target=\"_blank\" rel=\"noopener\">sinos<\/a> diferentes, visite a nossa sec\u00e7\u00e3o.<\/p>\n","protected":false},"excerpt":{"rendered":"<p class=\"titulo2\"><strong>Porta Electromec\u00e2nica Bison-2000 a 125\/220V TI BI2 000 Dinuy.<\/strong><\/p>\n","protected":false},"featured_media":48117,"comment_status":"open","ping_status":"closed","template":"","meta":[],"product_brand":[],"product_cat":[4247,4248,4249],"product_tag":[4250],"class_list":{"0":"post-48870","1":"product","2":"type-product","3":"status-publish","4":"has-post-thumbnail","6":"product_cat-porteiros-sistemas-de-entrada-de-portas-de-video-e-controlo-de-acesso","7":"product_cat-sistemas-de-entrada-de-portas","8":"product_cat-telefonillos","9":"product_tag-dinuy-pt-pt","10":"product_shipping_class-0-5-kg-pt-pt","11":"pa_fabricante-dinuy-pt-pt","13":"first","14":"instock","15":"taxable","16":"shipping-taxable","17":"purchasable","18":"product-type-simple"},"_links":{"self":[{"href":"https:\/\/eriacomponentes.es\/pt-pt\/wp-json\/wp\/v2\/product\/48870","targetHints":{"allow":["GET"]}}],"collection":[{"href":"https:\/\/eriacomponentes.es\/pt-pt\/wp-json\/wp\/v2\/product"}],"about":[{"href":"https:\/\/eriacomponentes.es\/pt-pt\/wp-json\/wp\/v2\/types\/product"}],"replies":[{"embeddable":true,"href":"https:\/\/eriacomponentes.es\/pt-pt\/wp-json\/wp\/v2\/comments?post=48870"}],"wp:featuredmedia":[{"embeddable":true,"href":"https:\/\/eriacomponentes.es\/pt-pt\/wp-json\/wp\/v2\/media\/48117"}],"wp:attachment":[{"href":"https:\/\/eriacomponentes.es\/pt-pt\/wp-json\/wp\/v2\/media?parent=48870"}],"wp:term":[{"taxonomy":"product_brand","embeddable":true,"href":"https:\/\/eriacomponentes.es\/pt-pt\/wp-json\/wp\/v2\/product_brand?post=48870"},{"taxonomy":"product_cat","embeddable":true,"href":"https:\/\/eriacomponentes.es\/pt-pt\/wp-json\/wp\/v2\/product_cat?post=48870"},{"taxonomy":"product_tag","embeddable":true,"href":"https:\/\/eriacomponentes.es\/pt-pt\/wp-json\/wp\/v2\/product_tag?post=48870"}],"curies":[{"name":"wp","href":"https:\/\/api.w.org\/{rel}","templated":true}]}}