{"id":48864,"date":"2023-02-28T11:45:26","date_gmt":"2023-02-28T10:45:26","guid":{"rendered":"https:\/\/eriacomponentes.es\/comprar\/switch-diferencial-rccb-iid-4-pole-25a-30ma-class-a-is-a9r61425-schneider\/"},"modified":"2023-02-28T11:45:26","modified_gmt":"2023-02-28T10:45:26","slug":"interruptor-diferencial-a9r61425","status":"publish","type":"product","link":"https:\/\/eriacomponentes.es\/pt-pt\/comprar\/interruptor-diferencial-a9r61425\/","title":{"rendered":"SWITCH DIFERENCIAL RCCB-IID 4-POLE 25A 30mA CLASS-A-IS A9R61425 SCHNEIDER"},"content":{"rendered":"<h2><strong>DESCRI\u00c7\u00c3O DIFERENCIAL DO DIFERENCIAL RCCB-IID 4 POLES 25A 30mA CLASS-A-SI A9R61425 SCHNEIDER.<\/strong><\/h2>\n<p>Disjuntor de corrente residual iID, 4P, 25A, 30mA, classe A SI, IP20, 50\/60 Hz, Posi\u00e7\u00e3o neutra: Esquerda, Atraso de protec\u00e7\u00e3o de fuga \u00e0 terra: Instant\u00e2neo, Indicador de posi\u00e7\u00e3o de contacto, Tipo de controlo: Man\u00edpulo, Indica\u00e7\u00e3o local: Indicador de disparo, Modo de montagem: Fixo, Suporte de montagem: Trilho DIN, Comprimento do cabo nu: 14mm (superior ou inferior), 91x72x73,5mm, 0,37kg, Branco. Normas: IEC 61008-1, PT 61008-1.<\/p>\n<p>RCCB Disjuntor Diferencial Superimunizado da gama Acti 9 IID que consiste em 4 p\u00f3los. 25 Ampere e 30 miliamp A-S.<\/p>\n<p>Classe de protec\u00e7\u00e3o contra fugas de terra A-SI Instantaneamente.<\/p>\n<p><strong>Marca:<\/strong> <a href=\"https:\/\/www.se.com\/es\/es\/\" target=\"_blank\" rel=\"noopener noreferrer\">Schneider<\/a>.<\/p>\n<h2><strong>CARACTER\u00cdSTICAS T\u00c9CNICAS<\/strong><\/h2>\n<table class=\"table table-bordered table-condensed\">\n<tbody>\n<tr class=\"\">\n<th class=\"name\">Sensibilidade do gatilho<\/th>\n<td class=\"value\">30 mA<\/td>\n<\/tr>\n<tr class=\"\">\n<th class=\"name\">Gama<\/th>\n<td class=\"value\">Acti 9<\/td>\n<\/tr>\n<tr class=\"\">\n<th class=\"name\">Degraus de 9mm (meio m\u00f3dulo)<\/th>\n<td class=\"value\">8<\/td>\n<\/tr>\n<tr class=\"\">\n<th class=\"name\">Tipo de produto ou componente<\/th>\n<td class=\"value\">Disjuntor de Corrente Residual (RCCB)<\/td>\n<\/tr>\n<tr class=\"\">\n<th class=\"name\">Corrente nominal<\/th>\n<td class=\"value\">25 A<\/td>\n<\/tr>\n<tr class=\"\">\n<th class=\"name\">Classe de protec\u00e7\u00e3o diferencial<\/th>\n<td class=\"value\">Classe A-SI<\/td>\n<\/tr>\n<\/tbody>\n<\/table>\n<p>Se precisar de <a style=\"font-size: 16px;\" href=\"https:\/\/eriacomponentes.es\/comprar-online\/automaticos-diferenciales\/\">automatismos<\/a>,<span style=\"font-size: 16px;\"> visite a nossa sec\u00e7\u00e3o de automatismos e diferenciais<\/span>.<\/p>\n","protected":false},"excerpt":{"rendered":"<p><strong>Interruptor Diferencial RCCB-IID 4-POLE 25A 30mA CLASS-A-SI A9R61425 SCHNEIDER .<\/strong><\/p>\n<p><strong> <\/strong><em><strong>Especifica\u00e7\u00f5es t\u00e9cnicas<\/strong><\/em><\/p>\n<table style=\"width: 165px; height: 62px;\">\n<tbody>\n<tr>\n<th style=\"text-align: center;\"><a href=\"https:\/\/eriacomponentes.es\/wp-content\/uploads\/2023\/02\/F.T.A9R61425.pdf\" target=\"_blank\" rel=\"noopener\">[icon color=\"Extra-Color-1\" size=\"regular\" icon_size=\"\" image=\"fa-file-pdf-o\"]  F.T.<\/a><\/th>\n<\/tr>\n<\/tbody>\n<\/table>\n","protected":false},"featured_media":48114,"comment_status":"open","ping_status":"closed","template":"","meta":[],"product_brand":[],"product_cat":[4131,4138],"product_tag":[4149],"class_list":{"0":"post-48864","1":"product","2":"type-product","3":"status-publish","4":"has-post-thumbnail","6":"product_cat-automatismos-e-diferenciais-pt-pt","7":"product_cat-residencial","8":"product_tag-schneider-pt-pt-2","9":"product_shipping_class-0-5-kg-pt-pt","10":"pa_fabricante-schneider-pt-pt","12":"first","13":"instock","14":"taxable","15":"shipping-taxable","16":"purchasable","17":"product-type-simple"},"_links":{"self":[{"href":"https:\/\/eriacomponentes.es\/pt-pt\/wp-json\/wp\/v2\/product\/48864","targetHints":{"allow":["GET"]}}],"collection":[{"href":"https:\/\/eriacomponentes.es\/pt-pt\/wp-json\/wp\/v2\/product"}],"about":[{"href":"https:\/\/eriacomponentes.es\/pt-pt\/wp-json\/wp\/v2\/types\/product"}],"replies":[{"embeddable":true,"href":"https:\/\/eriacomponentes.es\/pt-pt\/wp-json\/wp\/v2\/comments?post=48864"}],"wp:featuredmedia":[{"embeddable":true,"href":"https:\/\/eriacomponentes.es\/pt-pt\/wp-json\/wp\/v2\/media\/48114"}],"wp:attachment":[{"href":"https:\/\/eriacomponentes.es\/pt-pt\/wp-json\/wp\/v2\/media?parent=48864"}],"wp:term":[{"taxonomy":"product_brand","embeddable":true,"href":"https:\/\/eriacomponentes.es\/pt-pt\/wp-json\/wp\/v2\/product_brand?post=48864"},{"taxonomy":"product_cat","embeddable":true,"href":"https:\/\/eriacomponentes.es\/pt-pt\/wp-json\/wp\/v2\/product_cat?post=48864"},{"taxonomy":"product_tag","embeddable":true,"href":"https:\/\/eriacomponentes.es\/pt-pt\/wp-json\/wp\/v2\/product_tag?post=48864"}],"curies":[{"name":"wp","href":"https:\/\/api.w.org\/{rel}","templated":true}]}}