{"id":48863,"date":"2023-02-23T14:39:12","date_gmt":"2023-02-23T13:39:12","guid":{"rendered":"https:\/\/eriacomponentes.es\/comprar\/sensor-de-movimento-infravermelho-deco-ip54-com-luz-led-66299-algsa\/"},"modified":"2023-02-23T14:39:12","modified_gmt":"2023-02-23T13:39:12","slug":"motion-sensor-66299-algsa","status":"publish","type":"product","link":"https:\/\/eriacomponentes.es\/pt-pt\/comprar\/motion-sensor-66299-algsa\/","title":{"rendered":"SENSOR DE MOVIMENTO INFRAVERMELHO DECO IP54 COM LUZ LED 66299 ALGSA"},"content":{"rendered":"<h2><strong>DESCRI\u00c7\u00c3O SENSOR DE MOVIMENTO INFRAVERMELHO DECO IP54 COM LUZ LED 66299 ALGSA .<\/strong><\/h2>\n<div class=\"product attribute description\">\n<div class=\"value\">\n<div class=\"product attribute description\">\n<div class=\"value\">Sensor de presen\u00e7a na parede com design decorativo e luz LED infravermelha incorporada.<\/div>\n<div><\/div>\n<div class=\"value\">Com IP54. Funciona a 220-240V.<\/div>\n<div><\/div>\n<div class=\"value\">Incorpora luz LED de 10W com 750lm em 4000K.<\/div>\n<\/div>\n<\/div>\n<\/div>\n<p>Fabricante: <a href=\"https:\/\/algsa.es\/es\/empresa\" target=\"_blank\" rel=\"noopener\">ALGSA.<\/a><\/p>\n<h2><strong>CARACTER\u00cdSTICAS T\u00c9CNICAS<\/strong><\/h2>\n<table id=\"product-attribute-specs-table\" class=\"data table additional-attributes\">\n<tbody>\n<tr>\n<th class=\"col label\" scope=\"row\">C\u00f3digo<\/th>\n<td class=\"col data\" data-th=\"C\u00f3digo\">66299<\/td>\n<th class=\"col label\" scope=\"row\">Refer\u00eancia<\/th>\n<td class=\"col data\" data-th=\"Referencia\">SEN INFO DECO IP54<\/td>\n<\/tr>\n<tr>\n<th class=\"col label\" scope=\"row\">Especifica\u00e7\u00f5es t\u00e9cnicas<\/th>\n<td class=\"col data\" data-th=\"Ficha T\u00e9cnica\">Ver ficha de dados t\u00e9cnicos<\/td>\n<th class=\"col label\" scope=\"row\">Unidades Embalagem<\/th>\n<td class=\"col data\" data-th=\"Unidades Embalaje\">1<\/td>\n<\/tr>\n<tr>\n<th class=\"col label\" scope=\"row\">Venda m\u00ednima sem aumento<\/th>\n<td class=\"col data\" data-th=\"Venta m\u00ednima sin incremento\">1<\/td>\n<th class=\"col label\" scope=\"row\">Marca<\/th>\n<td class=\"col data\" data-th=\"Marca\">ILUMINADO<\/td>\n<\/tr>\n<tr>\n<th class=\"col label\" scope=\"row\">Normas que cumpre<\/th>\n<td class=\"col data\" data-th=\"Est\u00e1ndares que cumple\">Directiva de Baixa Tens\u00e3o 2014\/35\/CE. Directiva de Compatibilidade Electromagn\u00e9tica 2014\/30\/EU<\/td>\n<th class=\"col label\" scope=\"row\">Tens\u00e3o de entrada<\/th>\n<td class=\"col data\" data-th=\"Tensi\u00f3n de entrada\">230VAC<\/td>\n<\/tr>\n<tr>\n<th class=\"col label\" scope=\"row\">Frequ\u00eancia de entrada<\/th>\n<td class=\"col data\" data-th=\"Frecuencia de entrada\">50 &#8211; 60 Hz<\/td>\n<th class=\"col label\" scope=\"row\">Temp. de funcionamento<\/th>\n<td class=\"col data\" data-th=\"Temp. de funcionamiento\">De -20 a 40\u00baC<\/td>\n<\/tr>\n<tr>\n<th class=\"col label\" scope=\"row\">Dimens\u00f5es<\/th>\n<td class=\"col data\" data-th=\"Dimensiones\">260x65x65mm<\/td>\n<th class=\"col label\" scope=\"row\">\u00c2ngulo de detec\u00e7\u00e3o frontal<\/th>\n<td class=\"col data\" data-th=\"Angulo de detecci\u00f3n frontal\">140\u00ba<\/td>\n<\/tr>\n<tr>\n<th class=\"col label\" scope=\"row\">Dist\u00e2ncia do sensor de carga<\/th>\n<td class=\"col data\" data-th=\"Distancia de sensor carga\">9m Max. (&lt;24\u00baC)<\/td>\n<th class=\"col label\" scope=\"row\">Tempo de detec\u00e7\u00e3o<\/th>\n<td class=\"col data\" data-th=\"Tiempo de detecci\u00f3n\">7 &#8211; 13 seg<\/td>\n<\/tr>\n<tr>\n<th class=\"col label\" scope=\"row\">Garantia<\/th>\n<td class=\"col data\" data-th=\"Garantia\">2 anos<\/td>\n<\/tr>\n<\/tbody>\n<\/table>\n<p>&nbsp;<\/p>\n<p>&nbsp;<\/p>\n<p>&nbsp;<\/p>\n<p>Se precisar de diferentes <a href=\"https:\/\/eriacomponentes.es\/comprar-online\/iluminacion\/sensor-presencia\/\" target=\"_blank\" rel=\"noopener\">sensores de movimento<\/a>, visite a nossa sec\u00e7\u00e3o.<\/p>\n","protected":false},"excerpt":{"rendered":"<p><strong>Sensor de Movimento Infravermelho Deco IP54 com Luz LED 66299 Algsa.<\/strong><\/p>\n<p><em><strong>Especifica\u00e7\u00f5es t\u00e9cnicas<\/strong><\/em><\/p>\n<table style=\"width: 165px; height: 62px;\">\n<tbody>\n<tr>\n<th style=\"text-align: center;\"><a href=\"https:\/\/eriacomponentes.es\/wp-content\/uploads\/2023\/02\/F-T-66299.pdf\" target=\"_blank\" rel=\"noopener\">[icon color=\"Extra-Color-1\" size=\"regular\" icon_size=\"\" image=\"fa-file-pdf-o\"]  F.T.<\/a><\/th>\n<\/tr>\n<\/tbody>\n<\/table>\n<p>&nbsp;<\/p>\n","protected":false},"featured_media":48060,"comment_status":"open","ping_status":"closed","template":"","meta":[],"product_brand":[],"product_cat":[4176,4184],"product_tag":[4216],"class_list":{"0":"post-48863","1":"product","2":"type-product","3":"status-publish","4":"has-post-thumbnail","6":"product_cat-iluminacao","7":"product_cat-sensor-de-presenca","8":"product_tag-algsa-pt-pt","9":"product_shipping_class-0-5-kg-pt-pt","10":"pa_fabricante-algsa-pt-pt","12":"first","13":"instock","14":"taxable","15":"shipping-taxable","16":"purchasable","17":"product-type-simple"},"_links":{"self":[{"href":"https:\/\/eriacomponentes.es\/pt-pt\/wp-json\/wp\/v2\/product\/48863","targetHints":{"allow":["GET"]}}],"collection":[{"href":"https:\/\/eriacomponentes.es\/pt-pt\/wp-json\/wp\/v2\/product"}],"about":[{"href":"https:\/\/eriacomponentes.es\/pt-pt\/wp-json\/wp\/v2\/types\/product"}],"replies":[{"embeddable":true,"href":"https:\/\/eriacomponentes.es\/pt-pt\/wp-json\/wp\/v2\/comments?post=48863"}],"wp:featuredmedia":[{"embeddable":true,"href":"https:\/\/eriacomponentes.es\/pt-pt\/wp-json\/wp\/v2\/media\/48060"}],"wp:attachment":[{"href":"https:\/\/eriacomponentes.es\/pt-pt\/wp-json\/wp\/v2\/media?parent=48863"}],"wp:term":[{"taxonomy":"product_brand","embeddable":true,"href":"https:\/\/eriacomponentes.es\/pt-pt\/wp-json\/wp\/v2\/product_brand?post=48863"},{"taxonomy":"product_cat","embeddable":true,"href":"https:\/\/eriacomponentes.es\/pt-pt\/wp-json\/wp\/v2\/product_cat?post=48863"},{"taxonomy":"product_tag","embeddable":true,"href":"https:\/\/eriacomponentes.es\/pt-pt\/wp-json\/wp\/v2\/product_tag?post=48863"}],"curies":[{"name":"wp","href":"https:\/\/api.w.org\/{rel}","templated":true}]}}