{"id":48854,"date":"2023-03-07T10:34:45","date_gmt":"2023-03-07T09:34:45","guid":{"rendered":"https:\/\/eriacomponentes.es\/comprar\/mini-acti-9-ic40f-1pn-c-6a-disjuntor-automatico-a9p53606-schneider\/"},"modified":"2023-03-07T10:34:45","modified_gmt":"2023-03-07T09:34:45","slug":"circuit-breaker-a9p53606","status":"publish","type":"product","link":"https:\/\/eriacomponentes.es\/pt-pt\/comprar\/circuit-breaker-a9p53606\/","title":{"rendered":"MINI ACTI 9 IC40F 1PN C 6A DISJUNTOR AUTOM\u00c1TICO A9P53606 SCHNEIDER"},"content":{"rendered":"<h2><strong>DESCRI\u00c7\u00c3O DISJUNTOR MINI ACTI 9 IC40F 1PN C 6A A9P53606 SCHNEIDER.<\/strong><\/h2>\n<p>DPN 6A Acti9 iC40 Schneider 1P+N disjuntor A9P53606 Schneider.<\/p>\n<p>Disjuntor miniatura da gama Acti 9 iC40F plus, consistindo em 1 p\u00f3lo + neutro, 6 Ampere com um c\u00f3digo de curva C e uma capacidade de ruptura de 6000A\/6 kA.<\/p>\n<p>Disjuntor Schneider ACTI 9 IC40F 1PN C 6A 6000A\/6kAI &#8211; Schneider A9P53606. Curva C. N\u00famero de p\u00f3los: 1 p\u00f3lo + neutro. Corrente nominal 6A. Posi\u00e7\u00e3o neutra: esquerda. Tipo de rede AC. Controlo do manuseamento. Instala\u00e7\u00e3o de calha DIN.<\/p>\n<p>Os disjuntores s\u00e3o utilizados para cortar a corrente num circuito.<\/p>\n<p>A principal diferen\u00e7a entre os diferenciais e os disjuntores \u00e9 que estes \u00faltimos protegem as instala\u00e7\u00f5es e aparelhos, pelo que \u00e9 melhor utilizar um diferencial mais um disjuntor.<\/p>\n<p>Este disjuntor tem um C\u00f3digo C-Curva.<\/p>\n<p>Certifica\u00e7\u00f5es de produtos CE, BV, RINA e DNV. Produto verde Premium. Declara\u00e7\u00e3o RoHS da UE e Declara\u00e7\u00e3o REACh.<\/p>\n<p><strong>Marca:<\/strong> <a href=\"https:\/\/www.se.com\/es\/es\/\" target=\"_blank\" rel=\"noopener noreferrer\">Schneider<\/a>.<\/p>\n<h2><strong>CARACTER\u00cdSTICAS T\u00c9CNICAS<\/strong><\/h2>\n<table style=\"height: 465px;\" width=\"776\">\n<tbody>\n<tr>\n<th>Gama<\/th>\n<td>\n<div>Acti9<\/div>\n<\/td>\n<td><\/td>\n<\/tr>\n<tr>\n<th>Nome do produto<\/th>\n<td>\n<div>Acti9 iC40<\/div>\n<\/td>\n<td><\/td>\n<\/tr>\n<tr>\n<th>Tipo de produto ou componente<\/th>\n<td>\n<div>Disjuntor miniatura<\/div>\n<\/td>\n<td><\/td>\n<\/tr>\n<tr>\n<th>Nome curto do dispositivo<\/th>\n<td>\n<div>IC40F<\/div>\n<\/td>\n<td><\/td>\n<\/tr>\n<tr>\n<th>Aplica\u00e7\u00e3o do dispositivo<\/th>\n<td>\n<div>Para corrente&gt; 0.1 A<\/div>\n<\/td>\n<td><\/td>\n<\/tr>\n<tr>\n<th>N\u00famero de p\u00f3los<\/th>\n<td>\n<div>1P + N<\/div>\n<\/td>\n<td><\/td>\n<\/tr>\n<tr>\n<th>N\u00famero de postes protegidos<\/th>\n<td>\n<div>1<\/div>\n<\/td>\n<td><\/td>\n<\/tr>\n<tr>\n<th>Posi\u00e7\u00e3o neutra<\/th>\n<td>\n<div>Esquerda<\/div>\n<\/td>\n<td><\/td>\n<\/tr>\n<tr>\n<th>[In]  Corrente nominal<\/th>\n<td>\n<div>6 A<\/div>\n<\/td>\n<td><\/td>\n<\/tr>\n<tr>\n<th>Tipo de rede<\/th>\n<td>\n<div>AC<\/div>\n<\/td>\n<td><\/td>\n<\/tr>\n<tr>\n<th>Tecnologia de unidades de queima<\/th>\n<td>\n<div>Termo-magn\u00e9tico<\/div>\n<\/td>\n<td><\/td>\n<\/tr>\n<tr>\n<th>C\u00f3digo da curva<\/th>\n<td>\n<div>C<\/div>\n<\/td>\n<td><\/td>\n<\/tr>\n<tr>\n<th>Capacidade de corte<\/th>\n<td>\n<div>6 kA Icu a 230 V AC 50\/60 Hz de acordo com Icu<br \/>\n6000 A Icn a 230 V AC 50\/60 Hz de acordo com EN\/IEC 60898-1<\/div>\n<\/td>\n<td><\/td>\n<\/tr>\n<tr>\n<th>Poder seccionador<\/th>\n<td>\n<div>Sim, de acordo com Icu<\/div>\n<\/td>\n<td><\/td>\n<\/tr>\n<tr>\n<th>R\u00f3tulos de qualidade<\/th>\n<td>\n<div>AENOR<\/div>\n<\/td>\n<\/tr>\n<\/tbody>\n<\/table>\n<p>Se precisar de <a style=\"font-size: 16px;\" href=\"https:\/\/eriacomponentes.es\/comprar-online\/automaticos-diferenciales\/\">automatismos<\/a>,<span style=\"font-size: 16px;\"> visite a nossa sec\u00e7\u00e3o de automatismos e diferenciais<\/span>.<\/p>\n","protected":false},"excerpt":{"rendered":"<p><strong>Disjuntor MINI ACTI 9 IC40F 1PN C 6A A9P53606 SCHNEIDER.<\/strong><\/p>\n<p><strong> <\/strong><em><strong>Especifica\u00e7\u00f5es t\u00e9cnicas<\/strong><\/em><\/p>\n<table style=\"width: 165px; height: 62px;\">\n<tbody>\n<tr>\n<th style=\"text-align: center;\"><a href=\"https:\/\/eriacomponentes.es\/wp-content\/uploads\/2023\/03\/A9P53606.pdf\" target=\"_blank\" rel=\"noopener\">[icon color=\"Extra-Color-1\" size=\"regular\" icon_size=\"\" image=\"fa-file-pdf-o\"]  F.T.<\/a><\/th>\n<\/tr>\n<\/tbody>\n<\/table>\n","protected":false},"featured_media":48216,"comment_status":"open","ping_status":"closed","template":"","meta":[],"product_brand":[],"product_cat":[4131,4138],"product_tag":[4149],"class_list":{"0":"post-48854","1":"product","2":"type-product","3":"status-publish","4":"has-post-thumbnail","6":"product_cat-automatismos-e-diferenciais-pt-pt","7":"product_cat-residencial","8":"product_tag-schneider-pt-pt-2","9":"product_shipping_class-0-5-kg-pt-pt","10":"pa_fabricante-schneider-pt-pt","12":"first","13":"instock","14":"taxable","15":"shipping-taxable","16":"purchasable","17":"product-type-simple"},"_links":{"self":[{"href":"https:\/\/eriacomponentes.es\/pt-pt\/wp-json\/wp\/v2\/product\/48854","targetHints":{"allow":["GET"]}}],"collection":[{"href":"https:\/\/eriacomponentes.es\/pt-pt\/wp-json\/wp\/v2\/product"}],"about":[{"href":"https:\/\/eriacomponentes.es\/pt-pt\/wp-json\/wp\/v2\/types\/product"}],"replies":[{"embeddable":true,"href":"https:\/\/eriacomponentes.es\/pt-pt\/wp-json\/wp\/v2\/comments?post=48854"}],"wp:featuredmedia":[{"embeddable":true,"href":"https:\/\/eriacomponentes.es\/pt-pt\/wp-json\/wp\/v2\/media\/48216"}],"wp:attachment":[{"href":"https:\/\/eriacomponentes.es\/pt-pt\/wp-json\/wp\/v2\/media?parent=48854"}],"wp:term":[{"taxonomy":"product_brand","embeddable":true,"href":"https:\/\/eriacomponentes.es\/pt-pt\/wp-json\/wp\/v2\/product_brand?post=48854"},{"taxonomy":"product_cat","embeddable":true,"href":"https:\/\/eriacomponentes.es\/pt-pt\/wp-json\/wp\/v2\/product_cat?post=48854"},{"taxonomy":"product_tag","embeddable":true,"href":"https:\/\/eriacomponentes.es\/pt-pt\/wp-json\/wp\/v2\/product_tag?post=48854"}],"curies":[{"name":"wp","href":"https:\/\/api.w.org\/{rel}","templated":true}]}}