{"id":48777,"date":"2019-10-01T11:02:12","date_gmt":"2019-10-01T09:02:12","guid":{"rendered":"https:\/\/eriacomponentes.es\/comprar\/anel-poliamida-de-rosca-metrica-32x150-gaestopas-243-3200-0\/"},"modified":"2023-03-22T09:52:58","modified_gmt":"2023-03-22T08:52:58","slug":"racor-poliamida-243-3200-0","status":"publish","type":"product","link":"https:\/\/eriacomponentes.es\/pt-pt\/comprar\/racor-poliamida-243-3200-0\/","title":{"rendered":"ANEL POLIAMIDA DE ROSCA M\u00c9TRICA 32&#215;1,50 GAESTOPAS 243.3200.0"},"content":{"rendered":"<h2>DESCRI\u00c7\u00c3O FIO M\u00c9TRICO DE ENCAIXE DE POLIAMIDA<\/h2>\n<p><strong>Encaixe feito de poliamida 6 em cinzento. (Livre de halog\u00e9neo).<\/strong><\/p>\n<ul>\n<li>Caracter\u00edsticas f\u00edsico-qu\u00edmicas de acordo com a Norma UNE-EN-61386.<\/li>\n<li><strong>Grau de Protec\u00e7\u00e3o:<\/strong>\n<ul>\n<li>Tubo r\u00edgido: IP67.<\/li>\n<li>Tubo corrugado: IP64.<\/li>\n<\/ul>\n<\/li>\n<li><strong>Temperatura de trabalho:<\/strong> -20\u00baC a +80\u00baC permanentemente.<\/li>\n<li><strong>Dimens\u00f5es:<\/strong>\n<ul>\n<li>Linha m\u00e9trica: M32.<\/li>\n<li>Dimens\u00f5es (mm): 49x43x14<\/li>\n<\/ul>\n<\/li>\n<\/ul>\n<ul>\n<li><strong>Fabricante:<\/strong> <a href=\"http:\/\/www.gaestopas.com\/en\" target=\"_blank\" rel=\"noopener\">Gaestopas<\/a>.<\/li>\n<\/ul>\n<h3>CANDIDATURAS:<\/h3>\n<ul>\n<li>Para jun\u00e7\u00f5es a tubos lisos (IP67) e corrugados (IP64), com junta plana e contraporca incorporada.<\/li>\n<\/ul>\n<p>O <strong>acess\u00f3rio roscado<\/strong> \u00e9 utilizado para <a href=\"https:\/\/eriacomponentes.es\/comprar\/tubo-rigido-plastico-910-3200-0\/\">tubo r\u00edgido &#8220;TLH&#8221;<\/a>.<\/p>\n<blockquote class=\"wp-embedded-content\" data-secret=\"5UetyEoTXY\"><p><a href=\"https:\/\/eriacomponentes.es\/comprar\/tubo-rigido-plastico-910-3200-0\/\">TUBO RIGIDO PLASTICO LIBRE DE HALOGENOS M32 910.3200.0 GAESTOPAS<\/a><\/p><\/blockquote>\n<p><iframe class=\"wp-embedded-content\" sandbox=\"allow-scripts\" security=\"restricted\" style=\"position: absolute; clip: rect(1px, 1px, 1px, 1px);\" title=\"&#8220;TUBO RIGIDO PLASTICO LIBRE DE HALOGENOS M32 910.3200.0 GAESTOPAS&#8221; &#8212; Material el\u00e9ctrico - Tienda de electricidad online - Eria Componentes\" src=\"https:\/\/eriacomponentes.es\/comprar\/tubo-rigido-plastico-910-3200-0\/embed\/#?secret=gUjJTk1Xwz#?secret=5UetyEoTXY\" data-secret=\"5UetyEoTXY\" width=\"600\" height=\"338\" frameborder=\"0\" marginwidth=\"0\" marginheight=\"0\" scrolling=\"no\"><\/iframe><\/p>\n","protected":false},"excerpt":{"rendered":"<p><strong>Encaixe feito de poliamida 6 em cinzento. (Livre de halog\u00e9neo).<\/strong><\/p>\n<ul>\n<li>Caracter\u00edsticas f\u00edsico-qu\u00edmicas de acordo com a Norma UNE-EN-61386.<\/li>\n<li><strong>Grau de Protec\u00e7\u00e3o:<\/strong>\n<ul>\n<li>Tubo r\u00edgido: IP67.<\/li>\n<li>Tubo corrugado: IP64.<\/li>\n<\/ul>\n<\/li>\n<li><strong>Temperatura de trabalho:<\/strong> -20\u00baC a +80\u00baC permanentemente.<\/li>\n<\/ul>\n<h5><em><strong>Especifica\u00e7\u00f5es t\u00e9cnicas<\/strong><\/em><\/h5>\n<table style=\"width: 165px; height: 62px;\">\n<tbody>\n<tr>\n<th><a href=\"https:\/\/eriacomponentes.es\/wp-content\/uploads\/2019\/10\/ficha-tecnica-racor-roscado-gris-poliamiada-gaestopas-serie-243.pdf.pdf\" target=\"_blank\" rel=\"noopener noreferrer\">[icon color=\"Extra-Color-1\" size=\"regular\" icon_size=\"\" image=\"fa-file-pdf-o\"]  F.T.<\/a><\/th>\n<\/tr>\n<\/tbody>\n<\/table>\n<p>&nbsp;<\/p>\n","protected":false},"featured_media":36873,"comment_status":"open","ping_status":"closed","template":"","meta":[],"product_brand":[],"product_cat":[4227,4228],"product_tag":[4229],"class_list":{"0":"post-48777","1":"product","2":"type-product","3":"status-publish","4":"has-post-thumbnail","6":"product_cat-tubos-e-tubagens","7":"product_cat-tubos-e-acessorios-de-plastico-rigido","8":"product_tag-gaestopas-pt-pt","9":"product_shipping_class-0-5-kg-pt-pt","10":"pa_fabricante-gaestopas-pt-pt","12":"first","13":"instock","14":"taxable","15":"shipping-taxable","16":"purchasable","17":"product-type-simple"},"_links":{"self":[{"href":"https:\/\/eriacomponentes.es\/pt-pt\/wp-json\/wp\/v2\/product\/48777","targetHints":{"allow":["GET"]}}],"collection":[{"href":"https:\/\/eriacomponentes.es\/pt-pt\/wp-json\/wp\/v2\/product"}],"about":[{"href":"https:\/\/eriacomponentes.es\/pt-pt\/wp-json\/wp\/v2\/types\/product"}],"replies":[{"embeddable":true,"href":"https:\/\/eriacomponentes.es\/pt-pt\/wp-json\/wp\/v2\/comments?post=48777"}],"wp:featuredmedia":[{"embeddable":true,"href":"https:\/\/eriacomponentes.es\/pt-pt\/wp-json\/wp\/v2\/media\/36873"}],"wp:attachment":[{"href":"https:\/\/eriacomponentes.es\/pt-pt\/wp-json\/wp\/v2\/media?parent=48777"}],"wp:term":[{"taxonomy":"product_brand","embeddable":true,"href":"https:\/\/eriacomponentes.es\/pt-pt\/wp-json\/wp\/v2\/product_brand?post=48777"},{"taxonomy":"product_cat","embeddable":true,"href":"https:\/\/eriacomponentes.es\/pt-pt\/wp-json\/wp\/v2\/product_cat?post=48777"},{"taxonomy":"product_tag","embeddable":true,"href":"https:\/\/eriacomponentes.es\/pt-pt\/wp-json\/wp\/v2\/product_tag?post=48777"}],"curies":[{"name":"wp","href":"https:\/\/api.w.org\/{rel}","templated":true}]}}