{"id":48752,"date":"2023-03-07T13:01:29","date_gmt":"2023-03-07T12:01:29","guid":{"rendered":"https:\/\/eriacomponentes.es\/comprar\/idd-diferencial-diferencial-de-4-poles-switch-25a-30ma-class-ac-a9r81425-schneider\/"},"modified":"2023-03-07T13:01:29","modified_gmt":"2023-03-07T12:01:29","slug":"interruptor-diferencial-a9r81425","status":"publish","type":"product","link":"https:\/\/eriacomponentes.es\/pt-pt\/comprar\/interruptor-diferencial-a9r81425\/","title":{"rendered":"IDD DIFERENCIAL DIFERENCIAL DE 4 POLES SWITCH 25A 30mA CLASS-AC A9R81425 SCHNEIDER"},"content":{"rendered":"<h2><strong>DESCRI\u00c7\u00c3O DIFERENCIAL SWITCH IDD 4 POLES 25A 30mA CLASS-AC A9R81425 SCHNEIDER.<\/strong><\/h2>\n<p>Disjuntor de terra Schneider 4P 25A 30MA AC &#8211; Schneider A9R81425. Tipo 4 p\u00f3los 25A AC com sensibilidade a fugas de terra: 30 mA. Atraso de protec\u00e7\u00e3o contra fugas de terra: Instant\u00e2neo.<\/p>\n<p>Interruptor diferencial RCCB da gama Acti 9 IID, constitu\u00eddo por 4 p\u00f3los. 25 Ampere e 30 miliamp A-S. Classe de protec\u00e7\u00e3o contra fugas de terra AC Instant\u00e2nea.<\/p>\n<p>Este interruptor diferencial \u00e9 utilizado para proteger no caso de uma falha de energia no circuito. S\u00e3o desencadeadas quando h\u00e1 uma falha. Grau de protec\u00e7\u00e3o IP20 e IP40. Produto verde Premium e sem merc\u00fario. Declara\u00e7\u00e3o RoHS da UE e Declara\u00e7\u00e3o REACh<\/p>\n<p>Fabricante: <a href=\"https:\/\/www.se.com\/es\/es\/\" target=\"_blank\" rel=\"noopener noreferrer\">Schneider<\/a>.<\/p>\n<h2><strong>CARACTER\u00cdSTICAS T\u00c9CNICAS<\/strong><\/h2>\n<table class=\"dataCT\" border=\"0\" cellspacing=\"0\" cellpadding=\"0\">\n<tbody>\n<tr>\n<td class=\"dataCT\"><span class=\"boldLevel2\">Informa\u00e7\u00e3o t\u00e9cnica<\/span><\/td>\n<td class=\"dataCTR\" nowrap><\/td>\n<\/tr>\n<\/tbody>\n<\/table>\n<table class=\"dataC\" border=\"0\" cellspacing=\"0\" cellpadding=\"0\">\n<tbody>\n<tr>\n<td>\n<div class=\"title\"><span class=\"boldLevel2\">Principal<\/span><\/div>\n<table border=\"0\" cellspacing=\"0\" cellpadding=\"0\">\n<tbody>\n<tr class=\"list\">\n<td class=\"listParamName\" width=\"50%\"><span class=\"boldLevel1\">Gama<\/span><\/td>\n<td class=\"listParamValue\"><span class=\"level1\">Acti9<br \/>\n<\/span><\/td>\n<\/tr>\n<tr class=\"list\">\n<td class=\"listParamName\" width=\"50%\"><span class=\"boldLevel1\">Nome do produto<\/span><\/td>\n<td class=\"listParamValue\"><span class=\"level1\">Acti 9 iID40<br \/>\n<\/span><\/td>\n<\/tr>\n<tr class=\"list\">\n<td class=\"listParamName\" width=\"50%\"><span class=\"boldLevel1\">Tipo de produto ou componente<\/span><\/td>\n<td class=\"listParamValue\"><span class=\"level1\">Disjuntor de Corrente Residual (RCCB)<br \/>\n<\/span><\/td>\n<\/tr>\n<tr class=\"list\">\n<td class=\"listParamName\" width=\"50%\"><span class=\"boldLevel1\">Nome curto do dispositivo<\/span><\/td>\n<td class=\"listParamValue\"><span class=\"level1\">IID<br \/>\n<\/span><\/td>\n<\/tr>\n<tr class=\"list\">\n<td class=\"listParamName\" width=\"50%\"><span class=\"boldLevel1\">N\u00famero de p\u00f3los<\/span><\/td>\n<td class=\"listParamValue\"><span class=\"level1\">4P<br \/>\n<\/span><\/td>\n<\/tr>\n<tr class=\"list\">\n<td class=\"listParamName\" width=\"50%\"><span class=\"boldLevel1\">Posi\u00e7\u00e3o neutra<\/span><\/td>\n<td class=\"listParamValue\"><span class=\"level1\">Esquerda<br \/>\n<\/span><\/td>\n<\/tr>\n<tr class=\"list\">\n<td class=\"listParamName\" width=\"50%\"><span class=\"boldLevel1\">[In]  Corrente nominal<\/span><\/td>\n<td class=\"listParamValue\"><span class=\"level1\">25 A<br \/>\n<\/span><\/td>\n<\/tr>\n<tr class=\"list\">\n<td class=\"listParamName\" width=\"50%\"><span class=\"boldLevel1\">Tipo de rede<\/span><\/td>\n<td class=\"listParamValue\"><span class=\"level1\">AC<br \/>\n<\/span><\/td>\n<\/tr>\n<tr class=\"list\">\n<td class=\"listParamName\" width=\"50%\"><span class=\"boldLevel1\">Sensibilidade a fugas de terra<\/span><\/td>\n<td class=\"listParamValue\"><span class=\"level1\">30 mA<br \/>\n<\/span><\/td>\n<\/tr>\n<tr class=\"list\">\n<td class=\"listParamName\" width=\"50%\"><span class=\"boldLevel1\">Atraso no tempo de protec\u00e7\u00e3o contra fugas de terra<\/span><\/td>\n<td class=\"listParamValue\"><span class=\"level1\">Instant\u00e2neo<br \/>\n<\/span><\/td>\n<\/tr>\n<tr class=\"list\">\n<td class=\"listParamName\" width=\"50%\"><span class=\"boldLevel1\">Classe de protec\u00e7\u00e3o contra fugas de terra<\/span><\/td>\n<td class=\"listParamValue\"><span class=\"level1\">Tipo AC<br \/>\n<\/span><\/td>\n<\/tr>\n<\/tbody>\n<\/table>\n<div class=\"spacer20\"><\/div>\n<div class=\"title\"><span class=\"boldLevel2\">Complementar<\/span><\/div>\n<table border=\"0\" cellspacing=\"0\" cellpadding=\"0\">\n<tbody>\n<tr class=\"list\">\n<td class=\"listParamName\" width=\"50%\"><span class=\"boldLevel1\">Localiza\u00e7\u00e3o do dispositivo no sistema<\/span><\/td>\n<td class=\"listParamValue\"><span class=\"level1\">Sa\u00edda<br \/>\n<\/span><\/td>\n<\/tr>\n<tr class=\"list\">\n<td class=\"listParamName\" width=\"50%\"><span class=\"boldLevel1\">Frequ\u00eancia da rede<\/span><\/td>\n<td class=\"listParamValue\"><span class=\"level1\">50\/60 Hz<br \/>\n<\/span><\/td>\n<\/tr>\n<tr class=\"list\">\n<td class=\"listParamName\" width=\"50%\"><span class=\"boldLevel1\">[Ue]  Tens\u00e3o nominal de funcionamento<\/span><\/td>\n<td class=\"listParamValue\"><span class=\"level1\">380&#8230;415 V AC 50\/60 Hz<br \/>\n<\/span><\/td>\n<\/tr>\n<tr class=\"list\">\n<td class=\"listParamName\" width=\"50%\"><span class=\"boldLevel1\">Tecnologia de disparo de corrente residual<\/span><\/td>\n<td class=\"listParamValue\"><span class=\"level1\">Independente da tens\u00e3o<br \/>\n<\/span><\/td>\n<\/tr>\n<tr class=\"list\">\n<td class=\"listParamName\" width=\"50%\"><span class=\"boldLevel1\">Capacidade de comuta\u00e7\u00e3o e ruptura<\/span><\/td>\n<td class=\"listParamValue\"><span class=\"level1\">Idm 1500 A<br \/>\nIm 1500 A<br \/>\n<\/span><\/td>\n<\/tr>\n<tr class=\"list\">\n<td class=\"listParamName\" width=\"50%\"><span class=\"boldLevel1\">Corrente condicional de curto-circuito<\/span><\/td>\n<td class=\"listParamValue\"><span class=\"level1\">10 kA<br \/>\n<\/span><\/td>\n<\/tr>\n<tr class=\"list\">\n<td class=\"listParamName\" width=\"50%\"><span class=\"boldLevel1\">[Ui]  Tens\u00e3o nominal de isolamento<\/span><\/td>\n<td class=\"listParamValue\"><span class=\"level1\">500 V AC 50\/60 Hz<br \/>\n<\/span><\/td>\n<\/tr>\n<tr class=\"list\">\n<td class=\"listParamName\" width=\"50%\"><span class=\"boldLevel1\">[Uimp]  Pico de resist\u00eancia de tens\u00e3o<\/span><\/td>\n<td class=\"listParamValue\"><span class=\"level1\">6 kV<br \/>\n<\/span><\/td>\n<\/tr>\n<tr class=\"list\">\n<td class=\"listParamName\" width=\"50%\"><span class=\"boldLevel1\">Corrente de surto<\/span><\/td>\n<td class=\"listParamValue\"><span class=\"level1\">250 A<br \/>\n<\/span><\/td>\n<\/tr>\n<tr class=\"list\">\n<td class=\"listParamName\" width=\"50%\"><span class=\"boldLevel1\">Indicador de posi\u00e7\u00e3o de contacto<\/span><\/td>\n<td class=\"listParamValue\"><span class=\"level1\">Sim<br \/>\n<\/span><\/td>\n<\/tr>\n<tr class=\"list\">\n<td class=\"listParamName\" width=\"50%\"><span class=\"boldLevel1\">Tipo de controlo<\/span><\/td>\n<td class=\"listParamValue\"><span class=\"level1\">Manusear<br \/>\n<\/span><\/td>\n<\/tr>\n<tr class=\"list\">\n<td class=\"listParamName\" width=\"50%\"><span class=\"boldLevel1\">Tipo de montagem<\/span><\/td>\n<td class=\"listParamValue\"><span class=\"level1\">Ajust\u00e1vel em clipe<br \/>\n<\/span><\/td>\n<\/tr>\n<tr class=\"list\">\n<td class=\"listParamName\" width=\"50%\"><span class=\"boldLevel1\">Suporte de montagem<\/span><\/td>\n<td class=\"listParamValue\"><span class=\"level1\">Calha DIN<br \/>\n<\/span><\/td>\n<\/tr>\n<tr class=\"list\">\n<td class=\"listParamName\" width=\"50%\"><span class=\"boldLevel1\">Degraus de 9 mm<\/span><\/td>\n<td class=\"listParamValue\"><span class=\"level1\">8<br \/>\n<\/span><\/td>\n<\/tr>\n<tr class=\"list\">\n<td class=\"listParamName\" width=\"50%\"><span class=\"boldLevel1\">Altura<\/span><\/td>\n<td class=\"listParamValue\"><span class=\"level1\">91 mm<br \/>\n<\/span><\/td>\n<\/tr>\n<tr class=\"list\">\n<td class=\"listParamName\" width=\"50%\"><span class=\"boldLevel1\">Largura<\/span><\/td>\n<td class=\"listParamValue\"><span class=\"level1\">72 mm<br \/>\n<\/span><\/td>\n<\/tr>\n<tr class=\"list\">\n<td class=\"listParamName\" width=\"50%\"><span class=\"boldLevel1\">Profundidade<\/span><\/td>\n<td class=\"listParamValue\"><span class=\"level1\">73,5 mm<br \/>\n<\/span><\/td>\n<\/tr>\n<tr class=\"list\">\n<td class=\"listParamName\" width=\"50%\"><span class=\"boldLevel1\">Peso do produto<\/span><\/td>\n<td class=\"listParamValue\"><span class=\"level1\">0,37 kg<br \/>\n<\/span><\/td>\n<\/tr>\n<tr class=\"list\">\n<td class=\"listParamName\" width=\"50%\"><span class=\"boldLevel1\">Cor<\/span><\/td>\n<td class=\"listParamValue\"><span class=\"level1\">Branco<br \/>\n<\/span><\/td>\n<\/tr>\n<tr class=\"list\">\n<td class=\"listParamName\" width=\"50%\"><span class=\"boldLevel1\">Durabilidade mec\u00e2nica<\/span><\/td>\n<td class=\"listParamValue\"><span class=\"level1\">20000 ciclos<br \/>\n<\/span><\/td>\n<\/tr>\n<tr class=\"list\">\n<td class=\"listParamName\" width=\"50%\"><span class=\"boldLevel1\">Durabilidade el\u00e9ctrica<\/span><\/td>\n<td class=\"listParamValue\"><span class=\"level1\">AC-1, estado 1 15000 ciclos<br \/>\n<\/span><\/td>\n<\/tr>\n<tr class=\"list\">\n<td class=\"listParamName\" width=\"50%\"><span class=\"boldLevel1\">Descri\u00e7\u00e3o das op\u00e7\u00f5es de bloqueio<\/span><\/td>\n<td class=\"listParamValue\"><span class=\"level1\">Dispositivo de bloqueio com cadeado<br \/>\n<\/span><\/td>\n<\/tr>\n<tr class=\"list\">\n<td class=\"listParamName\" width=\"50%\"><span class=\"boldLevel1\">Liga\u00e7\u00f5es &#8211; terminais<\/span><\/td>\n<td class=\"listParamValue\"><span class=\"level1\">Condutor \u00fanico a montante ou a jusante1&#8230;35 mm\u00b2 r\u00edgido<br \/>\nTerminal \u00fanico superior ou inferior1&#8230;25 mm\u00b2 flex\u00edvel<br \/>\nCondutor \u00fanico flex\u00edvel a montante ou a jusante1&#8230;25 mm\u00b2 com ponteira<br \/>\n<\/span><\/td>\n<\/tr>\n<tr class=\"list\">\n<td class=\"listParamName\" width=\"50%\"><span class=\"boldLevel1\">Comprimento de cabo desnudado para liga\u00e7\u00e3o de terminais<\/span><\/td>\n<td class=\"listParamValue\"><span class=\"level1\">Liga\u00e7\u00e3o de 14 mm para cima ou para baixo<br \/>\n<\/span><\/td>\n<\/tr>\n<tr class=\"list\">\n<td class=\"listParamName\" width=\"50%\"><span class=\"boldLevel1\">Torque de aperto<\/span><\/td>\n<td class=\"listParamValue\"><span class=\"level1\">3.5 N.m para cima ou para baixo<br \/>\n<\/span><\/td>\n<\/tr>\n<\/tbody>\n<\/table>\n<div class=\"spacer20\"><\/div>\n<div class=\"title\"><span class=\"boldLevel2\">Ambiente<\/span><\/div>\n<table border=\"0\" cellspacing=\"0\" cellpadding=\"0\">\n<tbody>\n<tr class=\"list\">\n<td class=\"listParamName\" width=\"50%\"><span class=\"boldLevel1\">Normas<\/span><\/td>\n<td class=\"listParamValue\"><span class=\"level1\">PT\/IEC 61008-1<br \/>\n<\/span><\/td>\n<\/tr>\n<tr class=\"list\">\n<td class=\"listParamName\" width=\"50%\"><span class=\"boldLevel1\">Grau de protec\u00e7\u00e3o IP<\/span><\/td>\n<td class=\"listParamValue\"><span class=\"level1\">IP20 em conformidade com a IEC 60529<br \/>\nIP40 (caixa modular) em conformidade com a IEC 60529<br \/>\n<\/span><\/td>\n<\/tr>\n<tr class=\"list\">\n<td class=\"listParamName\" width=\"50%\"><span class=\"boldLevel1\">Grau de contamina\u00e7\u00e3o<\/span><\/td>\n<td class=\"listParamValue\"><span class=\"level1\">3<br \/>\n<\/span><\/td>\n<\/tr>\n<tr class=\"list\">\n<td class=\"listParamName\" width=\"50%\"><span class=\"boldLevel1\">Compatibilidade electromagn\u00e9tica<\/span><\/td>\n<td class=\"listParamValue\"><span class=\"level1\">Impulso aguenta 8\/20 \u00b5s, 250 A de acordo com EN\/IEC 61008-1<br \/>\n<\/span><\/td>\n<\/tr>\n<tr class=\"list\">\n<td class=\"listParamName\" width=\"50%\"><span class=\"boldLevel1\">Temperatura ambiente de funcionamento<\/span><\/td>\n<td class=\"listParamValue\"><span class=\"level1\">-5&#8230;60 \u00b0C<br \/>\n<\/span><\/td>\n<\/tr>\n<tr class=\"list\">\n<td class=\"listParamName\" width=\"50%\"><span class=\"boldLevel1\">Temperatura ambiente de armazenamento<\/span><\/td>\n<td class=\"listParamValue\"><span class=\"level1\">-40&#8230;85 \u00b0C<\/span><\/td>\n<\/tr>\n<\/tbody>\n<\/table>\n<\/td>\n<\/tr>\n<\/tbody>\n<\/table>\n<p>Se precisar de <a href=\"https:\/\/eriacomponentes.es\/comprar-online\/automaticos-diferenciales\/\">automatismos<\/a>, visite a nossa sec\u00e7\u00e3o de automatismos e diferenciais.<\/p>\n","protected":false},"excerpt":{"rendered":"<p><strong>Interruptor Diferencial IDD 4-POLE 25A 30mA CLASS-AC A9R81425 SCHNEIDER.<\/strong><\/p>\n<h4><em><strong>Especifica\u00e7\u00f5es t\u00e9cnicas<\/strong><\/em><\/h4>\n<table style=\"width: 165px; height: 62px;\">\n<tbody>\n<tr>\n<th style=\"text-align: center;\"><a href=\"https:\/\/eriacomponentes.es\/wp-content\/uploads\/2023\/03\/A9R81425_document.pdf\" target=\"_blank\" rel=\"noopener\">[icon color=\"Extra-Color-1\" size=\"regular\" icon_size=\"\" image=\"fa-file-pdf-o\"]  F.T.<\/a><\/th>\n<\/tr>\n<\/tbody>\n<\/table>\n","protected":false},"featured_media":48246,"comment_status":"open","ping_status":"closed","template":"","meta":[],"product_brand":[],"product_cat":[4131,4138],"product_tag":[4149],"class_list":{"0":"post-48752","1":"product","2":"type-product","3":"status-publish","4":"has-post-thumbnail","6":"product_cat-automatismos-e-diferenciais-pt-pt","7":"product_cat-residencial","8":"product_tag-schneider-pt-pt-2","9":"product_shipping_class-0-5-kg-pt-pt","10":"pa_fabricante-schneider-pt-pt","12":"first","13":"instock","14":"taxable","15":"shipping-taxable","16":"purchasable","17":"product-type-simple"},"_links":{"self":[{"href":"https:\/\/eriacomponentes.es\/pt-pt\/wp-json\/wp\/v2\/product\/48752","targetHints":{"allow":["GET"]}}],"collection":[{"href":"https:\/\/eriacomponentes.es\/pt-pt\/wp-json\/wp\/v2\/product"}],"about":[{"href":"https:\/\/eriacomponentes.es\/pt-pt\/wp-json\/wp\/v2\/types\/product"}],"replies":[{"embeddable":true,"href":"https:\/\/eriacomponentes.es\/pt-pt\/wp-json\/wp\/v2\/comments?post=48752"}],"wp:featuredmedia":[{"embeddable":true,"href":"https:\/\/eriacomponentes.es\/pt-pt\/wp-json\/wp\/v2\/media\/48246"}],"wp:attachment":[{"href":"https:\/\/eriacomponentes.es\/pt-pt\/wp-json\/wp\/v2\/media?parent=48752"}],"wp:term":[{"taxonomy":"product_brand","embeddable":true,"href":"https:\/\/eriacomponentes.es\/pt-pt\/wp-json\/wp\/v2\/product_brand?post=48752"},{"taxonomy":"product_cat","embeddable":true,"href":"https:\/\/eriacomponentes.es\/pt-pt\/wp-json\/wp\/v2\/product_cat?post=48752"},{"taxonomy":"product_tag","embeddable":true,"href":"https:\/\/eriacomponentes.es\/pt-pt\/wp-json\/wp\/v2\/product_tag?post=48752"}],"curies":[{"name":"wp","href":"https:\/\/api.w.org\/{rel}","templated":true}]}}