{"id":48721,"date":"2023-03-13T12:05:48","date_gmt":"2023-03-13T11:05:48","guid":{"rendered":"https:\/\/eriacomponentes.es\/comprar\/disjuntor-mag-ik60n-2-p-6a-curva-c-a9f89206-schneider\/"},"modified":"2023-03-13T12:05:48","modified_gmt":"2023-03-13T11:05:48","slug":"automatic-switch-a9f89206","status":"publish","type":"product","link":"https:\/\/eriacomponentes.es\/pt-pt\/comprar\/automatic-switch-a9f89206\/","title":{"rendered":"DISJUNTOR MAG IK60N 2 P 6A CURVA-C A9F89206 SCHNEIDER"},"content":{"rendered":"<h2><strong>DESCRI\u00c7\u00c3O DISJUNTOR MAG IK60N 2 P 6A CURVA-C A9F89206 SCHNEIDER.<\/strong><\/h2>\n<p>iC60H Acti 9, 2P, 6A, curva C, IP20, disjuntor termo-magn\u00e9tico, adequado para desligar, indicador de posi\u00e7\u00e3o de contacto, controlo de man\u00edpulo, indicador de disparo, montagem fixa, montagem em calha DIN, sem protec\u00e7\u00e3o de fuga de terra, 85x18x78,5mm, pesa 0,215kg, branco. Capacidade de ruptura: 10000 A Icn de acordo com IEC 60898-1, 230 V AC 50\/60 Hz, 15 kA Icu de acordo com IEC 60947-2, 220&#8230;240 V AC 50\/60 Hz, 15 kA Icu de acordo com EN 60947-2, 220&#8230;240 V AC 50\/60 Hz, 15 kA Icu de acordo com EN 60947-2, 220&#8230;240 V AC 50\/60 Hz, 15 kA Icu de acordo com IEC 60947-2, 220&#8230;240 V AC 50\/60 Hz, 20 kA Icu de acordo com IEC 60947-2, 12&#8230;60 V DC, 30 kA Icu de acordo com EN 60947-2, 100&#8230;133 V AC 50\/60 Hz, 10000 A Icn de acordo com EN 60898-1, 230 V AC 50\/60 Hz, 42 kA Icu de acordo com IEC 60947-2, 12&#8230;60 V AC 50\/60 Hz, 42 kA Icu de acordo com IEC 60947-2, 12&#8230;60 V AC 50\/60 Hz, 15 kA Icu de acordo com a EN 60947-2, 72 V DC, 20 kA Icu de acordo com a EN 60947-2, 12&#8230;60 V DC, 30 kA Icu de acordo com a IEC 60947-2, 100&#8230;133 V AC 50\/60 Hz, 42 kA Icu de acordo com a EN 60947-2, 12&#8230;133 V AC 50\/60 Hz, 42 kA Icu de acordo com a EN 60947-2, 12&#8230;60 V AC 50\/60 Hz, 42 kA Icu de acordo com a EN 60947-2, 12&#8230;60 V AC 50\/60 Hz, 15 kA Icu de acordo com IEC 60947-2, 72 V DC, categoria de utiliza\u00e7\u00e3o A de acordo com EN 60947-2, categoria A de acordo com IEC 60947-2, adequado para isolamento de acordo com EN 60898-1, de acordo com EN 60947-2, de acordo com IEC 60947-2 e de acordo com IEC 60898-1. Normas: IEC 60898-1, EN 60898-1, EN 60947-2, IEC 60947-2.<\/p>\n<p><strong>Disjuntor Schneider<\/strong> IC60H 2P 6A Curva C &#8211; Schneider A9F89206. Grau de protec\u00e7\u00e3o: IP20. Cor: branco. Peso: 0,5 kg. Corrente nominal (In) 25 A. Tipo de corrente: AC\/DC.<\/p>\n<p><strong>Marca:<\/strong> <a href=\"https:\/\/www.se.com\/es\/es\/\" target=\"_blank\" rel=\"noopener noreferrer\">Schneider<\/a>.<\/p>\n<h2><strong>CARACTER\u00cdSTICAS T\u00c9CNICAS<\/strong><\/h2>\n<table class=\"dataCT\" border=\"0\" cellspacing=\"0\" cellpadding=\"0\">\n<tbody>\n<tr>\n<td class=\"dataCT\"><span class=\"boldLevel2\">Informa\u00e7\u00e3o t\u00e9cnica<\/span><\/td>\n<td class=\"dataCTR\" nowrap><\/td>\n<\/tr>\n<\/tbody>\n<\/table>\n<table class=\"dataC\" border=\"0\" cellspacing=\"0\" cellpadding=\"0\">\n<tbody>\n<tr>\n<td>\n<div class=\"title\"><span class=\"boldLevel2\">Principal<\/span><\/div>\n<table border=\"0\" cellspacing=\"0\" cellpadding=\"0\">\n<tbody>\n<tr class=\"list\">\n<td class=\"listParamName\" width=\"50%\"><span class=\"boldLevel1\">Aplica\u00e7\u00e3o do dispositivo<\/span><\/td>\n<td class=\"listParamValue\"><span class=\"level1\">Para corrente&gt; 0.1 A<br \/>\n<\/span><\/td>\n<\/tr>\n<tr class=\"list\">\n<td class=\"listParamName\" width=\"50%\"><span class=\"boldLevel1\">Gama<\/span><\/td>\n<td class=\"listParamValue\"><span class=\"level1\">Acti9<br \/>\n<\/span><\/td>\n<\/tr>\n<tr class=\"list\">\n<td class=\"listParamName\" width=\"50%\"><span class=\"boldLevel1\">Nome do produto<\/span><\/td>\n<td class=\"listParamValue\"><span class=\"level1\">Acti 9 iC60 RCBO<br \/>\n<\/span><\/td>\n<\/tr>\n<tr class=\"list\">\n<td class=\"listParamName\" width=\"50%\"><span class=\"boldLevel1\">Tipo de produto ou componente<\/span><\/td>\n<td class=\"listParamValue\"><span class=\"level1\">Disjuntor miniatura<br \/>\n<\/span><\/td>\n<\/tr>\n<tr class=\"list\">\n<td class=\"listParamName\" width=\"50%\"><span class=\"boldLevel1\">Nome curto do dispositivo<\/span><\/td>\n<td class=\"listParamValue\"><span class=\"level1\">IC60H<br \/>\n<\/span><\/td>\n<\/tr>\n<tr class=\"list\">\n<td class=\"listParamName\" width=\"50%\"><span class=\"boldLevel1\">N\u00famero de p\u00f3los<\/span><\/td>\n<td class=\"listParamValue\"><span class=\"level1\">2P<br \/>\n<\/span><\/td>\n<\/tr>\n<tr class=\"list\">\n<td class=\"listParamName\" width=\"50%\"><span class=\"boldLevel1\">N\u00famero de postes protegidos<\/span><\/td>\n<td class=\"listParamValue\"><span class=\"level1\">2<br \/>\n<\/span><\/td>\n<\/tr>\n<tr class=\"list\">\n<td class=\"listParamName\" width=\"50%\"><span class=\"boldLevel1\">[In]  Corrente nominal<\/span><\/td>\n<td class=\"listParamValue\"><span class=\"level1\">6 A<br \/>\n<\/span><\/td>\n<\/tr>\n<tr class=\"list\">\n<td class=\"listParamName\" width=\"50%\"><span class=\"boldLevel1\">Tipo de rede<\/span><\/td>\n<td class=\"listParamValue\"><span class=\"level1\">Corrente cont\u00ednua<br \/>\nAC<br \/>\n<\/span><\/td>\n<\/tr>\n<tr class=\"list\">\n<td class=\"listParamName\" width=\"50%\"><span class=\"boldLevel1\">Tecnologia de unidades de queima<\/span><\/td>\n<td class=\"listParamValue\"><span class=\"level1\">Termo-magn\u00e9tico<br \/>\n<\/span><\/td>\n<\/tr>\n<tr class=\"list\">\n<td class=\"listParamName\" width=\"50%\"><span class=\"boldLevel1\">C\u00f3digo da curva<\/span><\/td>\n<td class=\"listParamValue\"><span class=\"level1\">C<br \/>\n<\/span><\/td>\n<\/tr>\n<tr class=\"list\">\n<td class=\"listParamName\" width=\"50%\"><span class=\"boldLevel1\">Capacidade de corte<\/span><\/td>\n<td class=\"listParamValue\"><span class=\"level1\">10000 A Icn a 400 V AC 50\/60 Hz de acordo com EN\/IEC 60898-1<br \/>\n42 kA Icu a 12&#8230;60 V AC 50\/60 Hz de acordo com Icu<br \/>\n10 kA Icu a 440 V AC 50\/60 Hz de acordo com Icu<br \/>\n15 kA Icu a 380&#8230;415 V AC 50\/60 Hz de acordo com Icu<br \/>\n30 kA Icu a 220&#8230;240 V AC 50\/60 Hz de acordo com Icu<br \/>\n15 kA Icu em &lt;= 125 V corrente cont\u00ednua de acordo com Icu<br \/>\n42 kA Icu a 100&#8230;133 V AC 50\/60 Hz de acordo com Icu<br \/>\n<\/span><\/td>\n<\/tr>\n<tr class=\"list\">\n<td class=\"listParamName\" width=\"50%\"><span class=\"boldLevel1\">Categoria de emprego<\/span><\/td>\n<td class=\"listParamValue\"><span class=\"level1\">Categoria A de acordo com HB1<br \/>\nCategoria A de acordo com En&gt; 50 A<br \/>\n<\/span><\/td>\n<\/tr>\n<tr class=\"list\">\n<td class=\"listParamName\" width=\"50%\"><span class=\"boldLevel1\">Poder seccionador<\/span><\/td>\n<td class=\"listParamValue\"><span class=\"level1\">Sim, de acordo com a norma EN 60898-1<br \/>\nSim, de acordo com HB1<br \/>\nSim de acordo com IEC 60898-1<br \/>\nSim de acordo com En&gt; 50 A<br \/>\n<\/span><\/td>\n<\/tr>\n<tr class=\"list\">\n<td class=\"listParamName\" width=\"50%\"><span class=\"boldLevel1\">Normas<\/span><\/td>\n<td class=\"listParamValue\"><span class=\"level1\">HB1<br \/>\nEm&gt; 50 A<br \/>\nEN 60898-1<br \/>\nIEC 60898-1<br \/>\n<\/span><\/td>\n<\/tr>\n<\/tbody>\n<\/table>\n<div class=\"spacer20\"><\/div>\n<div class=\"title\"><span class=\"boldLevel2\">Complementar<\/span><\/div>\n<table border=\"0\" cellspacing=\"0\" cellpadding=\"0\">\n<tbody>\n<tr class=\"list\">\n<td class=\"listParamName\" width=\"50%\"><span class=\"boldLevel1\">Frequ\u00eancia da rede<\/span><\/td>\n<td class=\"listParamValue\"><span class=\"level1\">50\/60 Hz<br \/>\n<\/span><\/td>\n<\/tr>\n<tr class=\"list\">\n<td class=\"listParamName\" width=\"50%\"><span class=\"boldLevel1\">Limite da liga\u00e7\u00e3o magn\u00e9tica<\/span><\/td>\n<td class=\"listParamValue\"><span class=\"level1\">8 x Em +\/- 20%.<br \/>\n<\/span><\/td>\n<\/tr>\n<tr class=\"list\">\n<td class=\"listParamName\" width=\"50%\"><span class=\"boldLevel1\">[Ics]  capacidade de ruptura em servi\u00e7o<\/span><\/td>\n<td class=\"listParamValue\"><span class=\"level1\">15 kA 50 % de acordo com HB1 &#8211; 220&#8230;240 V AC 50\/60 Hz<br \/>\n7,5 kA 50 % de acordo com HB1 &#8211; 380&#8230;415 V AC 50\/60 Hz<br \/>\n5 kA 50 % de acordo com HB1 &#8211; 440 V AC 50\/60 Hz<br \/>\n15 kA 50 % de acordo com En&gt; 50 A &#8211; 220&#8230;240 V AC 50\/60 Hz<br \/>\n7,5 kA 50 % de acordo com En&gt; 50 A &#8211; 380&#8230;415 V AC 50\/60 Hz<br \/>\n5 kA 50 % de acordo com En&gt; 50 A &#8211; 440 V AC 50\/60 Hz<br \/>\n7500 A 75 % de acordo com EN 60898-1 &#8211; 400 V AC 50\/60 Hz<br \/>\n7500 A 75 % de acordo com IEC 60898-1 &#8211; 400 V AC 50\/60 Hz<br \/>\n21 kA 50 % em conformidade com En&gt; 50 A &#8211; 12&#8230;133 V AC 50\/60 Hz<br \/>\n21 kA 50 % de acordo com HB1 &#8211; 12&#8230;133 V AC 50\/60 Hz<br \/>\n15 kA 100 % de acordo com En&gt; 50 A &#8211; 72&#8230;125 V corrente cont\u00ednua<br \/>\n15 kA 100 % de acordo com HB1 &#8211; 72&#8230;125 V corrente cont\u00ednua<br \/>\n<\/span><\/td>\n<\/tr>\n<tr class=\"list\">\n<td class=\"listParamName\" width=\"50%\"><span class=\"boldLevel1\">Tipo de limita\u00e7\u00e3o<\/span><\/td>\n<td class=\"listParamValue\"><span class=\"level1\">3 de acordo com a norma EN 60898-1<br \/>\n3 de acordo com IEC 60898-1<br \/>\n<\/span><\/td>\n<\/tr>\n<tr class=\"list\">\n<td class=\"listParamName\" width=\"50%\"><span class=\"boldLevel1\">[Ui]  Tens\u00e3o nominal de isolamento<\/span><\/td>\n<td class=\"listParamValue\"><span class=\"level1\">500 V AC 50\/60 Hz de acordo com HB1<br \/>\n500 V AC 50\/60 Hz de acordo com En&gt; 50 A<br \/>\n<\/span><\/td>\n<\/tr>\n<tr class=\"list\">\n<td class=\"listParamName\" width=\"50%\"><span class=\"boldLevel1\">[Uimp]  Pico de resist\u00eancia de tens\u00e3o<\/span><\/td>\n<td class=\"listParamValue\"><span class=\"level1\">6 kV de acordo com HB1<br \/>\n6 kV de acordo com En&gt; 50 A<br \/>\n<\/span><\/td>\n<\/tr>\n<tr class=\"list\">\n<td class=\"listParamName\" width=\"50%\"><span class=\"boldLevel1\">Indicador de posi\u00e7\u00e3o de contacto<\/span><\/td>\n<td class=\"listParamValue\"><span class=\"level1\">Sim<br \/>\n<\/span><\/td>\n<\/tr>\n<tr class=\"list\">\n<td class=\"listParamName\" width=\"50%\"><span class=\"boldLevel1\">Tipo de controlo<\/span><\/td>\n<td class=\"listParamValue\"><span class=\"level1\">Manusear<br \/>\n<\/span><\/td>\n<\/tr>\n<tr class=\"list\">\n<td class=\"listParamName\" width=\"50%\"><span class=\"boldLevel1\">Sinaliza\u00e7\u00e3o no local<\/span><\/td>\n<td class=\"listParamValue\"><span class=\"level1\">Indicador de disparo<br \/>\n<\/span><\/td>\n<\/tr>\n<tr class=\"list\">\n<td class=\"listParamName\" width=\"50%\"><span class=\"boldLevel1\">Tipo de montagem<\/span><\/td>\n<td class=\"listParamValue\"><span class=\"level1\">Fixa<br \/>\n<\/span><\/td>\n<\/tr>\n<tr class=\"list\">\n<td class=\"listParamName\" width=\"50%\"><span class=\"boldLevel1\">Suporte de montagem<\/span><\/td>\n<td class=\"listParamValue\"><span class=\"level1\">Calha DIN<br \/>\n<\/span><\/td>\n<\/tr>\n<tr class=\"list\">\n<td class=\"listParamName\" width=\"50%\"><span class=\"boldLevel1\">Compatibilidade de blocos de distribui\u00e7\u00e3o e barramentos de pente<\/span><\/td>\n<td class=\"listParamValue\"><span class=\"level1\">Acima ou abaixo, estado 1 SIM<br \/>\n<\/span><\/td>\n<\/tr>\n<tr class=\"list\">\n<td class=\"listParamName\" width=\"50%\"><span class=\"boldLevel1\">Degraus de 9 mm<\/span><\/td>\n<td class=\"listParamValue\"><span class=\"level1\">4<br \/>\n<\/span><\/td>\n<\/tr>\n<tr class=\"list\">\n<td class=\"listParamName\" width=\"50%\"><span class=\"boldLevel1\">Altura<\/span><\/td>\n<td class=\"listParamValue\"><span class=\"level1\">85 mm<br \/>\n<\/span><\/td>\n<\/tr>\n<tr class=\"list\">\n<td class=\"listParamName\" width=\"50%\"><span class=\"boldLevel1\">Largura<\/span><\/td>\n<td class=\"listParamValue\"><span class=\"level1\">36 mm<br \/>\n<\/span><\/td>\n<\/tr>\n<tr class=\"list\">\n<td class=\"listParamName\" width=\"50%\"><span class=\"boldLevel1\">Profundidade<\/span><\/td>\n<td class=\"listParamValue\"><span class=\"level1\">78,5 mm<br \/>\n<\/span><\/td>\n<\/tr>\n<tr class=\"list\">\n<td class=\"listParamName\" width=\"50%\"><span class=\"boldLevel1\">Peso do produto<\/span><\/td>\n<td class=\"listParamValue\"><span class=\"level1\">0,25 kg<br \/>\n<\/span><\/td>\n<\/tr>\n<tr class=\"list\">\n<td class=\"listParamName\" width=\"50%\"><span class=\"boldLevel1\">Cor<\/span><\/td>\n<td class=\"listParamValue\"><span class=\"level1\">Branco<br \/>\n<\/span><\/td>\n<\/tr>\n<tr class=\"list\">\n<td class=\"listParamName\" width=\"50%\"><span class=\"boldLevel1\">Durabilidade mec\u00e2nica<\/span><\/td>\n<td class=\"listParamValue\"><span class=\"level1\">20000 ciclos<br \/>\n<\/span><\/td>\n<\/tr>\n<tr class=\"list\">\n<td class=\"listParamName\" width=\"50%\"><span class=\"boldLevel1\">Durabilidade el\u00e9ctrica<\/span><\/td>\n<td class=\"listParamValue\"><span class=\"level1\">10000 ciclos<br \/>\n<\/span><\/td>\n<\/tr>\n<tr class=\"list\">\n<td class=\"listParamName\" width=\"50%\"><span class=\"boldLevel1\">Liga\u00e7\u00f5es &#8211; terminais<\/span><\/td>\n<td class=\"listParamValue\"><span class=\"level1\">Terminal \u00fanico &#8211; tipo de cabo: superior ou inferior) 1&#8230;25 mm\u00b2 r\u00edgido<br \/>\nTerminal \u00fanico &#8211; tipo de cabo: superior ou inferior) 1&#8230;16 mm\u00b2 flex\u00edvel<br \/>\n<\/span><\/td>\n<\/tr>\n<tr class=\"list\">\n<td class=\"listParamName\" width=\"50%\"><span class=\"boldLevel1\">Comprimento de cabo desnudado para liga\u00e7\u00e3o de terminais<\/span><\/td>\n<td class=\"listParamValue\"><span class=\"level1\">Liga\u00e7\u00e3o de 14 mm para cima ou para baixo<br \/>\n<\/span><\/td>\n<\/tr>\n<tr class=\"list\">\n<td class=\"listParamName\" width=\"50%\"><span class=\"boldLevel1\">Torque de aperto<\/span><\/td>\n<td class=\"listParamValue\"><span class=\"level1\">2 N.m para cima ou para baixo<br \/>\n<\/span><\/td>\n<\/tr>\n<tr class=\"list\">\n<td class=\"listParamName\" width=\"50%\"><span class=\"boldLevel1\">Protec\u00e7\u00e3o contra fugas de terra<\/span><\/td>\n<td class=\"listParamValue\"><span class=\"level1\">Bloco independente<br \/>\n<\/span><\/td>\n<\/tr>\n<\/tbody>\n<\/table>\n<div class=\"spacer20\"><\/div>\n<div class=\"title\"><span class=\"boldLevel2\">Ambiente<\/span><\/div>\n<table border=\"0\" cellspacing=\"0\" cellpadding=\"0\">\n<tbody>\n<tr class=\"list\">\n<td class=\"listParamName\" width=\"50%\"><span class=\"boldLevel1\">Grau de protec\u00e7\u00e3o IP<\/span><\/td>\n<td class=\"listParamValue\"><span class=\"level1\">IP20 de acordo com IEC 60529<br \/>\nIP20 segundo a norma EN 60529<br \/>\n<\/span><\/td>\n<\/tr>\n<tr class=\"list\">\n<td class=\"listParamName\" width=\"50%\"><span class=\"boldLevel1\">Grau de contamina\u00e7\u00e3o<\/span><\/td>\n<td class=\"listParamValue\"><span class=\"level1\">3 de acordo com HB1<br \/>\n3 acorde a En&gt; 50 A<br \/>\n<\/span><\/td>\n<\/tr>\n<tr class=\"list\">\n<td class=\"listParamName\" width=\"50%\"><span class=\"boldLevel1\">Categoria de sobretens\u00e3o<\/span><\/td>\n<td class=\"listParamValue\"><span class=\"level1\">IV<br \/>\n<\/span><\/td>\n<\/tr>\n<tr class=\"list\">\n<td class=\"listParamName\" width=\"50%\"><span class=\"boldLevel1\">Tropicaliza\u00e7\u00e3o<\/span><\/td>\n<td class=\"listParamValue\"><span class=\"level1\">2 de acordo com IEC 60068-1<br \/>\n<\/span><\/td>\n<\/tr>\n<tr class=\"list\">\n<td class=\"listParamName\" width=\"50%\"><span class=\"boldLevel1\">Humidade relativa<\/span><\/td>\n<td class=\"listParamValue\"><span class=\"level1\">95 % a 55 \u00b0C<br \/>\n<\/span><\/td>\n<\/tr>\n<tr class=\"list\">\n<td class=\"listParamName\" width=\"50%\"><span class=\"boldLevel1\">Altitude m\u00e1xima de funcionamento<\/span><\/td>\n<td class=\"listParamValue\"><span class=\"level1\">0&#8230;2000 m<br \/>\n<\/span><\/td>\n<\/tr>\n<tr class=\"list\">\n<td class=\"listParamName\" width=\"50%\"><span class=\"boldLevel1\">Temperatura ambiente de funcionamento<\/span><\/td>\n<td class=\"listParamValue\"><span class=\"level1\">-35&#8230;70 \u00b0C<br \/>\n<\/span><\/td>\n<\/tr>\n<tr class=\"list\">\n<td class=\"listParamName\" width=\"50%\"><span class=\"boldLevel1\">Temperatura ambiente de armazenamento<\/span><\/td>\n<td class=\"listParamValue\"><span class=\"level1\">-40&#8230;85 \u00b0C<br \/>\n<\/span><\/td>\n<\/tr>\n<\/tbody>\n<\/table>\n<\/td>\n<\/tr>\n<\/tbody>\n<\/table>\n<p>Se precisar de <a style=\"font-size: 16px;\" href=\"https:\/\/eriacomponentes.es\/comprar-online\/automaticos-diferenciales\/\">automatismos<\/a>,<span style=\"font-size: 16px;\"> visite a nossa sec\u00e7\u00e3o de automatismos e diferenciais<\/span>.<\/p>\n","protected":false},"excerpt":{"rendered":"<p><strong>Disjuntor Magneto-t\u00e9rmico IK60N 2 P 6A CURVA-C A9F89F89206 SCHNEIDER.<\/strong><\/p>\n<p><strong> <\/strong><em><strong>Especifica\u00e7\u00f5es t\u00e9cnicas<\/strong><\/em><\/p>\n<table style=\"width: 165px; height: 62px;\">\n<tbody>\n<tr>\n<th style=\"text-align: center;\"><a href=\"https:\/\/eriacomponentes.es\/wp-content\/uploads\/2023\/03\/A9F89206_document.pdf\" target=\"_blank\" rel=\"noopener\">[icon color=\"Extra-Color-1\" size=\"regular\" icon_size=\"\" image=\"fa-file-pdf-o\"]  F.T.<\/a><\/th>\n<\/tr>\n<\/tbody>\n<\/table>\n","protected":false},"featured_media":48315,"comment_status":"open","ping_status":"closed","template":"","meta":[],"product_brand":[],"product_cat":[4131,4138],"product_tag":[4149],"class_list":{"0":"post-48721","1":"product","2":"type-product","3":"status-publish","4":"has-post-thumbnail","6":"product_cat-automatismos-e-diferenciais-pt-pt","7":"product_cat-residencial","8":"product_tag-schneider-pt-pt-2","9":"product_shipping_class-0-5-kg-pt-pt","10":"pa_fabricante-schneider-pt-pt","12":"first","13":"instock","14":"taxable","15":"shipping-taxable","16":"purchasable","17":"product-type-simple"},"_links":{"self":[{"href":"https:\/\/eriacomponentes.es\/pt-pt\/wp-json\/wp\/v2\/product\/48721","targetHints":{"allow":["GET"]}}],"collection":[{"href":"https:\/\/eriacomponentes.es\/pt-pt\/wp-json\/wp\/v2\/product"}],"about":[{"href":"https:\/\/eriacomponentes.es\/pt-pt\/wp-json\/wp\/v2\/types\/product"}],"replies":[{"embeddable":true,"href":"https:\/\/eriacomponentes.es\/pt-pt\/wp-json\/wp\/v2\/comments?post=48721"}],"wp:featuredmedia":[{"embeddable":true,"href":"https:\/\/eriacomponentes.es\/pt-pt\/wp-json\/wp\/v2\/media\/48315"}],"wp:attachment":[{"href":"https:\/\/eriacomponentes.es\/pt-pt\/wp-json\/wp\/v2\/media?parent=48721"}],"wp:term":[{"taxonomy":"product_brand","embeddable":true,"href":"https:\/\/eriacomponentes.es\/pt-pt\/wp-json\/wp\/v2\/product_brand?post=48721"},{"taxonomy":"product_cat","embeddable":true,"href":"https:\/\/eriacomponentes.es\/pt-pt\/wp-json\/wp\/v2\/product_cat?post=48721"},{"taxonomy":"product_tag","embeddable":true,"href":"https:\/\/eriacomponentes.es\/pt-pt\/wp-json\/wp\/v2\/product_tag?post=48721"}],"curies":[{"name":"wp","href":"https:\/\/api.w.org\/{rel}","templated":true}]}}