{"id":48714,"date":"2021-09-21T12:32:50","date_gmt":"2021-09-21T10:32:50","guid":{"rendered":"https:\/\/eriacomponentes.es\/comprar\/disjuntor-de-fuga-de-terra-reinicializavel-automaticamente-2p-40a-30ma-ar-l62a40-030-sassin-electrico\/"},"modified":"2023-03-22T08:46:12","modified_gmt":"2023-03-22T07:46:12","slug":"diferencial-diferencial-deswitch-resetavel","status":"publish","type":"product","link":"https:\/\/eriacomponentes.es\/pt-pt\/comprar\/diferencial-diferencial-deswitch-resetavel\/","title":{"rendered":"DISJUNTOR DE FUGA DE TERRA REINICIALIZ\u00c1VEL AUTOMATICAMENTE 2P 40A 30MA AR-L62A40\/030 SASSIN EL\u00c9CTRICO"},"content":{"rendered":"<h2><strong>DESCRI\u00c7\u00c3O DISJUNTOR DE CIRCUITO DE FUGA DE TERRA REINICI\u00c1VEL AUTOMATICAMENTE 2P 40A 30MA AR-L62A40\/030 SASSIN.<\/strong><\/h2>\n<p>2P 40A 30mA disjuntor autom\u00e1tico de religa\u00e7\u00e3o de terra de classe A SASSIN. Mod. AR-L62A40-030<\/p>\n<p>Fabricante: <a href=\"http:\/\/www.sassin.com\/\" target=\"_blank\" rel=\"noopener\"> Sassin Electric<\/a><\/p>\n<div class=\"woocommerce-tabs wc-tabs-wrapper full-width-tabs\" data-tab-style=\"fullwidth\">\n<div id=\"tab-description\" class=\"panel entry-content\">\n<div id=\"home\" class=\"tab-pane fade active in\" role=\"tabpanel\" aria-labelledby=\"desc-tab\">\n<p>Se precisar de diferentes <a href=\"https:\/\/eriacomponentes.es\/comprar-online\/automaticos-diferenciales\/\">disjuntores <\/a>, visite a nossa sec\u00e7\u00e3o de disjuntores e interruptores diferenciais.<\/p>\n<\/div>\n<\/div>\n<\/div>\n","protected":false},"excerpt":{"rendered":"<p><strong>2P 40A 30MA AR-L62A40-030 Interruptor Diferencial Autom\u00e1tico Traseiro 2P 40A 30MA Sassin El\u00e9ctrico<\/strong><\/p>\n<p><em><strong>Ficha de Dados T\u00e9cnicos e Certificado.<\/strong><\/em><\/p>\n<table style=\"width: 165px; height: 62px;\">\n<tbody>\n<tr>\n<th style=\"text-align: center;\"><a href=\"https:\/\/eriacomponentes.es\/wp-content\/uploads\/2021\/09\/F-T-AR-L62A40-030.pdf\" target=\"_blank\" rel=\"noopener\">[icon color=\"Extra-Color-1\" size=\"regular\" icon_size=\"\" image=\"fa-file-pdf-o\"]  F.T.<\/a><\/th>\n<th style=\"text-align: center;\"><a href=\"https:\/\/eriacomponentes.es\/wp-content\/uploads\/2021\/09\/CERTIFICADOAR-L62A40-030.pdf\" target=\"_blank\" rel=\"noopener\">[icon color=\"Extra-Color-1\" size=\"regular\" icon_size=\"\" image=\"fa-file-pdf-o\"]  Inst.<\/a><\/th>\n<\/tr>\n<\/tbody>\n<\/table>\n<p>&nbsp;<\/p>\n","protected":false},"featured_media":38169,"comment_status":"open","ping_status":"closed","template":"","meta":[],"product_brand":[],"product_cat":[4131,4142],"product_tag":[4162],"class_list":{"0":"post-48714","1":"product","2":"type-product","3":"status-publish","4":"has-post-thumbnail","6":"product_cat-automatismos-e-diferenciais-pt-pt","7":"product_cat-terciario-pt-pt","8":"product_tag-sassin-electric-pt-pt","9":"product_shipping_class-0-5-kg-pt-pt","10":"pa_fabricante-circutor-pt-pt","12":"first","13":"instock","14":"taxable","15":"shipping-taxable","16":"purchasable","17":"product-type-simple"},"_links":{"self":[{"href":"https:\/\/eriacomponentes.es\/pt-pt\/wp-json\/wp\/v2\/product\/48714","targetHints":{"allow":["GET"]}}],"collection":[{"href":"https:\/\/eriacomponentes.es\/pt-pt\/wp-json\/wp\/v2\/product"}],"about":[{"href":"https:\/\/eriacomponentes.es\/pt-pt\/wp-json\/wp\/v2\/types\/product"}],"replies":[{"embeddable":true,"href":"https:\/\/eriacomponentes.es\/pt-pt\/wp-json\/wp\/v2\/comments?post=48714"}],"wp:featuredmedia":[{"embeddable":true,"href":"https:\/\/eriacomponentes.es\/pt-pt\/wp-json\/wp\/v2\/media\/38169"}],"wp:attachment":[{"href":"https:\/\/eriacomponentes.es\/pt-pt\/wp-json\/wp\/v2\/media?parent=48714"}],"wp:term":[{"taxonomy":"product_brand","embeddable":true,"href":"https:\/\/eriacomponentes.es\/pt-pt\/wp-json\/wp\/v2\/product_brand?post=48714"},{"taxonomy":"product_cat","embeddable":true,"href":"https:\/\/eriacomponentes.es\/pt-pt\/wp-json\/wp\/v2\/product_cat?post=48714"},{"taxonomy":"product_tag","embeddable":true,"href":"https:\/\/eriacomponentes.es\/pt-pt\/wp-json\/wp\/v2\/product_tag?post=48714"}],"curies":[{"name":"wp","href":"https:\/\/api.w.org\/{rel}","templated":true}]}}