{"id":48695,"date":"2023-03-09T09:48:28","date_gmt":"2023-03-09T08:48:28","guid":{"rendered":"https:\/\/eriacomponentes.es\/comprar\/disjuntor-automatico-ng125n-4p-80a-curva-c-18658-schneider\/"},"modified":"2023-03-22T08:46:12","modified_gmt":"2023-03-22T07:46:12","slug":"interruptor-automatico-18658-schneider","status":"publish","type":"product","link":"https:\/\/eriacomponentes.es\/pt-pt\/comprar\/interruptor-automatico-18658-schneider\/","title":{"rendered":"DISJUNTOR AUTOM\u00c1TICO NG125N 4P 80A CURVA-C 18658 SCHNEIDER"},"content":{"rendered":"<h2><strong>DESCRI\u00c7\u00c3O DISJUNTOR DE CIRCUITO NG125N 4P 80A CURVA-C 18658 SCHNEIDER.<\/strong><\/h2>\n<p>Disjuntor NG125N 4P 80A Curva Schneider C 18658.<\/p>\n<p>A gama Schneider Electric NG125N de disjuntores de 4 p\u00f3los, com uma capacidade de ruptura de 25 kA, adequados para os cabe\u00e7alhos do grupo IGA, normalmente instalados em ambientes terci\u00e1rios ou industriais.<\/p>\n<p>O NG125N permite o acoplamento de elementos auxiliares e blocos diferenciais Vigi NG125, que t\u00eam de ser adquiridos separadamente.<\/p>\n<p>Temos de ter em conta que cada p\u00f3lo tem 27 mm de largura, especialmente ao calcular o espa\u00e7o no painel de controlo. S\u00e3o montados sobre calha DIN e apertados por meio de chaves hexagonais.<\/p>\n<p>Permite uma sec\u00e7\u00e3o m\u00e1xima de cabo de 35 mm2 em flex\u00edvel e at\u00e9 50 mm2 em r\u00edgido, com uma profundidade de cabo desnudado nos terminais de 20 mm.<\/p>\n<p>O bin\u00e1rio de aperto recomendado pelo fabricante \u00e9 de 6 N.m.<\/p>\n<p>Trope\u00e7ar em curva C com uma tens\u00e3o m\u00e1xima de funcionamento de 500 V, operado manualmente.<\/p>\n<p>As dimens\u00f5es e o peso do autom\u00e1tico s\u00e3o os seguintes:<\/p>\n<p>&#8211; Altura: 103 mm.<br \/>\n&#8211; Largura: 108 mm.<br \/>\n&#8211; Profundidade: 81 mm.<br \/>\n&#8211; Peso: 0,96 kg.<\/p>\n<p>Miniatura MCB Acti 9, NG125N, 4P, 80A, Curva C, Termomagn\u00e9tico, Corrente nominal (In) 80 A a 40 \u00b0C, 0,96 kg. Capacidade de ruptura: 50 kA Icu de acordo com EN\/IEC 60947-2, 220&#8230;240 V AC 50\/60 Hz, 10 kA Icu de acordo com EN\/IEC 60947-2, 500 V AC 50\/60 Hz, 25 kA Icu de acordo com EN\/IEC 60947-2, 380&#8230;415 V AC 50\/60 Hz, 20 kA Icu de acordo com EN\/IEC 60947-2, 440 V AC 50\/60 Hz, 20 kA Icu de acordo com EN\/IEC 60947-2,  &lt;= 500 V DC. Benef\u00edcios: Com as vantagens de toda a facilidade de uma instala\u00e7\u00e3o modular, o disjuntor NG125 combina o desempenho e robustez exigidos nas instala\u00e7\u00f5es industriais mais exigentes. Aplica\u00e7\u00f5es: Protec\u00e7\u00e3o em todos os edif\u00edcios industriais e terci\u00e1rios: Protec\u00e7\u00e3o de entrada em recintos modulares. Projec\u00e7\u00f5es nos quadros de distribui\u00e7\u00e3o de energia.<\/p>\n<div>\n<div class=\"ProductCardContent__all-attributes-wrapper ProductCardContent__all-attributes-wrapper--columns\">\n<p><strong>Marca:<\/strong> <a href=\"https:\/\/www.se.com\/es\/es\/\" target=\"_blank\" rel=\"noopener noreferrer\">Schneider<\/a>.<\/p>\n<h2><strong>CARACTER\u00cdSTICAS T\u00c9CNICAS<\/strong><\/h2>\n<table class=\"dataCT\" border=\"0\" cellspacing=\"0\" cellpadding=\"0\">\n<tbody>\n<tr>\n<td class=\"dataCT\"><span class=\"boldLevel2\">Informa\u00e7\u00e3o t\u00e9cnica<\/span><\/td>\n<td class=\"dataCTR\" nowrap><\/td>\n<\/tr>\n<\/tbody>\n<\/table>\n<table class=\"dataC\" border=\"0\" cellspacing=\"0\" cellpadding=\"0\">\n<tbody>\n<tr>\n<td>\n<div class=\"title\"><span class=\"boldLevel2\">Principal<\/span><\/div>\n<table border=\"0\" cellspacing=\"0\" cellpadding=\"0\">\n<tbody>\n<tr class=\"list\">\n<td class=\"listParamName\" width=\"50%\"><span class=\"boldLevel1\">Gama de produtos<\/span><\/td>\n<td class=\"listParamValue\"><span class=\"level1\">NG125<br \/>\n<\/span><\/td>\n<\/tr>\n<tr class=\"list\">\n<td class=\"listParamName\" width=\"50%\"><span class=\"boldLevel1\">Gama<\/span><\/td>\n<td class=\"listParamValue\"><span class=\"level1\">Acti9<br \/>\n<\/span><\/td>\n<\/tr>\n<tr class=\"list\">\n<td class=\"listParamName\" width=\"50%\"><span class=\"boldLevel1\">Nome do produto<\/span><\/td>\n<td class=\"listParamValue\"><span class=\"level1\">Acti 9 NG125LMA<br \/>\n<\/span><\/td>\n<\/tr>\n<tr class=\"list\">\n<td class=\"listParamName\" width=\"50%\"><span class=\"boldLevel1\">Tipo de produto ou componente<\/span><\/td>\n<td class=\"listParamValue\"><span class=\"level1\">Disjuntor miniatura<br \/>\n<\/span><\/td>\n<\/tr>\n<tr class=\"list\">\n<td class=\"listParamName\" width=\"50%\"><span class=\"boldLevel1\">Nome curto do dispositivo<\/span><\/td>\n<td class=\"listParamValue\"><span class=\"level1\">NG125N<br \/>\n<\/span><\/td>\n<\/tr>\n<tr class=\"list\">\n<td class=\"listParamName\" width=\"50%\"><span class=\"boldLevel1\">Aplica\u00e7\u00e3o do dispositivo<\/span><\/td>\n<td class=\"listParamValue\"><span class=\"level1\">Para corrente&gt; 0.1 A<br \/>\n<\/span><\/td>\n<\/tr>\n<tr class=\"list\">\n<td class=\"listParamName\" width=\"50%\"><span class=\"boldLevel1\">N\u00famero de p\u00f3los<\/span><\/td>\n<td class=\"listParamValue\"><span class=\"level1\">4P<br \/>\n<\/span><\/td>\n<\/tr>\n<tr class=\"list\">\n<td class=\"listParamName\" width=\"50%\"><span class=\"boldLevel1\">N\u00famero de postes protegidos<\/span><\/td>\n<td class=\"listParamValue\"><span class=\"level1\">4<br \/>\n<\/span><\/td>\n<\/tr>\n<tr class=\"list\">\n<td class=\"listParamName\" width=\"50%\"><span class=\"boldLevel1\">[In]  Corrente nominal<\/span><\/td>\n<td class=\"listParamValue\"><span class=\"level1\">80 A a 40 \u00b0C<br \/>\n<\/span><\/td>\n<\/tr>\n<tr class=\"list\">\n<td class=\"listParamName\" width=\"50%\"><span class=\"boldLevel1\">Tipo de rede<\/span><\/td>\n<td class=\"listParamValue\"><span class=\"level1\">Corrente cont\u00ednua<br \/>\nAC<br \/>\n<\/span><\/td>\n<\/tr>\n<tr class=\"list\">\n<td class=\"listParamName\" width=\"50%\"><span class=\"boldLevel1\">Tecnologia de unidades de queima<\/span><\/td>\n<td class=\"listParamValue\"><span class=\"level1\">Termo-magn\u00e9tico<br \/>\n<\/span><\/td>\n<\/tr>\n<tr class=\"list\">\n<td class=\"listParamName\" width=\"50%\"><span class=\"boldLevel1\">C\u00f3digo da curva<\/span><\/td>\n<td class=\"listParamValue\"><span class=\"level1\">C<br \/>\n<\/span><\/td>\n<\/tr>\n<tr class=\"list\">\n<td class=\"listParamName\" width=\"50%\"><span class=\"boldLevel1\">Capacidade de corte<\/span><\/td>\n<td class=\"listParamValue\"><span class=\"level1\">20 kA Icu em &lt;= 500 V de corrente cont\u00ednua de acordo com Icu<br \/>\n10 kA Icu a 500 V AC 50\/60 Hz de acordo com Icu<br \/>\n20 kA Icu a 440 V AC 50\/60 Hz de acordo com Icu<br \/>\n25 kA Icu a 380&#8230;415 V AC 50\/60 Hz de acordo com Icu<br \/>\n50 kA Icu a 220&#8230;240 V AC 50\/60 Hz de acordo com Icu<br \/>\n<\/span><\/td>\n<\/tr>\n<tr class=\"list\">\n<td class=\"listParamName\" width=\"50%\"><span class=\"boldLevel1\">Categoria de emprego<\/span><\/td>\n<td class=\"listParamValue\"><span class=\"level1\">Categoria A de acordo com En&gt; 50 A<br \/>\n<\/span><\/td>\n<\/tr>\n<tr class=\"list\">\n<td class=\"listParamName\" width=\"50%\"><span class=\"boldLevel1\">Poder seccionador<\/span><\/td>\n<td class=\"listParamValue\"><span class=\"level1\">Sim de acordo com En&gt; 50 A<br \/>\n<\/span><\/td>\n<\/tr>\n<\/tbody>\n<\/table>\n<div class=\"spacer20\"><\/div>\n<div class=\"title\"><span class=\"boldLevel2\">Complementar<\/span><\/div>\n<table border=\"0\" cellspacing=\"0\" cellpadding=\"0\">\n<tbody>\n<tr class=\"list\">\n<td class=\"listParamName\" width=\"50%\"><span class=\"boldLevel1\">Frequ\u00eancia da rede<\/span><\/td>\n<td class=\"listParamValue\"><span class=\"level1\">50\/60 Hz<br \/>\n<\/span><\/td>\n<\/tr>\n<tr class=\"list\">\n<td class=\"listParamName\" width=\"50%\"><span class=\"boldLevel1\">[Ue]  Tens\u00e3o nominal de funcionamento<\/span><\/td>\n<td class=\"listParamValue\"><span class=\"level1\">380&#8230;415 V AC 50\/60 Hz<br \/>\n500 V AC 50\/60 Hz<br \/>\n&lt;= 500 V de corrente cont\u00ednua<br \/>\n220&#8230;240 V AC 50\/60 Hz<br \/>\n440 V AC 50\/60 Hz<br \/>\n<\/span><\/td>\n<\/tr>\n<tr class=\"list\">\n<td class=\"listParamName\" width=\"50%\"><span class=\"boldLevel1\">Limite da liga\u00e7\u00e3o magn\u00e9tica<\/span><\/td>\n<td class=\"listParamValue\"><span class=\"level1\">8 x pol<br \/>\n<\/span><\/td>\n<\/tr>\n<tr class=\"list\">\n<td class=\"listParamName\" width=\"50%\"><span class=\"boldLevel1\">[Ics]  capacidade de ruptura em servi\u00e7o<\/span><\/td>\n<td class=\"listParamValue\"><span class=\"level1\">37,5 kA 75 % de acordo com Icu &#8211; 220&#8230;240 V AC 50\/60 Hz<br \/>\n18,75 kA 75 % de acordo com Icu &#8211; 380&#8230;415 V AC 50\/60 Hz<br \/>\n15 kA 75 % de acordo com Icu &#8211; 440 V AC 50\/60 Hz<br \/>\n7,5 kA 75 % de acordo com Icu &#8211; 500 V AC 50\/60 Hz<br \/>\n20 kA 100 % de acordo com Icu &#8211; &lt;= 500 V de corrente cont\u00ednua<br \/>\n<\/span><\/td>\n<\/tr>\n<tr class=\"list\">\n<td class=\"listParamName\" width=\"50%\"><span class=\"boldLevel1\">[Ui]  Tens\u00e3o nominal de isolamento<\/span><\/td>\n<td class=\"listParamValue\"><span class=\"level1\">690 V AC 50\/60 Hz de acordo com Icu<br \/>\n<\/span><\/td>\n<\/tr>\n<tr class=\"list\">\n<td class=\"listParamName\" width=\"50%\"><span class=\"boldLevel1\">[Uimp]  Pico de resist\u00eancia de tens\u00e3o<\/span><\/td>\n<td class=\"listParamValue\"><span class=\"level1\">8 kV de acordo com Icu<br \/>\n<\/span><\/td>\n<\/tr>\n<tr class=\"list\">\n<td class=\"listParamName\" width=\"50%\"><span class=\"boldLevel1\">Indicador de posi\u00e7\u00e3o de contacto<\/span><\/td>\n<td class=\"listParamValue\"><span class=\"level1\">Sim<br \/>\n<\/span><\/td>\n<\/tr>\n<tr class=\"list\">\n<td class=\"listParamName\" width=\"50%\"><span class=\"boldLevel1\">Tipo de controlo<\/span><\/td>\n<td class=\"listParamValue\"><span class=\"level1\">Manusear<br \/>\nTeste de disparo manual<br \/>\n<\/span><\/td>\n<\/tr>\n<tr class=\"list\">\n<td class=\"listParamName\" width=\"50%\"><span class=\"boldLevel1\">Sinaliza\u00e7\u00e3o no local<\/span><\/td>\n<td class=\"listParamValue\"><span class=\"level1\">Indicador de disparo<br \/>\nIndica\u00e7\u00e3o on\/off<br \/>\n<\/span><\/td>\n<\/tr>\n<tr class=\"list\">\n<td class=\"listParamName\" width=\"50%\"><span class=\"boldLevel1\">Tipo de montagem<\/span><\/td>\n<td class=\"listParamValue\"><span class=\"level1\">Ajust\u00e1vel em clipe<br \/>\n<\/span><\/td>\n<\/tr>\n<tr class=\"list\">\n<td class=\"listParamName\" width=\"50%\"><span class=\"boldLevel1\">Suporte de montagem<\/span><\/td>\n<td class=\"listParamValue\"><span class=\"level1\">Calha DIN sim\u00e9trica de 35 mm<br \/>\n<\/span><\/td>\n<\/tr>\n<tr class=\"list\">\n<td class=\"listParamName\" width=\"50%\"><span class=\"boldLevel1\">Compatibilidade de blocos de distribui\u00e7\u00e3o e barramentos de pente<\/span><\/td>\n<td class=\"listParamValue\"><span class=\"level1\">N\u00c3O<br \/>\n<\/span><\/td>\n<\/tr>\n<tr class=\"list\">\n<td class=\"listParamName\" width=\"50%\"><span class=\"boldLevel1\">Degraus de 9 mm<\/span><\/td>\n<td class=\"listParamValue\"><span class=\"level1\">12<br \/>\n<\/span><\/td>\n<\/tr>\n<tr class=\"list\">\n<td class=\"listParamName\" width=\"50%\"><span class=\"boldLevel1\">Altura<\/span><\/td>\n<td class=\"listParamValue\"><span class=\"level1\">103 mm<br \/>\n<\/span><\/td>\n<\/tr>\n<tr class=\"list\">\n<td class=\"listParamName\" width=\"50%\"><span class=\"boldLevel1\">Largura<\/span><\/td>\n<td class=\"listParamValue\"><span class=\"level1\">108 mm<br \/>\n<\/span><\/td>\n<\/tr>\n<tr class=\"list\">\n<td class=\"listParamName\" width=\"50%\"><span class=\"boldLevel1\">Profundidade<\/span><\/td>\n<td class=\"listParamValue\"><span class=\"level1\">81 mm<br \/>\n<\/span><\/td>\n<\/tr>\n<tr class=\"list\">\n<td class=\"listParamName\" width=\"50%\"><span class=\"boldLevel1\">Peso do produto<\/span><\/td>\n<td class=\"listParamValue\"><span class=\"level1\">0,96 kg<br \/>\n<\/span><\/td>\n<\/tr>\n<tr class=\"list\">\n<td class=\"listParamName\" width=\"50%\"><span class=\"boldLevel1\">Durabilidade mec\u00e2nica<\/span><\/td>\n<td class=\"listParamValue\"><span class=\"level1\">20000 ciclos<br \/>\n<\/span><\/td>\n<\/tr>\n<tr class=\"list\">\n<td class=\"listParamName\" width=\"50%\"><span class=\"boldLevel1\">Durabilidade el\u00e9ctrica<\/span><\/td>\n<td class=\"listParamValue\"><span class=\"level1\">5000 ciclos<br \/>\n<\/span><\/td>\n<\/tr>\n<tr class=\"list\">\n<td class=\"listParamName\" width=\"50%\"><span class=\"boldLevel1\">Bloque\u00e1vel a cadeado<\/span><\/td>\n<td class=\"listParamValue\"><span class=\"level1\">Com cadeado<br \/>\n<\/span><\/td>\n<\/tr>\n<tr class=\"list\">\n<td class=\"listParamName\" width=\"50%\"><span class=\"boldLevel1\">Descri\u00e7\u00e3o das op\u00e7\u00f5es de bloqueio<\/span><\/td>\n<td class=\"listParamValue\"><span class=\"level1\">Fecho de cadeado integrado<br \/>\n<\/span><\/td>\n<\/tr>\n<tr class=\"list\">\n<td class=\"listParamName\" width=\"50%\"><span class=\"boldLevel1\">Liga\u00e7\u00f5es &#8211; terminais<\/span><\/td>\n<td class=\"listParamValue\"><span class=\"level1\">Terminais do tipo t\u00fanel16&#8230;70 mm\u00b2 r\u00edgidos<br \/>\nTerminais tipo t\u00fanel10&#8230;50 mm\u00b2 flex\u00edveis<br \/>\n<\/span><\/td>\n<\/tr>\n<tr class=\"list\">\n<td class=\"listParamName\" width=\"50%\"><span class=\"boldLevel1\">Comprimento de cabo desnudado para liga\u00e7\u00e3o de terminais<\/span><\/td>\n<td class=\"listParamValue\"><span class=\"level1\">20 mm<br \/>\n<\/span><\/td>\n<\/tr>\n<tr class=\"list\">\n<td class=\"listParamName\" width=\"50%\"><span class=\"boldLevel1\">Torque de aperto<\/span><\/td>\n<td class=\"listParamValue\"><span class=\"level1\">6 N.m<br \/>\n<\/span><\/td>\n<\/tr>\n<tr class=\"list\">\n<td class=\"listParamName\" width=\"50%\"><span class=\"boldLevel1\">Protec\u00e7\u00e3o contra fugas de terra<\/span><\/td>\n<td class=\"listParamValue\"><span class=\"level1\">Bloco independente<br \/>\n<\/span><\/td>\n<\/tr>\n<\/tbody>\n<\/table>\n<div class=\"spacer20\"><\/div>\n<div class=\"title\"><span class=\"boldLevel2\">Ambiente<\/span><\/div>\n<table border=\"0\" cellspacing=\"0\" cellpadding=\"0\">\n<tbody>\n<tr class=\"list\">\n<td class=\"listParamName\" width=\"50%\"><span class=\"boldLevel1\">Normas<\/span><\/td>\n<td class=\"listParamValue\"><span class=\"level1\">Icu<br \/>\n<\/span><\/td>\n<\/tr>\n<tr class=\"list\">\n<td class=\"listParamName\" width=\"50%\"><span class=\"boldLevel1\">Grau de protec\u00e7\u00e3o IP<\/span><\/td>\n<td class=\"listParamValue\"><span class=\"level1\">IP20 de acordo com IEC 60529<br \/>\n<\/span><\/td>\n<\/tr>\n<tr class=\"list\">\n<td class=\"listParamName\" width=\"50%\"><span class=\"boldLevel1\">Grau de protec\u00e7\u00e3o IK<\/span><\/td>\n<td class=\"listParamValue\"><span class=\"level1\">IK05 de acordo com EN\/IEC 62263<br \/>\n<\/span><\/td>\n<\/tr>\n<tr class=\"list\">\n<td class=\"listParamName\" width=\"50%\"><span class=\"boldLevel1\">Grau de contamina\u00e7\u00e3o<\/span><\/td>\n<td class=\"listParamValue\"><span class=\"level1\">3 acorde a En&gt; 50 A<br \/>\n<\/span><\/td>\n<\/tr>\n<tr class=\"list\">\n<td class=\"listParamName\" width=\"50%\"><span class=\"boldLevel1\">Categoria de sobretens\u00e3o<\/span><\/td>\n<td class=\"listParamValue\"><span class=\"level1\">IV<br \/>\n<\/span><\/td>\n<\/tr>\n<tr class=\"list\">\n<td class=\"listParamName\" width=\"50%\"><span class=\"boldLevel1\">Tropicaliza\u00e7\u00e3o<\/span><\/td>\n<td class=\"listParamValue\"><span class=\"level1\">2 de acordo com IEC 60068-1<br \/>\n<\/span><\/td>\n<\/tr>\n<tr class=\"list\">\n<td class=\"listParamName\" width=\"50%\"><span class=\"boldLevel1\">Humidade relativa<\/span><\/td>\n<td class=\"listParamValue\"><span class=\"level1\">95 % a 55 \u00b0C<br \/>\n<\/span><\/td>\n<\/tr>\n<tr class=\"list\">\n<td class=\"listParamName\" width=\"50%\"><span class=\"boldLevel1\">Temperatura ambiente de funcionamento<\/span><\/td>\n<td class=\"listParamValue\"><span class=\"level1\">-30&#8230;70 \u00b0C<br \/>\n<\/span><\/td>\n<\/tr>\n<tr class=\"list\">\n<td class=\"listParamName\" width=\"50%\"><span class=\"boldLevel1\">Temperatura ambiente de armazenamento<\/span><\/td>\n<td class=\"listParamValue\"><span class=\"level1\">-40&#8230;70 \u00b0C<br \/>\n<\/span><\/td>\n<\/tr>\n<\/tbody>\n<\/table>\n<\/td>\n<\/tr>\n<\/tbody>\n<\/table>\n<p>Se precisar de <a href=\"https:\/\/eriacomponentes.es\/comprar-online\/automaticos-diferenciales\/\">automatismos<\/a>, visite a nossa sec\u00e7\u00e3o de automatismos e diferenciais.<\/p>\n<\/div>\n<\/div>\n","protected":false},"excerpt":{"rendered":"<div id=\"product-description-short-11191\" class=\"product-description-short sm-bottom\">\n<p><strong>Disjuntor NG125N 4P 80A Curva C 18658 Schneider.<\/strong><\/p>\n<\/div>\n<h4><em><strong>Especifica\u00e7\u00f5es t\u00e9cnicas<\/strong><\/em><\/h4>\n<table style=\"width: 165px; height: 62px;\">\n<tbody>\n<tr>\n<th style=\"text-align: center;\"><a href=\"https:\/\/eriacomponentes.es\/wp-content\/uploads\/2023\/03\/Acti-9-NG125_18658-1.pdf\" target=\"_blank\" rel=\"noopener\">[icon color=\"Extra-Color-1\" size=\"regular\" icon_size=\"\" image=\"fa-file-pdf-o\"]  F.T.<\/a><\/th>\n<\/tr>\n<\/tbody>\n<\/table>\n","protected":false},"featured_media":48294,"comment_status":"open","ping_status":"closed","template":"","meta":[],"product_brand":[],"product_cat":[4131,4142],"product_tag":[4149],"class_list":{"0":"post-48695","1":"product","2":"type-product","3":"status-publish","4":"has-post-thumbnail","6":"product_cat-automatismos-e-diferenciais-pt-pt","7":"product_cat-terciario-pt-pt","8":"product_tag-schneider-pt-pt-2","9":"product_shipping_class-0-5-kg-pt-pt","10":"pa_fabricante-schneider-pt-pt","12":"first","13":"instock","14":"taxable","15":"shipping-taxable","16":"purchasable","17":"product-type-simple"},"_links":{"self":[{"href":"https:\/\/eriacomponentes.es\/pt-pt\/wp-json\/wp\/v2\/product\/48695","targetHints":{"allow":["GET"]}}],"collection":[{"href":"https:\/\/eriacomponentes.es\/pt-pt\/wp-json\/wp\/v2\/product"}],"about":[{"href":"https:\/\/eriacomponentes.es\/pt-pt\/wp-json\/wp\/v2\/types\/product"}],"replies":[{"embeddable":true,"href":"https:\/\/eriacomponentes.es\/pt-pt\/wp-json\/wp\/v2\/comments?post=48695"}],"wp:featuredmedia":[{"embeddable":true,"href":"https:\/\/eriacomponentes.es\/pt-pt\/wp-json\/wp\/v2\/media\/48294"}],"wp:attachment":[{"href":"https:\/\/eriacomponentes.es\/pt-pt\/wp-json\/wp\/v2\/media?parent=48695"}],"wp:term":[{"taxonomy":"product_brand","embeddable":true,"href":"https:\/\/eriacomponentes.es\/pt-pt\/wp-json\/wp\/v2\/product_brand?post=48695"},{"taxonomy":"product_cat","embeddable":true,"href":"https:\/\/eriacomponentes.es\/pt-pt\/wp-json\/wp\/v2\/product_cat?post=48695"},{"taxonomy":"product_tag","embeddable":true,"href":"https:\/\/eriacomponentes.es\/pt-pt\/wp-json\/wp\/v2\/product_tag?post=48695"}],"curies":[{"name":"wp","href":"https:\/\/api.w.org\/{rel}","templated":true}]}}