{"id":48541,"date":"2019-09-19T12:28:22","date_gmt":"2019-09-19T10:28:22","guid":{"rendered":"https:\/\/eriacomponentes.es\/envios-e-devolucoes\/"},"modified":"2023-03-16T08:21:31","modified_gmt":"2023-03-16T07:21:31","slug":"envios-e-devolucoes","status":"publish","type":"page","link":"https:\/\/eriacomponentes.es\/pt-pt\/envios-e-devolucoes\/","title":{"rendered":"Envios e devolu\u00e7\u00f5es"},"content":{"rendered":"[vc_row type=&#8221;in_container&#8221; full_screen_row_position=&#8221;middle&#8221; column_margin=&#8221;default&#8221; column_direction=&#8221;default&#8221; column_direction_tablet=&#8221;default&#8221; column_direction_phone=&#8221;default&#8221; scene_position=&#8221;center&#8221; text_color=&#8221;dark&#8221; text_align=&#8221;left&#8221; row_border_radius=&#8221;none&#8221; row_border_radius_applies=&#8221;bg&#8221; overflow=&#8221;visible&#8221; overlay_strength=&#8221;0.3&#8243; gradient_direction=&#8221;left_to_right&#8221; shape_divider_position=&#8221;bottom&#8221; bg_image_animation=&#8221;none&#8221;][vc_column column_padding=&#8221;no-extra-padding&#8221; column_padding_tablet=&#8221;inherit&#8221; column_padding_phone=&#8221;inherit&#8221; column_padding_position=&#8221;all&#8221; column_element_direction_desktop=&#8221;default&#8221; column_element_spacing=&#8221;default&#8221; desktop_text_alignment=&#8221;default&#8221; tablet_text_alignment=&#8221;default&#8221; phone_text_alignment=&#8221;default&#8221; background_color_opacity=&#8221;1&#8243; background_hover_color_opacity=&#8221;1&#8243; column_backdrop_filter=&#8221;none&#8221; column_shadow=&#8221;none&#8221; column_border_radius=&#8221;none&#8221; column_link_target=&#8221;_self&#8221; column_position=&#8221;default&#8221; gradient_direction=&#8221;left_to_right&#8221; overlay_strength=&#8221;0.3&#8243; width=&#8221;1\/1&#8243; tablet_width_inherit=&#8221;default&#8221; animation_type=&#8221;default&#8221; bg_image_animation=&#8221;none&#8221; border_type=&#8221;simple&#8221; column_border_width=&#8221;none&#8221; column_border_style=&#8221;solid&#8221;][vc_column_text css=&#8221;.vc_custom_1677067188100{margin-right: 7px !important;margin-left: 7px !important;}&#8221;]\n<h2><strong>Envios e devolu\u00e7\u00f5es.<\/strong><\/h2>\n<p><strong>Entrega e disponibilidade, a nossa promessa de servi\u00e7o.<\/strong><\/p>\n<p>Ao colocar e confirmar uma encomenda com a <strong>Eria Componentes<\/strong>, o cliente aceita as condi\u00e7\u00f5es legais anexas.<\/p>\n<p>A <strong>Eria Componentes<\/strong> pode cancelar qualquer encomenda de cliente se detectar que houve um erro no pre\u00e7o no momento da compra.<\/p>\n<p>A <strong>Eria Componentes<\/strong> n\u00e3o enviar\u00e1 qualquer encomenda at\u00e9 que o pagamento tenha sido efectuado.<\/p>\n<p>O prazo de entrega em Espanha continental \u00e9 de 2-3 dias \u00fateis. N\u00e3o ser\u00e3o feitas entregas aos s\u00e1bados, domingos ou feriados p\u00fablicos. Se a sua popula\u00e7\u00e3o estiver localizada longe dos grandes centros urbanos, \u00e9 poss\u00edvel que o tempo possa ser prolongado por um dia. Como regra geral, as encomendas s\u00e3o processadas de segunda a sexta-feira entre 1 e 2 dias \u00fateis ap\u00f3s a encomenda ter sido colocada. Este prazo \u00e9 geralmente cumprido, embora se deva notar que as encomendas ser\u00e3o enviadas dentro dos limites do stock dispon\u00edvel. O m\u00e9todo de entrega \u00e9 por correio, e o tempo de entrega contratado com as ag\u00eancias de transporte para encomendas \u00e9 de 24\/48 horas a partir do momento em que a mercadoria sai do nosso armaz\u00e9m.<\/p>\n<p>O processo come\u00e7a quando a encomenda \u00e9 feita e o pagamento \u00e9 confirmado. Para efeitos de entrada de encomendas, as encomendas recebidas antes das 15:00 s\u00e3o consideradas como tendo sido feitas no mesmo dia.<\/p>\n<p>Se desejar saber o prazo exacto de entrega, por favor contacte-nos. Pode ligar para <strong><br \/>\n  <u><br \/>\n    <a href=\"tel:+34611106112\">611 106 112<\/a><br \/>\n  <\/u><br \/>\n<\/strong> ou envie-nos um e-mail para <strong><u><a href=\"mailto:info@eriacomponentes.es\">info@eriacomponentes.es<\/a><\/u><\/strong>.<\/p>\n<p>Para envios para as Ilhas Can\u00e1rias, Baleares, Ceuta ou Melilla, por favor contacte-nos atrav\u00e9s do formul\u00e1rio, e-mail para <strong><br \/>\n  <u><br \/>\n    <a href=\"mailto:info@eriacomponentes.es\">info@eriacomponentes.es<\/a><br \/>\n  <\/u><br \/>\n<\/strong> ou ligue-nos para <strong><br \/>\n  <u><br \/>\n    <a href=\"tel:+34611106112\">611 106 112<\/a><br \/>\n  <\/u><br \/>\n<\/strong>.<\/p>\n<p><strong>Envios para pa\u00edses terceiros.<\/strong><\/p>\n<p>Para entregas a pa\u00edses terceiros, por favor contacte-nos directamente. Devido a varia\u00e7\u00f5es nos custos de transporte e manuseamento de envios para pa\u00edses terceiros, n\u00e3o processaremos estas encomendas da forma normal atrav\u00e9s da nossa loja online. Contacte-nos atrav\u00e9s do formul\u00e1rio de contacto ou por e-mail para <strong><u><a href=\"mailto:info@eriacomponentes.es\">info@eriacomponentes.es<\/a><\/u><\/strong>. Fornecer-lhe-emos uma solu\u00e7\u00e3o f\u00e1cil. Obrigado pela vossa compreens\u00e3o.<\/p>\n<p><strong>Pre\u00e7os de envio.<\/strong><\/p>\n<p>A <strong>Eria Componentes<\/strong> pode enviar encomendas para a Pen\u00ednsula.<\/p>\n<p>Os custos de envio ser\u00e3o gratuitos para a pen\u00ednsula, desde que excedam o montante indicado de 95 euros de IVA inclu\u00eddo e que o peso ou volume n\u00e3o seja excessivo (neste caso, a Eria contactar\u00e1 o cliente).<\/p>\n<p>Para encomendas de valor inferior a 95 euros IVA inclu\u00eddo (pen\u00ednsula), o montante incluindo IVA ser\u00e1<\/p>\n<p><img decoding=\"async\" class=\"alignnone wp-image-18982 \" src=\"https:\/\/eriacomponentes.es\/wp-content\/uploads\/2023\/02\/tabla-portes-peninsula-95.webp\" alt=\"\" width=\"542\" height=\"296\"><\/p>\n<p>Em qualquer caso, antes da aceita\u00e7\u00e3o da encomenda e do pagamento, ser\u00e1 informado do custo total, incluindo os custos de envio.<\/p>\n<p>As encomendas s\u00e3o verificadas por duas pessoas antes de sa\u00edrem do nosso armaz\u00e9m, com fotografia subsequente do estado da embalagem antes e depois do fecho, garantindo assim um servi\u00e7o correcto e evitando poss\u00edveis problemas.<\/p>\n<p><strong>Danos de transporte.<\/strong><\/p>\n<p>Recomendamos que verifique o pacote logo que poss\u00edvel ap\u00f3s a sua recep\u00e7\u00e3o e que se certifique de que n\u00e3o h\u00e1 danos durante o transporte e, se houver algum dano, tire uma fotografia do dano.<\/p>\n<p>No caso da mercadoria entregue ser danificada na rota de entrega, dever\u00e1 telefonar <strong><br \/>\n  <u><br \/>\n    <a href=\"tel:+3461110112\">611 106 112<\/a><br \/>\n  <\/u><br \/>\n<\/strong>se poss\u00edvel, o mais depressa poss\u00edvel. Como resultado, a <strong>Eria Componentes<\/strong> ter\u00e1 a op\u00e7\u00e3o de apresentar uma reclama\u00e7\u00e3o junto do transportador ou da seguradora do transportador em rela\u00e7\u00e3o aos danos causados. Em caso de qualquer reclama\u00e7\u00e3o por danos, avarias, material em falta, por favor informe-nos o mais rapidamente poss\u00edvel. Por favor escreva ou envie um e-mail para<strong> <u><a href=\"mailto:info@eriacomponentes.es\">info@eriacomponentes.es<\/a><\/u><\/strong>.<\/p>\n<p>A entrega \u00e9 considerada como tendo sido efectuada quando o transportador tiver entregue os produtos ao cliente e o cliente tiver assinado o documento de conformidade de entrega. O cliente \u00e9 obrigado a verificar e a verificar o estado da mercadoria e a declarar todas as reclama\u00e7\u00f5es que possam ser justificadas no documento de entrega.<\/p>\n<p><strong>Direito de Retirada e Devolu\u00e7\u00e3o.<\/strong><\/p>\n<p>Se por qualquer raz\u00e3o n\u00e3o estiver satisfeito com a sua encomenda, tem um prazo de 14 dias de calend\u00e1rio para a devolver, a contar da data de entrega dos produtos, em conformidade com o artigo 68 e seguintes da Lei Geral de Defesa dos Consumidores e Utilizadores e leis complementares.<\/p>\n<p>Em caso de retirada da sua parte, o cliente ser\u00e1 reembolsado do montante do material devolvido, incluindo os custos de entrega (com excep\u00e7\u00e3o dos custos adicionais resultantes da escolha pelo cliente de um m\u00e9todo de entrega que n\u00e3o seja o m\u00e9todo de entrega padr\u00e3o menos dispendioso por n\u00f3s oferecido) sem atraso indevido no prazo de 14 dias de calend\u00e1rio a partir da data em que o material devolvido \u00e9 recebido.<\/p>\n<p>A fim de devolver a sua encomenda, fornecemos-lhe um <u><br \/>\n  <a href=\"https:\/\/eriacomponentes.es\/wp-content\/uploads\/2019\/09\/formulario-devolucion-eria-componentes.pdf\">formul\u00e1rio de retirada<\/a><br \/>\n<\/u> que deve ser preenchida e enviada seguindo as instru\u00e7\u00f5es a\u00ed detalhadas.<\/p>\n<p>Neste caso, o custo da devolu\u00e7\u00e3o ser\u00e1 suportado pelo cliente e deve ser feito por uma ag\u00eancia de transporte. As devolu\u00e7\u00f5es n\u00e3o ser\u00e3o aceites transporte para a frente:<\/p>\n<p>As devolu\u00e7\u00f5es devem ser enviadas CARRIAGE PAID.<\/p>\n<p>Se o cliente assim o desejar, pode tamb\u00e9m contactar-nos dentro do per\u00edodo indicado por e-mail ou telefone e indicaremos o processo de devolu\u00e7\u00e3o da forma mais conveniente ou econ\u00f3mica. Neste caso, ser-lhe-\u00e1 enviada uma confirma\u00e7\u00e3o por correio electr\u00f3nico como aviso de recep\u00e7\u00e3o. Qualquer devolu\u00e7\u00e3o sem esta notifica\u00e7\u00e3o pr\u00e9via n\u00e3o ser\u00e1 aceite.<\/p>\n<p>Para aceitar a devolu\u00e7\u00e3o, o produto deve estar em perfeito estado, adequado para venda, n\u00e3o utilizado para al\u00e9m da mera verifica\u00e7\u00e3o de que \u00e9 o material encomendado e, quando apropriado, em bom estado, bem como ser enviado juntamente com toda a documenta\u00e7\u00e3o que acompanha o produto e todos os seus acess\u00f3rios. Caso contr\u00e1rio, se os bens forem aceites para devolu\u00e7\u00e3o, poder\u00e1 ser aplicada uma deprecia\u00e7\u00e3o dos bens. Por conseguinte, recomendamos que, na medida do poss\u00edvel, se verifique inicialmente o material sem o manusear, desde que seja poss\u00edvel uma inspec\u00e7\u00e3o visual sem necessidade de abrir ou remover os selos.<\/p>\n<p>O cliente deve assegurar-se de que as mercadorias s\u00e3o correctamente embaladas para garantir que s\u00e3o transportadas sem danos. Uma vez recebido e verificado pelo nosso pessoal que o produto se encontra nas condi\u00e7\u00f5es exigidas, procederemos ao reembolso do montante do artigo em caso de levantamento, creditando o cart\u00e3o utilizado para pagamento ou reembolso no Paypal, dependendo do m\u00e9todo de pagamento utilizado.<\/p>\n<p>Exclus\u00e3o do direito de retracta\u00e7\u00e3o: N\u00e3o aceitamos devolu\u00e7\u00f5es de refer\u00eancias que exijam personaliza\u00e7\u00e3o ou medi\u00e7\u00e3o, nem das refer\u00eancias encomendadas ao fabricante a pedido do cliente ou que indiquem claramente que se trata de um material por encomenda.<\/p>\n<p>Se receber a encomenda com quaisquer sinais de danos, quebra da embalagem, humidade ou qualquer sinal de adultera\u00e7\u00e3o, queira indicar na nota de entrega o estado da remessa para poder reclamar a substitui\u00e7\u00e3o imediata da ag\u00eancia de transporte sem demora.<\/p>\n<p><strong>Eriacomponentes.es<\/strong>, aceitar\u00e1 devolu\u00e7\u00f5es por defeitos na mercadoria e nunca assumir\u00e1 responsabilidade por falhas na instala\u00e7\u00e3o quando esta n\u00e3o for realizada pelos nossos operadores.[\/vc_column_text][\/vc_column][\/vc_row]\n","protected":false},"excerpt":{"rendered":"<p>[vc_row type=&#8221;in_container&#8221; full_screen_row_position=&#8221;middle&#8221; column_margin=&#8221;default&#8221; column_direction=&#8221;default&#8221; column_direction_tablet=&#8221;default&#8221; column_direction_phone=&#8221;default&#8221; scene_position=&#8221;center&#8221; text_color=&#8221;dark&#8221; text_align=&#8221;left&#8221; row_border_radius=&#8221;none&#8221; row_border_radius_applies=&#8221;bg&#8221; overflow=&#8221;visible&#8221; overlay_strength=&#8221;0.3&#8243; gradient_direction=&#8221;left_to_right&#8221; shape_divider_position=&#8221;bottom&#8221; bg_image_animation=&#8221;none&#8221;][vc_column column_padding=&#8221;no-extra-padding&#8221; column_padding_tablet=&#8221;inherit&#8221; column_padding_phone=&#8221;inherit&#8221; column_padding_position=&#8221;all&#8221; column_element_direction_desktop=&#8221;default&#8221; column_element_spacing=&#8221;default&#8221; desktop_text_alignment=&#8221;default&#8221; tablet_text_alignment=&#8221;default&#8221;&#8230;<\/p>\n","protected":false},"author":4,"featured_media":0,"parent":0,"menu_order":0,"comment_status":"closed","ping_status":"closed","template":"","meta":{"footnotes":""},"class_list":["post-48541","page","type-page","status-publish"],"_links":{"self":[{"href":"https:\/\/eriacomponentes.es\/pt-pt\/wp-json\/wp\/v2\/pages\/48541","targetHints":{"allow":["GET"]}}],"collection":[{"href":"https:\/\/eriacomponentes.es\/pt-pt\/wp-json\/wp\/v2\/pages"}],"about":[{"href":"https:\/\/eriacomponentes.es\/pt-pt\/wp-json\/wp\/v2\/types\/page"}],"author":[{"embeddable":true,"href":"https:\/\/eriacomponentes.es\/pt-pt\/wp-json\/wp\/v2\/users\/4"}],"replies":[{"embeddable":true,"href":"https:\/\/eriacomponentes.es\/pt-pt\/wp-json\/wp\/v2\/comments?post=48541"}],"version-history":[{"count":1,"href":"https:\/\/eriacomponentes.es\/pt-pt\/wp-json\/wp\/v2\/pages\/48541\/revisions"}],"predecessor-version":[{"id":48546,"href":"https:\/\/eriacomponentes.es\/pt-pt\/wp-json\/wp\/v2\/pages\/48541\/revisions\/48546"}],"wp:attachment":[{"href":"https:\/\/eriacomponentes.es\/pt-pt\/wp-json\/wp\/v2\/media?parent=48541"}],"curies":[{"name":"wp","href":"https:\/\/api.w.org\/{rel}","templated":true}]}}