{"id":48385,"date":"2019-03-11T15:43:42","date_gmt":"2019-03-11T14:43:42","guid":{"rendered":"https:\/\/eriacomponentes.es\/aviso-legal\/"},"modified":"2023-03-16T08:11:25","modified_gmt":"2023-03-16T07:11:25","slug":"aviso-legal","status":"publish","type":"page","link":"https:\/\/eriacomponentes.es\/pt-pt\/aviso-legal\/","title":{"rendered":"aviso legal"},"content":{"rendered":"[vc_row type=&#8221;in_container&#8221; full_screen_row_position=&#8221;middle&#8221; column_margin=&#8221;default&#8221; column_direction=&#8221;default&#8221; column_direction_tablet=&#8221;default&#8221; column_direction_phone=&#8221;default&#8221; scene_position=&#8221;center&#8221; text_color=&#8221;dark&#8221; text_align=&#8221;left&#8221; row_border_radius=&#8221;none&#8221; row_border_radius_applies=&#8221;bg&#8221; overflow=&#8221;visible&#8221; overlay_strength=&#8221;0.3&#8243; gradient_direction=&#8221;left_to_right&#8221; shape_divider_position=&#8221;bottom&#8221; bg_image_animation=&#8221;none&#8221;][vc_column column_padding=&#8221;no-extra-padding&#8221; column_padding_tablet=&#8221;inherit&#8221; column_padding_phone=&#8221;inherit&#8221; column_padding_position=&#8221;all&#8221; column_element_direction_desktop=&#8221;default&#8221; column_element_spacing=&#8221;default&#8221; desktop_text_alignment=&#8221;default&#8221; tablet_text_alignment=&#8221;default&#8221; phone_text_alignment=&#8221;default&#8221; background_color_opacity=&#8221;1&#8243; background_hover_color_opacity=&#8221;1&#8243; column_backdrop_filter=&#8221;none&#8221; column_shadow=&#8221;none&#8221; column_border_radius=&#8221;none&#8221; column_link_target=&#8221;_self&#8221; column_position=&#8221;default&#8221; gradient_direction=&#8221;left_to_right&#8221; overlay_strength=&#8221;0.3&#8243; width=&#8221;1\/1&#8243; tablet_width_inherit=&#8221;default&#8221; animation_type=&#8221;default&#8221; bg_image_animation=&#8221;none&#8221; border_type=&#8221;simple&#8221; column_border_width=&#8221;none&#8221; column_border_style=&#8221;solid&#8221;][vc_column_text css=&#8221;.vc_custom_1677748184307{margin-right: 7px !important;margin-left: 7px !important;}&#8221;]\n<h2>AVISO LEGAL<\/h2>\n<p style=\"text-align: center;\"><strong>LEI SOBRE OS SERVI\u00c7OS DA SOCIEDADE DA INFORMA\u00c7\u00c3O (LSSI)  <\/strong><\/p>\n<p>ERIA COMPONENTES ELECTRICOS SL, respons\u00e1vel pelo website, doravante RESPONS\u00c1VEL, disponibiliza este documento aos utilizadores, com o qual pretende cumprir as obriga\u00e7\u00f5es estabelecidas na Lei 34\/2002, de 11 de Julho, sobre Servi\u00e7os da Sociedade da Informa\u00e7\u00e3o e Com\u00e9rcio Electr\u00f3nico (LSSICE), BOE No. 166, bem como informar todos os utilizadores do website sobre as condi\u00e7\u00f5es de utiliza\u00e7\u00e3o.<br \/>\nQualquer pessoa que aceda a este website assume o papel de utilizador, comprometendo-se a observar e a cumprir rigorosamente as disposi\u00e7\u00f5es aqui contidas, bem como qualquer outra disposi\u00e7\u00e3o legal que possa ser aplic\u00e1vel.<br \/>\nERIA COMPONENTES ELECTRICOS SL reserva-se o direito de modificar qualquer tipo de informa\u00e7\u00e3o que possa aparecer no website, sem qualquer obriga\u00e7\u00e3o de dar aviso pr\u00e9vio ou informar os utilizadores de tais obriga\u00e7\u00f5es, sendo a publica\u00e7\u00e3o no website de ERIA COMPONENTES ELECTRICOS SL entendida como sendo suficiente.<\/p>\n<p><strong>1. DADOS DE IDENTIFICA\u00c7\u00c3O<\/strong><br \/>\nNome de dom\u00ednio: eriacomponentes.es<br \/>\nNome comercial: ERIA COMPONENTES ELECTRICOS SL<br \/>\nNome da empresa: ERIA COMPONENTES ELECTRICOS SL<br \/>\nCUBA N\u00ba: B88145297<br \/>\nEscrit\u00f3rio registado: C\/ FUERTEVENTURA N\u00ba4 BJ SAN SEBASTIAN DE LOS REYES . MADRID<br \/>\nTelefone: 611106112<br \/>\nE-mail: <a href=\"mailto:info@eriacomponentes.es\">info@eriacomponentes.es<\/a><\/p>\n<p><strong>2. DIREITOS DE PROPRIEDADE INTELECTUAL E INDUSTRIAL<\/strong><br \/>\nO website, incluindo mas n\u00e3o limitado \u00e0 sua programa\u00e7\u00e3o, edi\u00e7\u00e3o, compila\u00e7\u00e3o e outros elementos necess\u00e1rios ao seu funcionamento, desenhos, log\u00f3tipos, texto e\/ou gr\u00e1ficos, s\u00e3o propriedade da PARTE RESPONS\u00c1VEL ou, se aplic\u00e1vel, tem uma licen\u00e7a ou autoriza\u00e7\u00e3o expressa dos autores. Todos os conte\u00fados do s\u00edtio s\u00e3o devidamente protegidos pelos regulamentos de propriedade intelectual e industrial, bem como est\u00e3o registados nos registos p\u00fablicos correspondentes.<br \/>\nIndependentemente do fim a que se destinam, a reprodu\u00e7\u00e3o, utiliza\u00e7\u00e3o, explora\u00e7\u00e3o, distribui\u00e7\u00e3o e comercializa\u00e7\u00e3o, total ou parcial, exige em qualquer caso a autoriza\u00e7\u00e3o pr\u00e9via por escrito da OUTORA RESPONS\u00c1VEL. Qualquer utiliza\u00e7\u00e3o n\u00e3o autorizada anteriormente \u00e9 considerada uma viola\u00e7\u00e3o<br \/>\nviola\u00e7\u00e3o grave dos direitos de propriedade intelectual ou industrial do autor.<br \/>\nOs desenhos, log\u00f3tipos, textos e\/ou gr\u00e1ficos que n\u00e3o pertencem ao RESPONS\u00c1VEL e que podem aparecer no website pertencem aos seus respectivos propriet\u00e1rios, que s\u00e3o eles pr\u00f3prios respons\u00e1veis por qualquer poss\u00edvel controv\u00e9rsia que possa surgir em rela\u00e7\u00e3o a eles. O RESPONS\u00c1VEL autoriza expressamente terceiros a redireccionar directamente para os conte\u00fados espec\u00edficos do website, e em qualquer caso a redireccionar para o website principal de eriacomponentes.es.<br \/>\nA pessoa RESPONS\u00c1VEL reconhece os correspondentes direitos de propriedade de ERIA COMPONENTES ELECTRICOS SL em favor dos seus propriet\u00e1rios.<br \/>\nA simples men\u00e7\u00e3o ou apari\u00e7\u00e3o no website n\u00e3o implica a exist\u00eancia de quaisquer direitos ou responsabilidades sobre os mesmos, nem qualquer endosso, patroc\u00ednio ou recomenda\u00e7\u00e3o por parte dos mesmos.<br \/>\nPara fazer quaisquer coment\u00e1rios sobre poss\u00edveis viola\u00e7\u00f5es dos direitos de propriedade intelectual ou industrial, bem como qualquer conte\u00fado do s\u00edtio web, pode faz\u00ea-lo enviando um e-mail para <a href=\"mailto:info@eriacomponentes.es\">info@eriacomponentes.es<\/a>.<\/p>\n<p><strong>3. ISEN\u00c7\u00c3O DE RESPONSABILIDADE<\/strong><br \/>\nA parte RESPONS\u00c1VEL est\u00e1 isenta de qualquer tipo de responsabilidade derivada da informa\u00e7\u00e3o publicada no seu s\u00edtio web, desde que n\u00e3o tenha conhecimento efectivo de que essa informa\u00e7\u00e3o tenha sido manipulada ou introduzida por terceiros externos \u00e0 mesma ou, se tiver, tenha agido diligentemente para remover os dados ou tornar imposs\u00edvel o acesso aos mesmos.<br \/>\n<strong>Utiliza\u00e7\u00e3o de Cookies<\/strong><br \/>\nEste s\u00edtio pode utilizar cookies t\u00e9cnicos (pequenos ficheiros de informa\u00e7\u00e3o que o servidor envia para o computador da pessoa que acede \u00e0 p\u00e1gina) para realizar certas fun\u00e7\u00f5es consideradas essenciais para o correcto funcionamento e visualiza\u00e7\u00e3o do s\u00edtio. Os cookies utilizados s\u00e3o, em qualquer caso, de natureza tempor\u00e1ria, com o \u00fanico objectivo de tornar a navega\u00e7\u00e3o mais eficiente, e desaparecem no final da sess\u00e3o do utilizador. Em circunst\u00e2ncia alguma estes cookies fornecem eles pr\u00f3prios dados pessoais e n\u00e3o ser\u00e3o utilizados para recolher tais dados.<br \/>\nAtrav\u00e9s da utiliza\u00e7\u00e3o de cookies \u00e9 tamb\u00e9m poss\u00edvel que o servidor onde se encontra o website reconhe\u00e7a o browser utilizado pelo utilizador de modo a facilitar a navega\u00e7\u00e3o, permitindo, por exemplo, aos utilizadores que se tenham previamente registado aceder a \u00e1reas, servi\u00e7os, promo\u00e7\u00f5es ou concursos reservados exclusivamente para eles sem terem de se registar em cada visita.<br \/>\nPodem tamb\u00e9m ser utilizados para medir a audi\u00eancia, par\u00e2metros de tr\u00e1fego, controlar o progresso e o n\u00famero de entradas, etc., sendo, nestes casos, cookies tecnicamente dispens\u00e1veis, mas ben\u00e9ficos para o utilizador. Este website n\u00e3o instalar\u00e1 cookies dispens\u00e1veis sem o consentimento pr\u00e9vio do utilizador.<br \/>\nO utilizador tem a possibilidade de configurar o seu navegador para ser alertado da recep\u00e7\u00e3o de cookies e para impedir a sua instala\u00e7\u00e3o no seu equipamento. Consulte por favor as instru\u00e7\u00f5es do seu navegador para mais informa\u00e7\u00f5es.<br \/>\n<strong>Pol\u00edtica de interliga\u00e7\u00e3o<\/strong><br \/>\nA partir do website, poder\u00e1 ser redireccionado para conte\u00fados em websites de terceiros. Uma vez que o RESPONS\u00c1VEL nem sempre pode controlar os conte\u00fados publicados por terceiros nos seus respectivos websites, o RESPONS\u00c1VEL n\u00e3o assume qualquer responsabilidade por tais conte\u00fados. Em qualquer caso, remover\u00e1 imediatamente qualquer conte\u00fado que possa violar a legisla\u00e7\u00e3o nacional ou internacional, a moral ou a ordem p\u00fablica, retirando imediatamente o reencaminhamento para o referido website e informando as autoridades competentes sobre o conte\u00fado em quest\u00e3o.<br \/>\nO RESPONS\u00c1VEL n\u00e3o \u00e9 respons\u00e1vel pelas informa\u00e7\u00f5es e conte\u00fados armazenados, incluindo mas n\u00e3o se limitando a, em f\u00f3runs, chats, geradores de blogs, coment\u00e1rios, redes sociais ou qualquer outro meio que permita a terceiros a publica\u00e7\u00e3o independente de conte\u00fados no website do RESPONS\u00c1VEL. Contudo, e em conformidade com as disposi\u00e7\u00f5es dos artigos 11 e 16 do LSSICE, coloca-se \u00e0 disposi\u00e7\u00e3o de todos os utilizadores, autoridades e for\u00e7as de seguran\u00e7a, colaborando activamente na remo\u00e7\u00e3o ou, quando apropriado, no bloqueio de todos os conte\u00fados que possam afectar ou infringir a legisla\u00e7\u00e3o nacional ou internacional, os direitos de terceiros ou a moralidade e a ordem p\u00fablica. No caso do utilizador considerar que existe algum conte\u00fado no website que possa ser suscept\u00edvel a esta classifica\u00e7\u00e3o, \u00e9 favor notificar imediatamente o administrador do website ERIA COMPONENTES ELECTRICOS SL.<br \/>\nEste website foi verificado e testado para garantir o seu correcto funcionamento. Em princ\u00edpio, o bom funcionamento pode ser garantido 365 dias por ano, 24 horas por dia. No entanto, a PARTE RESPONS\u00c1VEL n\u00e3o exclui a possibilidade de haver certos erros de programa\u00e7\u00e3o, ou de for\u00e7a maior, cat\u00e1strofes naturais, greves ou circunst\u00e2ncias semelhantes que impossibilitem o acesso ao website.<br \/>\n<strong>Endere\u00e7os IP<\/strong><br \/>\nOs servidores do website podem detectar automaticamente o endere\u00e7o IP e o nome de dom\u00ednio utilizado pelo utilizador. Um endere\u00e7o IP \u00e9 um n\u00famero atribu\u00eddo automaticamente a um computador quando este se liga \u00e0 Internet. Toda esta informa\u00e7\u00e3o \u00e9 registada num ficheiro de actividade do servidor que permite que os dados sejam processados posteriormente a fim de obter medi\u00e7\u00f5es puramente estat\u00edsticas do n\u00famero de impress\u00f5es da p\u00e1gina, do n\u00famero de visitas efectuadas aos servidores web, da ordem das visitas, do ponto de acesso, etc.<\/p>\n<p><strong>4. LEI APLIC\u00c1VEL E JURISDI\u00c7\u00c3O<\/strong><br \/>\nPara a resolu\u00e7\u00e3o de todas as disputas ou quest\u00f5es relacionadas com este website ou com as actividades nele realizadas, \u00e9 aplic\u00e1vel a legisla\u00e7\u00e3o espanhola, \u00e0 qual as partes se submetem expressamente, sendo competentes para a resolu\u00e7\u00e3o de todas as disputas decorrentes ou relacionadas com a sua utiliza\u00e7\u00e3o os Tribunais e Tribunais do domic\u00edlio do USU\u00c1RIO ou o local de cumprimento da obriga\u00e7\u00e3o.[\/vc_column_text][\/vc_column][\/vc_row]\n","protected":false},"excerpt":{"rendered":"<p>[vc_row type=&#8221;in_container&#8221; full_screen_row_position=&#8221;middle&#8221; column_margin=&#8221;default&#8221; column_direction=&#8221;default&#8221; column_direction_tablet=&#8221;default&#8221; column_direction_phone=&#8221;default&#8221; scene_position=&#8221;center&#8221; text_color=&#8221;dark&#8221; text_align=&#8221;left&#8221; row_border_radius=&#8221;none&#8221; row_border_radius_applies=&#8221;bg&#8221; overflow=&#8221;visible&#8221; overlay_strength=&#8221;0.3&#8243; gradient_direction=&#8221;left_to_right&#8221; shape_divider_position=&#8221;bottom&#8221; bg_image_animation=&#8221;none&#8221;][vc_column column_padding=&#8221;no-extra-padding&#8221; column_padding_tablet=&#8221;inherit&#8221; column_padding_phone=&#8221;inherit&#8221; column_padding_position=&#8221;all&#8221; column_element_direction_desktop=&#8221;default&#8221; column_element_spacing=&#8221;default&#8221; desktop_text_alignment=&#8221;default&#8221; tablet_text_alignment=&#8221;default&#8221;&#8230;<\/p>\n","protected":false},"author":4,"featured_media":0,"parent":0,"menu_order":0,"comment_status":"closed","ping_status":"closed","template":"","meta":{"footnotes":""},"class_list":["post-48385","page","type-page","status-publish"],"_links":{"self":[{"href":"https:\/\/eriacomponentes.es\/pt-pt\/wp-json\/wp\/v2\/pages\/48385","targetHints":{"allow":["GET"]}}],"collection":[{"href":"https:\/\/eriacomponentes.es\/pt-pt\/wp-json\/wp\/v2\/pages"}],"about":[{"href":"https:\/\/eriacomponentes.es\/pt-pt\/wp-json\/wp\/v2\/types\/page"}],"author":[{"embeddable":true,"href":"https:\/\/eriacomponentes.es\/pt-pt\/wp-json\/wp\/v2\/users\/4"}],"replies":[{"embeddable":true,"href":"https:\/\/eriacomponentes.es\/pt-pt\/wp-json\/wp\/v2\/comments?post=48385"}],"version-history":[{"count":6,"href":"https:\/\/eriacomponentes.es\/pt-pt\/wp-json\/wp\/v2\/pages\/48385\/revisions"}],"predecessor-version":[{"id":48442,"href":"https:\/\/eriacomponentes.es\/pt-pt\/wp-json\/wp\/v2\/pages\/48385\/revisions\/48442"}],"wp:attachment":[{"href":"https:\/\/eriacomponentes.es\/pt-pt\/wp-json\/wp\/v2\/media?parent=48385"}],"curies":[{"name":"wp","href":"https:\/\/api.w.org\/{rel}","templated":true}]}}